{"id":11657,"date":"2026-02-27T00:11:17","date_gmt":"2026-02-27T00:11:17","guid":{"rendered":"https:\/\/nordicmart.andreevmaster.com\/product\/songmics-kallarhylla-200-cm-hog-gra\/"},"modified":"2026-02-27T08:06:04","modified_gmt":"2026-02-27T08:06:04","slug":"songmics-kallarhylla-200-cm-hog-gra","status":"publish","type":"product","link":"https:\/\/nordicmart.andreevmaster.com\/sv\/produkt\/songmics-kallarhylla-200-cm-hog-gra\/","title":{"rendered":"SONGMICS k\u00e4llarhylla 200 cm h\u00f6g gr\u00e5"},"content":{"rendered":"<p>Produktdetaljer: F\u00e4rg: Gr\u00e5 Material: Pulverlackerat st\u00e5l, MDF (medeldensitetsfiberplatta) Storlek: 60 x 120 x 200 cm (D x B x H) Vikt: 22,8 kg Max. statisk belastningskapacitet per hylla: 175 kg Max. statisk belastningskapacitet totalt: 875 kg Leveransomfattning: 1 x lagerhylla 1 x tippskydd 1 x instruktioner SONGMICS Anm\u00e4rkningar:F\u00e4st produkten p\u00e5 v\u00e4ggen med det medf\u00f6ljande tippskyddet f\u00f6r att garantera s\u00e4kerheten under anv\u00e4ndning. Anv\u00e4nd alltid handskar vid montering. Placera inte produkten i en fuktig milj\u00f6. Den max. belastningskapaciteten i texten avser den statiska maxvikten.<\/p>\n","protected":false},"excerpt":{"rendered":"<p>SONGMICS tunglastst\u00e4ll, lagerst\u00e4ll, k\u00e4llarst\u00e4ll, 200 x 120 x 60 cm, belastningskapacitet upp till 875 kg, 5 justerbara hyllplan, metallst\u00e4ll, pluggst\u00e4ll, verkstadsst\u00e4ll, bl\u00e5tt GLR060Q01<\/p>\n","protected":false},"featured_media":40012,"comment_status":"open","ping_status":"closed","template":"","meta":[],"product_brand":[],"product_cat":[33],"product_tag":[],"class_list":{"0":"post-11657","1":"product","2":"type-product","3":"status-publish","4":"has-post-thumbnail","6":"product_cat-okategoriserad","8":"first","9":"instock","10":"shipping-taxable","11":"purchasable","12":"product-type-simple"},"_links":{"self":[{"href":"https:\/\/nordicmart.andreevmaster.com\/sv\/wp-json\/wp\/v2\/product\/11657","targetHints":{"allow":["GET"]}}],"collection":[{"href":"https:\/\/nordicmart.andreevmaster.com\/sv\/wp-json\/wp\/v2\/product"}],"about":[{"href":"https:\/\/nordicmart.andreevmaster.com\/sv\/wp-json\/wp\/v2\/types\/product"}],"replies":[{"embeddable":true,"href":"https:\/\/nordicmart.andreevmaster.com\/sv\/wp-json\/wp\/v2\/comments?post=11657"}],"wp:featuredmedia":[{"embeddable":true,"href":"https:\/\/nordicmart.andreevmaster.com\/sv\/wp-json\/wp\/v2\/media\/40012"}],"wp:attachment":[{"href":"https:\/\/nordicmart.andreevmaster.com\/sv\/wp-json\/wp\/v2\/media?parent=11657"}],"wp:term":[{"taxonomy":"product_brand","embeddable":true,"href":"https:\/\/nordicmart.andreevmaster.com\/sv\/wp-json\/wp\/v2\/product_brand?post=11657"},{"taxonomy":"product_cat","embeddable":true,"href":"https:\/\/nordicmart.andreevmaster.com\/sv\/wp-json\/wp\/v2\/product_cat?post=11657"},{"taxonomy":"product_tag","embeddable":true,"href":"https:\/\/nordicmart.andreevmaster.com\/sv\/wp-json\/wp\/v2\/product_tag?post=11657"}],"curies":[{"name":"wp","href":"https:\/\/api.w.org\/{rel}","templated":true}]}}