{"id":11654,"date":"2026-02-27T00:11:17","date_gmt":"2026-02-27T00:11:17","guid":{"rendered":"https:\/\/nordicmart.andreevmaster.com\/product\/songmics-stativhylla-med-5-hyllplan-i-industriell-design\/"},"modified":"2026-02-27T08:06:03","modified_gmt":"2026-02-27T08:06:03","slug":"songmics-stativhylla-med-5-hyllplan-i-industriell-design","status":"publish","type":"product","link":"https:\/\/nordicmart.andreevmaster.com\/sv\/produkt\/songmics-stativhylla-med-5-hyllplan-i-industriell-design\/","title":{"rendered":"SONGMICS stativhylla med 5 hyllplan i industriell design"},"content":{"rendered":"<p>SONGMICS tunglastst\u00e4ll, lagerst\u00e4ll, k\u00e4llarst\u00e4ll, 200 x 120 x 60 cm, belastningskapacitet upp till 875 kg, 5 justerbara hyllplan, metallst\u00e4ll, pluggst\u00e4ll, verkstadsst\u00e4ll, bl\u00e5tt GLR060Q01<br \/>\nF\u00e4rg: Vintagebrun-svart<br \/>\nMaterial: st\u00e5l, MDF (medeldensitetsfiberplatta)<br \/>\nStorlek: 60 x 120 x 200 cm (D x B x H)<br \/>\nVikt: 22,8 kg<br \/>\nMax. statisk belastningskapacitet per niv\u00e5: 150 kg<br \/>\nMax. statisk belastningskapacitet totalt: 750 kg<\/p>\n","protected":false},"excerpt":{"rendered":"<p>SONGMICS tunglastst\u00e4ll, lagerst\u00e4ll, k\u00e4llarst\u00e4ll, 200 x 120 x 60 cm, belastningskapacitet upp till 875 kg, 5 justerbara hyllplan, metallst\u00e4ll, pluggst\u00e4ll, verkstadsst\u00e4ll, bl\u00e5tt GLR060Q01<\/p>\n","protected":false},"featured_media":40009,"comment_status":"open","ping_status":"closed","template":"","meta":[],"product_brand":[],"product_cat":[33],"product_tag":[],"class_list":{"0":"post-11654","1":"product","2":"type-product","3":"status-publish","4":"has-post-thumbnail","6":"product_cat-okategoriserad","8":"first","9":"instock","10":"shipping-taxable","11":"purchasable","12":"product-type-simple"},"_links":{"self":[{"href":"https:\/\/nordicmart.andreevmaster.com\/sv\/wp-json\/wp\/v2\/product\/11654","targetHints":{"allow":["GET"]}}],"collection":[{"href":"https:\/\/nordicmart.andreevmaster.com\/sv\/wp-json\/wp\/v2\/product"}],"about":[{"href":"https:\/\/nordicmart.andreevmaster.com\/sv\/wp-json\/wp\/v2\/types\/product"}],"replies":[{"embeddable":true,"href":"https:\/\/nordicmart.andreevmaster.com\/sv\/wp-json\/wp\/v2\/comments?post=11654"}],"wp:featuredmedia":[{"embeddable":true,"href":"https:\/\/nordicmart.andreevmaster.com\/sv\/wp-json\/wp\/v2\/media\/40009"}],"wp:attachment":[{"href":"https:\/\/nordicmart.andreevmaster.com\/sv\/wp-json\/wp\/v2\/media?parent=11654"}],"wp:term":[{"taxonomy":"product_brand","embeddable":true,"href":"https:\/\/nordicmart.andreevmaster.com\/sv\/wp-json\/wp\/v2\/product_brand?post=11654"},{"taxonomy":"product_cat","embeddable":true,"href":"https:\/\/nordicmart.andreevmaster.com\/sv\/wp-json\/wp\/v2\/product_cat?post=11654"},{"taxonomy":"product_tag","embeddable":true,"href":"https:\/\/nordicmart.andreevmaster.com\/sv\/wp-json\/wp\/v2\/product_tag?post=11654"}],"curies":[{"name":"wp","href":"https:\/\/api.w.org\/{rel}","templated":true}]}}