{"id":11652,"date":"2026-02-27T00:11:16","date_gmt":"2026-02-27T00:11:16","guid":{"rendered":"https:\/\/nordicmart.andreevmaster.com\/product\/songmics-tunglaststall-med-5-nivaer\/"},"modified":"2026-02-27T08:06:03","modified_gmt":"2026-02-27T08:06:03","slug":"songmics-tunglaststall-med-5-nivaer","status":"publish","type":"product","link":"https:\/\/nordicmart.andreevmaster.com\/sv\/produkt\/songmics-tunglaststall-med-5-nivaer\/","title":{"rendered":"SONGMICS tunglastst\u00e4ll med 5 niv\u00e5er"},"content":{"rendered":"<p>Ligger tr\u00e4dg\u00e5rdsredskap och olika redskap utspridda i ditt garage? Har du sv\u00e5rt att hitta de saker du beh\u00f6ver? D\u00e5 \u00e4r det h\u00f6g tid att utrusta ditt garage med detta lagerst\u00e4ll och f\u00e5 ordning p\u00e5 kaoset. De viktigaste sk\u00e4len till varf\u00f6r detta st\u00e4llsystem fr\u00e5n SONGMICS \u00e4r precis r\u00e4tt f\u00f6r dig: Det f\u00f6rst\u00e4rkta st\u00e5lstativet och hyllorna av MDF ger ett starkt st\u00f6d.Tv\u00e4rst\u00e4ngerna under varje hyllplan \u00f6kar stabiliteten. St\u00e5let \u00e4r rostbest\u00e4ndigt och slitstarkt. Varje hylla t\u00e5l vikter upp till 175 kg. Avst\u00e5ndet mellan de enskilda hyllplanerna \u00e4r flexibelt justerbart. Du kan dessutom dela upp hyllan i tv\u00e5 delar. Den medf\u00f6ljande tippskyddet garanterar s\u00e4ker anv\u00e4ndning. Hyllan \u00e4r l\u00e4mplig f\u00f6r k\u00e4llarrum, verkst\u00e4der och aff\u00e4rslokaler.Produktdetaljer: F\u00e4rg: Svart Material: St\u00e5l, MDF (medeldensitetsfiberplatta) Storlek: 200 x 120 x 60 cm (H x L x B) Vikt: 22,8 kg Max. statisk belastningskapacitet per hyllplan: 175 kg Leveransomfattning: 1 x lagerhylla 1 x tippskydd 1 x instruktioner SONGMICS Anm\u00e4rkningar:Anv\u00e4nd alltid handskar vid montering. Placera inte produkten i en fuktig milj\u00f6. Den maximala belastningskapaciteten i texten avser den statiska maximala vikten.<\/p>\n","protected":false},"excerpt":{"rendered":"<p>SONGMICS tunglastst\u00e4ll, lagerst\u00e4ll, k\u00e4llarst\u00e4ll, 200 x 120 x 60 cm, belastningskapacitet upp till 875 kg, 5 justerbara hyllplan, metallst\u00e4ll, pluggst\u00e4ll, verkstadsst\u00e4ll, bl\u00e5tt GLR060Q01<\/p>\n","protected":false},"featured_media":40007,"comment_status":"open","ping_status":"closed","template":"","meta":[],"product_brand":[],"product_cat":[33],"product_tag":[],"class_list":{"0":"post-11652","1":"product","2":"type-product","3":"status-publish","4":"has-post-thumbnail","6":"product_cat-okategoriserad","8":"first","9":"instock","10":"shipping-taxable","11":"purchasable","12":"product-type-simple"},"_links":{"self":[{"href":"https:\/\/nordicmart.andreevmaster.com\/sv\/wp-json\/wp\/v2\/product\/11652","targetHints":{"allow":["GET"]}}],"collection":[{"href":"https:\/\/nordicmart.andreevmaster.com\/sv\/wp-json\/wp\/v2\/product"}],"about":[{"href":"https:\/\/nordicmart.andreevmaster.com\/sv\/wp-json\/wp\/v2\/types\/product"}],"replies":[{"embeddable":true,"href":"https:\/\/nordicmart.andreevmaster.com\/sv\/wp-json\/wp\/v2\/comments?post=11652"}],"wp:featuredmedia":[{"embeddable":true,"href":"https:\/\/nordicmart.andreevmaster.com\/sv\/wp-json\/wp\/v2\/media\/40007"}],"wp:attachment":[{"href":"https:\/\/nordicmart.andreevmaster.com\/sv\/wp-json\/wp\/v2\/media?parent=11652"}],"wp:term":[{"taxonomy":"product_brand","embeddable":true,"href":"https:\/\/nordicmart.andreevmaster.com\/sv\/wp-json\/wp\/v2\/product_brand?post=11652"},{"taxonomy":"product_cat","embeddable":true,"href":"https:\/\/nordicmart.andreevmaster.com\/sv\/wp-json\/wp\/v2\/product_cat?post=11652"},{"taxonomy":"product_tag","embeddable":true,"href":"https:\/\/nordicmart.andreevmaster.com\/sv\/wp-json\/wp\/v2\/product_tag?post=11652"}],"curies":[{"name":"wp","href":"https:\/\/api.w.org\/{rel}","templated":true}]}}