{"id":11651,"date":"2026-02-27T00:11:16","date_gmt":"2026-02-27T00:11:16","guid":{"rendered":"https:\/\/nordicmart.andreevmaster.com\/product\/songmics-hornhyllset-4-nivaer-av-metall-silver-naturbeige\/"},"modified":"2026-02-27T08:06:03","modified_gmt":"2026-02-27T08:06:03","slug":"songmics-hornhyllset-4-nivaer-av-metall-silver-naturbeige","status":"publish","type":"product","link":"https:\/\/nordicmart.andreevmaster.com\/sv\/produkt\/songmics-hornhyllset-4-nivaer-av-metall-silver-naturbeige\/","title":{"rendered":"SONGMICS h\u00f6rnhyllset 4 niv\u00e5er av metall, silver-naturbeige"},"content":{"rendered":"<p>SONGMICS h\u00f6rnhyllset 4 niv\u00e5er, tunglastst\u00e4ll, metall, lagerhylla f\u00f6r garage, f\u00f6rr\u00e5d, k\u00e4llarhylla, belastningskapacitet upp till 1500 kg<br \/>\nF\u00e4rg: Silver-naturbeige<br \/>\nMaterial: F\u00f6rzinkat st\u00e5l, MDF (medeldensitetsfiberplatta)<br \/>\nStorlek p\u00e5 hyllsetet: 160 x 160 x 160 cm (D x B x H)<br \/>\nStorlek p\u00e5 h\u00f6rnhyllan: 80 x 80 x 160 cm (D x B x H)<br \/>\nStorlek p\u00e5 varje rektangul\u00e4rt hyllsystem p\u00e5 b\u00e5da sidor: 40 x 80 x 160 cm (D x B x H)<br \/>\nVikt f\u00f6r h\u00f6rnhyllan: 14,5 kg<br \/>\nVikt f\u00f6r varje rektangul\u00e4rt hyllplan p\u00e5 b\u00e5da sidor: 10,5 kg<br \/>\nMax. statisk belastningskapacitet per hylla: 125 kg<br \/>\nMax. statisk belastningskapacitet totalt: 1500 kg<\/p>\n","protected":false},"excerpt":{"rendered":"<p>SONGMICS h\u00f6rnhyllset 4 niv\u00e5er, tunglastst\u00e4ll, metall, lagerhylla f\u00f6r garage, f\u00f6rr\u00e5d, k\u00e4llarhylla, belastningskapacitet upp till 1500 kg<\/p>\n","protected":false},"featured_media":40006,"comment_status":"open","ping_status":"closed","template":"","meta":[],"product_brand":[],"product_cat":[33],"product_tag":[],"class_list":{"0":"post-11651","1":"product","2":"type-product","3":"status-publish","4":"has-post-thumbnail","6":"product_cat-okategoriserad","8":"first","9":"instock","10":"shipping-taxable","11":"purchasable","12":"product-type-simple"},"_links":{"self":[{"href":"https:\/\/nordicmart.andreevmaster.com\/sv\/wp-json\/wp\/v2\/product\/11651","targetHints":{"allow":["GET"]}}],"collection":[{"href":"https:\/\/nordicmart.andreevmaster.com\/sv\/wp-json\/wp\/v2\/product"}],"about":[{"href":"https:\/\/nordicmart.andreevmaster.com\/sv\/wp-json\/wp\/v2\/types\/product"}],"replies":[{"embeddable":true,"href":"https:\/\/nordicmart.andreevmaster.com\/sv\/wp-json\/wp\/v2\/comments?post=11651"}],"wp:featuredmedia":[{"embeddable":true,"href":"https:\/\/nordicmart.andreevmaster.com\/sv\/wp-json\/wp\/v2\/media\/40006"}],"wp:attachment":[{"href":"https:\/\/nordicmart.andreevmaster.com\/sv\/wp-json\/wp\/v2\/media?parent=11651"}],"wp:term":[{"taxonomy":"product_brand","embeddable":true,"href":"https:\/\/nordicmart.andreevmaster.com\/sv\/wp-json\/wp\/v2\/product_brand?post=11651"},{"taxonomy":"product_cat","embeddable":true,"href":"https:\/\/nordicmart.andreevmaster.com\/sv\/wp-json\/wp\/v2\/product_cat?post=11651"},{"taxonomy":"product_tag","embeddable":true,"href":"https:\/\/nordicmart.andreevmaster.com\/sv\/wp-json\/wp\/v2\/product_tag?post=11651"}],"curies":[{"name":"wp","href":"https:\/\/api.w.org\/{rel}","templated":true}]}}