{"id":11643,"date":"2026-02-27T00:11:14","date_gmt":"2026-02-27T00:11:14","guid":{"rendered":"https:\/\/nordicmart.andreevmaster.com\/product\/songmics-justerbart-stativstall-med-5-hyllplan-50-x-100-x-200-cm-grabeige-svart\/"},"modified":"2026-02-27T08:06:02","modified_gmt":"2026-02-27T08:06:02","slug":"songmics-justerbart-stativstall-med-5-hyllplan-50-x-100-x-200-cm-grabeige-svart","status":"publish","type":"product","link":"https:\/\/nordicmart.andreevmaster.com\/sv\/produkt\/songmics-justerbart-stativstall-med-5-hyllplan-50-x-100-x-200-cm-grabeige-svart\/","title":{"rendered":"SONGMICS justerbart stativst\u00e4ll med 5 hyllplan 50 x 100 x 200 cm gr\u00e5beige-svart"},"content":{"rendered":"<p>SONGMICS lagerhyllor, tunga hyllor, 2-pack, k\u00e4llarhyllor, 180 x 90 x 40 cm, belastningskapacitet upp till 875 kg, hyllor, plugghyllor, f\u00f6rst\u00e4rkt st\u00e5lram, 5 justerbara hyllplan, silver GLR040E02<br \/>\nF\u00e4rg: Greige-svart<br \/>\nMaterial: St\u00e5l, MDF (medeldensitetsfiberplatta)<br \/>\nStorlek: 50 x 100 x 200 cm (D x B x H)<br \/>\nVikt: 15,7 kg<br \/>\nMax. statisk belastningskapacitet per niv\u00e5: 120 kg<br \/>\nMax. statisk belastningskapacitet totalt: 600 kg<\/p>\n","protected":false},"excerpt":{"rendered":"<p>SONGMICS lagerhyllor, tunga hyllor, 2-pack, k\u00e4llarhyllor, 180 x 90 x 40 cm, belastningskapacitet upp till 875 kg, hyllor, plugghyllor, f\u00f6rst\u00e4rkt st\u00e5lram, 5 justerbara hyllplan, silver GLR040E02<\/p>\n","protected":false},"featured_media":39998,"comment_status":"open","ping_status":"closed","template":"","meta":[],"product_brand":[],"product_cat":[33],"product_tag":[],"class_list":{"0":"post-11643","1":"product","2":"type-product","3":"status-publish","4":"has-post-thumbnail","6":"product_cat-okategoriserad","8":"first","9":"instock","10":"shipping-taxable","11":"purchasable","12":"product-type-simple"},"_links":{"self":[{"href":"https:\/\/nordicmart.andreevmaster.com\/sv\/wp-json\/wp\/v2\/product\/11643","targetHints":{"allow":["GET"]}}],"collection":[{"href":"https:\/\/nordicmart.andreevmaster.com\/sv\/wp-json\/wp\/v2\/product"}],"about":[{"href":"https:\/\/nordicmart.andreevmaster.com\/sv\/wp-json\/wp\/v2\/types\/product"}],"replies":[{"embeddable":true,"href":"https:\/\/nordicmart.andreevmaster.com\/sv\/wp-json\/wp\/v2\/comments?post=11643"}],"wp:featuredmedia":[{"embeddable":true,"href":"https:\/\/nordicmart.andreevmaster.com\/sv\/wp-json\/wp\/v2\/media\/39998"}],"wp:attachment":[{"href":"https:\/\/nordicmart.andreevmaster.com\/sv\/wp-json\/wp\/v2\/media?parent=11643"}],"wp:term":[{"taxonomy":"product_brand","embeddable":true,"href":"https:\/\/nordicmart.andreevmaster.com\/sv\/wp-json\/wp\/v2\/product_brand?post=11643"},{"taxonomy":"product_cat","embeddable":true,"href":"https:\/\/nordicmart.andreevmaster.com\/sv\/wp-json\/wp\/v2\/product_cat?post=11643"},{"taxonomy":"product_tag","embeddable":true,"href":"https:\/\/nordicmart.andreevmaster.com\/sv\/wp-json\/wp\/v2\/product_tag?post=11643"}],"curies":[{"name":"wp","href":"https:\/\/api.w.org\/{rel}","templated":true}]}}