{"id":11642,"date":"2026-02-27T00:11:14","date_gmt":"2026-02-27T00:11:14","guid":{"rendered":"https:\/\/nordicmart.andreevmaster.com\/product\/songmics-2-pack-stativhyllor-200-cm-hoga\/"},"modified":"2026-02-27T08:06:01","modified_gmt":"2026-02-27T08:06:01","slug":"songmics-2-pack-stativhyllor-200-cm-hoga","status":"publish","type":"product","link":"https:\/\/nordicmart.andreevmaster.com\/sv\/produkt\/songmics-2-pack-stativhyllor-200-cm-hoga\/","title":{"rendered":"SONGMICS 2-pack stativhyllor 200 cm h\u00f6ga"},"content":{"rendered":"<p>Produktdetaljer: F\u00e4rg: Vintagebrun-svart Material: Sp\u00e5nskiva, st\u00e5l Storlek per hyllplan: 50 x 100 x 200 cm (D x B x H)Vikt per hyllplan: 18 kgMax. statisk belastningskapacitet per niv\u00e5: 120 kgMax. statisk belastningskapacitet per hyllplan: 600 kgLeveransomfattning:2 x tunglastst\u00e4ll2 x tippskydd1 x instruktionerSONGMICS Anm\u00e4rkningar:F\u00e4st denna produkt p\u00e5 v\u00e4ggen med det medf\u00f6ljande tippskyddet f\u00f6r att garantera s\u00e4ker anv\u00e4ndning. Anv\u00e4nd alltid handskar vid montering. Placera inte produkten i en fuktig milj\u00f6.Den maximala belastningskapaciteten i texten avser den statiska maximala vikten. Produkten levereras i tv\u00e5 paket. Var t\u00e5lmodig om du f\u00f6rst endast f\u00e5r ett paket. Det andra paketet b\u00f6r anl\u00e4nda kort d\u00e4refter.<\/p>\n","protected":false},"excerpt":{"rendered":"<p>SONGMICS lagerhyllor, tunga hyllor, 2-pack, k\u00e4llarhyllor, 180 x 90 x 40 cm, belastningskapacitet upp till 875 kg, hyllor, plugghyllor, f\u00f6rst\u00e4rkt st\u00e5lram, 5 justerbara hyllplan, silver GLR040E02<\/p>\n","protected":false},"featured_media":39997,"comment_status":"open","ping_status":"closed","template":"","meta":[],"product_brand":[],"product_cat":[33],"product_tag":[],"class_list":{"0":"post-11642","1":"product","2":"type-product","3":"status-publish","4":"has-post-thumbnail","6":"product_cat-okategoriserad","8":"first","9":"instock","10":"shipping-taxable","11":"purchasable","12":"product-type-simple"},"_links":{"self":[{"href":"https:\/\/nordicmart.andreevmaster.com\/sv\/wp-json\/wp\/v2\/product\/11642","targetHints":{"allow":["GET"]}}],"collection":[{"href":"https:\/\/nordicmart.andreevmaster.com\/sv\/wp-json\/wp\/v2\/product"}],"about":[{"href":"https:\/\/nordicmart.andreevmaster.com\/sv\/wp-json\/wp\/v2\/types\/product"}],"replies":[{"embeddable":true,"href":"https:\/\/nordicmart.andreevmaster.com\/sv\/wp-json\/wp\/v2\/comments?post=11642"}],"wp:featuredmedia":[{"embeddable":true,"href":"https:\/\/nordicmart.andreevmaster.com\/sv\/wp-json\/wp\/v2\/media\/39997"}],"wp:attachment":[{"href":"https:\/\/nordicmart.andreevmaster.com\/sv\/wp-json\/wp\/v2\/media?parent=11642"}],"wp:term":[{"taxonomy":"product_brand","embeddable":true,"href":"https:\/\/nordicmart.andreevmaster.com\/sv\/wp-json\/wp\/v2\/product_brand?post=11642"},{"taxonomy":"product_cat","embeddable":true,"href":"https:\/\/nordicmart.andreevmaster.com\/sv\/wp-json\/wp\/v2\/product_cat?post=11642"},{"taxonomy":"product_tag","embeddable":true,"href":"https:\/\/nordicmart.andreevmaster.com\/sv\/wp-json\/wp\/v2\/product_tag?post=11642"}],"curies":[{"name":"wp","href":"https:\/\/api.w.org\/{rel}","templated":true}]}}