{"id":11641,"date":"2026-02-27T00:11:14","date_gmt":"2026-02-27T00:11:14","guid":{"rendered":"https:\/\/nordicmart.andreevmaster.com\/product\/songmics-stativhylla-med-metallram\/"},"modified":"2026-02-27T08:06:01","modified_gmt":"2026-02-27T08:06:01","slug":"songmics-stativhylla-med-metallram","status":"publish","type":"product","link":"https:\/\/nordicmart.andreevmaster.com\/sv\/produkt\/songmics-stativhylla-med-metallram\/","title":{"rendered":"SONGMICS stativhylla med metallram"},"content":{"rendered":"<p>F\u00f6rdelarna med detta st\u00e4ll fr\u00e5n SONGMICS i korthet: St\u00e5lkonstruktionen ger stabilt st\u00f6d De f\u00f6rst\u00e4rkta tv\u00e4rst\u00e4ngerna under varje metallhylla ger extra stabilitet Den pulverlackerade ytan \u00e4r rostbest\u00e4ndig och robust Varje hylla kan b\u00e4ra upp till 120 kg Varje hylla \u00e4r h\u00f6j- och s\u00e4nkbar; hyllan kan \u00e4ven anv\u00e4ndas separat. Den medf\u00f6ljande tippskyddet garanterar s\u00e4ker och stabil anv\u00e4ndning. L\u00e4mplig f\u00f6r k\u00e4llare, k\u00f6k, vardagsrum, balkong, kontor och garage. Produktdetaljer:F\u00e4rg: Vintagebrun-svart Material: Sp\u00e5nskiva, st\u00e5l Storlek: 50 x 100 x 200 cm (D x B x H) Vikt: 18 kg Max. statisk belastningskapacitet per niv\u00e5: 120 kg Max. statisk belastningskapacitet totalt: 600 kg Leveransomfattning: 1 x tunglastst\u00e4ll 1 x tippskydd 1 x instruktioner SONGICs anvisningar:F\u00e4st denna produkt p\u00e5 v\u00e4ggen med det medf\u00f6ljande tippskyddet f\u00f6r att garantera s\u00e4ker anv\u00e4ndning. Anv\u00e4nd alltid handskar vid montering. Placera inte produkten i en fuktig milj\u00f6. Den maximala belastningskapaciteten i texten avser den statiska maximala vikten.<\/p>\n","protected":false},"excerpt":{"rendered":"<p>SONGMICS lagerhyllor, tunga hyllor, 2-pack, k\u00e4llarhyllor, 180 x 90 x 40 cm, belastningskapacitet upp till 875 kg, hyllor, plugghyllor, f\u00f6rst\u00e4rkt st\u00e5lram, 5 justerbara hyllplan, silver GLR040E02<\/p>\n","protected":false},"featured_media":39996,"comment_status":"open","ping_status":"closed","template":"","meta":[],"product_brand":[],"product_cat":[33],"product_tag":[],"class_list":{"0":"post-11641","1":"product","2":"type-product","3":"status-publish","4":"has-post-thumbnail","6":"product_cat-okategoriserad","8":"first","9":"instock","10":"shipping-taxable","11":"purchasable","12":"product-type-simple"},"_links":{"self":[{"href":"https:\/\/nordicmart.andreevmaster.com\/sv\/wp-json\/wp\/v2\/product\/11641","targetHints":{"allow":["GET"]}}],"collection":[{"href":"https:\/\/nordicmart.andreevmaster.com\/sv\/wp-json\/wp\/v2\/product"}],"about":[{"href":"https:\/\/nordicmart.andreevmaster.com\/sv\/wp-json\/wp\/v2\/types\/product"}],"replies":[{"embeddable":true,"href":"https:\/\/nordicmart.andreevmaster.com\/sv\/wp-json\/wp\/v2\/comments?post=11641"}],"wp:featuredmedia":[{"embeddable":true,"href":"https:\/\/nordicmart.andreevmaster.com\/sv\/wp-json\/wp\/v2\/media\/39996"}],"wp:attachment":[{"href":"https:\/\/nordicmart.andreevmaster.com\/sv\/wp-json\/wp\/v2\/media?parent=11641"}],"wp:term":[{"taxonomy":"product_brand","embeddable":true,"href":"https:\/\/nordicmart.andreevmaster.com\/sv\/wp-json\/wp\/v2\/product_brand?post=11641"},{"taxonomy":"product_cat","embeddable":true,"href":"https:\/\/nordicmart.andreevmaster.com\/sv\/wp-json\/wp\/v2\/product_cat?post=11641"},{"taxonomy":"product_tag","embeddable":true,"href":"https:\/\/nordicmart.andreevmaster.com\/sv\/wp-json\/wp\/v2\/product_tag?post=11641"}],"curies":[{"name":"wp","href":"https:\/\/api.w.org\/{rel}","templated":true}]}}