{"id":11635,"date":"2026-02-27T00:11:12","date_gmt":"2026-02-27T00:11:12","guid":{"rendered":"https:\/\/nordicmart.andreevmaster.com\/product\/songmics-stativhylla-40-x-80-x-160-cm-med-4-justerbara-hyllplan\/"},"modified":"2026-02-27T08:06:00","modified_gmt":"2026-02-27T08:06:00","slug":"songmics-stativhylla-40-x-80-x-160-cm-med-4-justerbara-hyllplan","status":"publish","type":"product","link":"https:\/\/nordicmart.andreevmaster.com\/sv\/produkt\/songmics-stativhylla-40-x-80-x-160-cm-med-4-justerbara-hyllplan\/","title":{"rendered":"SONGMICS stativhylla 40 x 80 x 160 cm med 4 justerbara hyllplan"},"content":{"rendered":"<p>SONGMICS lagerhylla med 4 hyllplan, tunglastshylla i metall, hyllsystem, belastningskapacitet upp till 520 kg (130 kg per hyllplan), h\u00f6jdjusterbar, verktygshylla, 160 x 80 x 40, garage, k\u00e4llare, bl\u00e5 GLR44Q<br \/>\nF\u00e4rg: Greige-svart<br \/>\nMaterial: St\u00e5l, MDF (medeldensitetsfiberplatta)<br \/>\nStorlek: 40 x 80 x 160 cm (D x B x H)<br \/>\nVikt: 10,5 kg<br \/>\nMax. statisk belastningskapacitet per niv\u00e5: 130 kg<br \/>\nMax. statisk belastningskapacitet totalt: 520 kg<\/p>\n","protected":false},"excerpt":{"rendered":"<p>SONGMICS lagerhylla med 4 hyllplan, tunglastshylla i metall, hyllsystem, belastningskapacitet upp till 520 kg (130 kg per hyllplan), h\u00f6jdjusterbar, verktygshylla, 160 x 80 x 40, garage, k\u00e4llare, bl\u00e5 GLR44Q<\/p>\n","protected":false},"featured_media":39990,"comment_status":"open","ping_status":"closed","template":"","meta":[],"product_brand":[],"product_cat":[33],"product_tag":[],"class_list":{"0":"post-11635","1":"product","2":"type-product","3":"status-publish","4":"has-post-thumbnail","6":"product_cat-okategoriserad","8":"first","9":"instock","10":"shipping-taxable","11":"purchasable","12":"product-type-simple"},"_links":{"self":[{"href":"https:\/\/nordicmart.andreevmaster.com\/sv\/wp-json\/wp\/v2\/product\/11635","targetHints":{"allow":["GET"]}}],"collection":[{"href":"https:\/\/nordicmart.andreevmaster.com\/sv\/wp-json\/wp\/v2\/product"}],"about":[{"href":"https:\/\/nordicmart.andreevmaster.com\/sv\/wp-json\/wp\/v2\/types\/product"}],"replies":[{"embeddable":true,"href":"https:\/\/nordicmart.andreevmaster.com\/sv\/wp-json\/wp\/v2\/comments?post=11635"}],"wp:featuredmedia":[{"embeddable":true,"href":"https:\/\/nordicmart.andreevmaster.com\/sv\/wp-json\/wp\/v2\/media\/39990"}],"wp:attachment":[{"href":"https:\/\/nordicmart.andreevmaster.com\/sv\/wp-json\/wp\/v2\/media?parent=11635"}],"wp:term":[{"taxonomy":"product_brand","embeddable":true,"href":"https:\/\/nordicmart.andreevmaster.com\/sv\/wp-json\/wp\/v2\/product_brand?post=11635"},{"taxonomy":"product_cat","embeddable":true,"href":"https:\/\/nordicmart.andreevmaster.com\/sv\/wp-json\/wp\/v2\/product_cat?post=11635"},{"taxonomy":"product_tag","embeddable":true,"href":"https:\/\/nordicmart.andreevmaster.com\/sv\/wp-json\/wp\/v2\/product_tag?post=11635"}],"curies":[{"name":"wp","href":"https:\/\/api.w.org\/{rel}","templated":true}]}}