{"id":11627,"date":"2026-02-27T00:11:10","date_gmt":"2026-02-27T00:11:10","guid":{"rendered":"https:\/\/nordicmart.andreevmaster.com\/product\/songmics-2-pack-kallarhyllor-180-cm-hoga-gra\/"},"modified":"2026-02-27T08:05:59","modified_gmt":"2026-02-27T08:05:59","slug":"songmics-2-pack-kallarhyllor-180-cm-hoga-gra","status":"publish","type":"product","link":"https:\/\/nordicmart.andreevmaster.com\/sv\/produkt\/songmics-2-pack-kallarhyllor-180-cm-hoga-gra\/","title":{"rendered":"SONGMICS 2-pack k\u00e4llarhyllor 180 cm h\u00f6ga gr\u00e5"},"content":{"rendered":"<p>SONGMICS lagerhyllor, tunga hyllor, 2-pack, k\u00e4llarhyllor, 180 x 90 x 40 cm, belastningskapacitet upp till 875 kg, hyllor, plugghyllor, f\u00f6rst\u00e4rkt st\u00e5lram, 5 justerbara hyllplan, silver GLR040E02<\/p>\n","protected":false},"excerpt":{"rendered":"<p>SONGMICS lagerhyllor, tunga hyllor, 2-pack, k\u00e4llarhyllor, 180 x 90 x 40 cm, belastningskapacitet upp till 875 kg, hyllor, plugghyllor, f\u00f6rst\u00e4rkt st\u00e5lram, 5 justerbara hyllplan, silver GLR040E02<\/p>\n","protected":false},"featured_media":39984,"comment_status":"open","ping_status":"closed","template":"","meta":[],"product_brand":[],"product_cat":[33],"product_tag":[],"class_list":{"0":"post-11627","1":"product","2":"type-product","3":"status-publish","4":"has-post-thumbnail","6":"product_cat-okategoriserad","8":"first","9":"instock","10":"shipping-taxable","11":"purchasable","12":"product-type-simple"},"_links":{"self":[{"href":"https:\/\/nordicmart.andreevmaster.com\/sv\/wp-json\/wp\/v2\/product\/11627","targetHints":{"allow":["GET"]}}],"collection":[{"href":"https:\/\/nordicmart.andreevmaster.com\/sv\/wp-json\/wp\/v2\/product"}],"about":[{"href":"https:\/\/nordicmart.andreevmaster.com\/sv\/wp-json\/wp\/v2\/types\/product"}],"replies":[{"embeddable":true,"href":"https:\/\/nordicmart.andreevmaster.com\/sv\/wp-json\/wp\/v2\/comments?post=11627"}],"wp:featuredmedia":[{"embeddable":true,"href":"https:\/\/nordicmart.andreevmaster.com\/sv\/wp-json\/wp\/v2\/media\/39984"}],"wp:attachment":[{"href":"https:\/\/nordicmart.andreevmaster.com\/sv\/wp-json\/wp\/v2\/media?parent=11627"}],"wp:term":[{"taxonomy":"product_brand","embeddable":true,"href":"https:\/\/nordicmart.andreevmaster.com\/sv\/wp-json\/wp\/v2\/product_brand?post=11627"},{"taxonomy":"product_cat","embeddable":true,"href":"https:\/\/nordicmart.andreevmaster.com\/sv\/wp-json\/wp\/v2\/product_cat?post=11627"},{"taxonomy":"product_tag","embeddable":true,"href":"https:\/\/nordicmart.andreevmaster.com\/sv\/wp-json\/wp\/v2\/product_tag?post=11627"}],"curies":[{"name":"wp","href":"https:\/\/api.w.org\/{rel}","templated":true}]}}