{"id":11623,"date":"2026-02-27T00:11:10","date_gmt":"2026-02-27T00:11:10","guid":{"rendered":"https:\/\/nordicmart.andreevmaster.com\/product\/songmics-2-pack-stativhyllor-180-cm-hoga\/"},"modified":"2026-02-27T08:05:58","modified_gmt":"2026-02-27T08:05:58","slug":"songmics-2-pack-stativhyllor-180-cm-hoga","status":"publish","type":"product","link":"https:\/\/nordicmart.andreevmaster.com\/sv\/produkt\/songmics-2-pack-stativhyllor-180-cm-hoga\/","title":{"rendered":"SONGMICS 2-pack stativhyllor 180 cm h\u00f6ga"},"content":{"rendered":"<p>Produktdetaljer: F\u00e4rg: Gr\u00e5 Material: Pulverlackerat st\u00e5l, MDF (medeldensitetsfiberplatta) Storlek: 50 x 100 x 200 cm (D x B x H) Vikt: 15,7 kg Max. statisk belastningskapacitet per hylla: 120 kg Max. statisk belastningskapacitet totalt: 600 kg Leveransomfattning: 1 x lagerhylla 1 x tippskydd 1 x instruktioner SONGICs anvisningar:F\u00e4st produkten p\u00e5 v\u00e4ggen med det medf\u00f6ljande tippskyddet f\u00f6r att garantera s\u00e4kerheten under anv\u00e4ndning. Anv\u00e4nd alltid handskar vid montering. Placera inte produkten i en fuktig milj\u00f6. Den max. belastningskapaciteten i texten avser den statiska maxvikten.<\/p>\n","protected":false},"excerpt":{"rendered":"<p>SONGMICS lagerhyllor, tunga hyllor, 2-pack, k\u00e4llarhyllor, 180 x 90 x 40 cm, belastningskapacitet upp till 875 kg, hyllor, plugghyllor, f\u00f6rst\u00e4rkt st\u00e5lram, 5 justerbara hyllplan, silver GLR040E02<\/p>\n","protected":false},"featured_media":39982,"comment_status":"open","ping_status":"closed","template":"","meta":[],"product_brand":[],"product_cat":[33],"product_tag":[],"class_list":{"0":"post-11623","1":"product","2":"type-product","3":"status-publish","4":"has-post-thumbnail","6":"product_cat-okategoriserad","8":"first","9":"instock","10":"shipping-taxable","11":"purchasable","12":"product-type-simple"},"_links":{"self":[{"href":"https:\/\/nordicmart.andreevmaster.com\/sv\/wp-json\/wp\/v2\/product\/11623","targetHints":{"allow":["GET"]}}],"collection":[{"href":"https:\/\/nordicmart.andreevmaster.com\/sv\/wp-json\/wp\/v2\/product"}],"about":[{"href":"https:\/\/nordicmart.andreevmaster.com\/sv\/wp-json\/wp\/v2\/types\/product"}],"replies":[{"embeddable":true,"href":"https:\/\/nordicmart.andreevmaster.com\/sv\/wp-json\/wp\/v2\/comments?post=11623"}],"wp:featuredmedia":[{"embeddable":true,"href":"https:\/\/nordicmart.andreevmaster.com\/sv\/wp-json\/wp\/v2\/media\/39982"}],"wp:attachment":[{"href":"https:\/\/nordicmart.andreevmaster.com\/sv\/wp-json\/wp\/v2\/media?parent=11623"}],"wp:term":[{"taxonomy":"product_brand","embeddable":true,"href":"https:\/\/nordicmart.andreevmaster.com\/sv\/wp-json\/wp\/v2\/product_brand?post=11623"},{"taxonomy":"product_cat","embeddable":true,"href":"https:\/\/nordicmart.andreevmaster.com\/sv\/wp-json\/wp\/v2\/product_cat?post=11623"},{"taxonomy":"product_tag","embeddable":true,"href":"https:\/\/nordicmart.andreevmaster.com\/sv\/wp-json\/wp\/v2\/product_tag?post=11623"}],"curies":[{"name":"wp","href":"https:\/\/api.w.org\/{rel}","templated":true}]}}