{"id":11620,"date":"2026-02-27T00:11:09","date_gmt":"2026-02-27T00:11:09","guid":{"rendered":"https:\/\/nordicmart.andreevmaster.com\/product\/songmics-lagerhylla-med-5-justerbara-hyllplan\/"},"modified":"2026-02-27T08:05:58","modified_gmt":"2026-02-27T08:05:58","slug":"songmics-lagerhylla-med-5-justerbara-hyllplan","status":"publish","type":"product","link":"https:\/\/nordicmart.andreevmaster.com\/sv\/produkt\/songmics-lagerhylla-med-5-justerbara-hyllplan\/","title":{"rendered":"SONGMICS lagerhylla med 5 justerbara hyllplan"},"content":{"rendered":"<p>Ligger tr\u00e4dg\u00e5rdsredskap och olika redskap utspridda i ditt garage? Har du sv\u00e5rt att hitta de saker du beh\u00f6ver? D\u00e5 \u00e4r det h\u00f6g tid att utrusta ditt garage med detta lagerst\u00e4ll och f\u00e5 ordning p\u00e5 kaoset. De viktigaste sk\u00e4len till varf\u00f6r detta hyllsystem fr\u00e5n SONGMICS \u00e4r precis r\u00e4tt f\u00f6r dig: &#8211; Det f\u00f6rst\u00e4rkta st\u00e5lstativet och hyllplan i tr\u00e4material ger ett starkt f\u00e4ste. &#8211; Tv\u00e4rst\u00e4ngerna under varje hyllplan \u00f6kar stabiliteten. &#8211; Stativet \u00e4r rostbest\u00e4ndigt. &#8211; Varje hyllplan t\u00e5l vikter upp till 175 kg. &#8211; Avst\u00e5ndet mellan de enskilda hyllplanerna \u00e4r flexibelt justerbart. Du kan dessutom dela upp hyllan i tv\u00e5 delar. &#8211; Den medf\u00f6ljande tippskyddet garanterar s\u00e4ker anv\u00e4ndning. &#8211; Hyllan \u00e4r l\u00e4mplig f\u00f6r k\u00e4llare, tv\u00e4ttstugor, verkst\u00e4der och aff\u00e4rslokaler. Produktdetaljer: &#8211; F\u00e4rg: Svart &#8211; Material: St\u00e5l, E1-klass MDF (medeldensitetsfiberplatta) &#8211; Storlek: 180 x 90 x 40 cm (H x L x B) &#8211; Vikt: 13,2 kg &#8211; Max. statisk belastningskapacitet per hyllplan: 175 kg Leveransomfattning:- 1 x lagerhylla &#8211; 1 x tippskydd &#8211; 1 x bruksanvisning (DE, EN, FR, ES, IT) SONGMICS Anm\u00e4rkningar: &#8211; Anv\u00e4nd alltid handskar vid montering. &#8211; Placera inte produkten i en fuktig milj\u00f6. &#8211; Den max. belastningskapaciteten i texten avser den statiska maxvikten.<\/p>\n","protected":false},"excerpt":{"rendered":"<p>SONGMICS lagerhyllor, tunga hyllor, 2-pack, k\u00e4llarhyllor, 180 x 90 x 40 cm, belastningskapacitet upp till 875 kg, hyllor, plugghyllor, f\u00f6rst\u00e4rkt st\u00e5lram, 5 justerbara hyllplan, silver GLR040E02<\/p>\n","protected":false},"featured_media":39980,"comment_status":"open","ping_status":"closed","template":"","meta":[],"product_brand":[],"product_cat":[33],"product_tag":[],"class_list":{"0":"post-11620","1":"product","2":"type-product","3":"status-publish","4":"has-post-thumbnail","6":"product_cat-okategoriserad","8":"first","9":"instock","10":"shipping-taxable","11":"purchasable","12":"product-type-simple"},"_links":{"self":[{"href":"https:\/\/nordicmart.andreevmaster.com\/sv\/wp-json\/wp\/v2\/product\/11620","targetHints":{"allow":["GET"]}}],"collection":[{"href":"https:\/\/nordicmart.andreevmaster.com\/sv\/wp-json\/wp\/v2\/product"}],"about":[{"href":"https:\/\/nordicmart.andreevmaster.com\/sv\/wp-json\/wp\/v2\/types\/product"}],"replies":[{"embeddable":true,"href":"https:\/\/nordicmart.andreevmaster.com\/sv\/wp-json\/wp\/v2\/comments?post=11620"}],"wp:featuredmedia":[{"embeddable":true,"href":"https:\/\/nordicmart.andreevmaster.com\/sv\/wp-json\/wp\/v2\/media\/39980"}],"wp:attachment":[{"href":"https:\/\/nordicmart.andreevmaster.com\/sv\/wp-json\/wp\/v2\/media?parent=11620"}],"wp:term":[{"taxonomy":"product_brand","embeddable":true,"href":"https:\/\/nordicmart.andreevmaster.com\/sv\/wp-json\/wp\/v2\/product_brand?post=11620"},{"taxonomy":"product_cat","embeddable":true,"href":"https:\/\/nordicmart.andreevmaster.com\/sv\/wp-json\/wp\/v2\/product_cat?post=11620"},{"taxonomy":"product_tag","embeddable":true,"href":"https:\/\/nordicmart.andreevmaster.com\/sv\/wp-json\/wp\/v2\/product_tag?post=11620"}],"curies":[{"name":"wp","href":"https:\/\/api.w.org\/{rel}","templated":true}]}}