{"id":11619,"date":"2026-02-27T00:11:09","date_gmt":"2026-02-27T00:11:09","guid":{"rendered":"https:\/\/nordicmart.andreevmaster.com\/product\/songmics-5-hyllor-grabeige-svart\/"},"modified":"2026-02-27T08:05:58","modified_gmt":"2026-02-27T08:05:58","slug":"songmics-5-hyllor-grabeige-svart","status":"publish","type":"product","link":"https:\/\/nordicmart.andreevmaster.com\/sv\/produkt\/songmics-5-hyllor-grabeige-svart\/","title":{"rendered":"SONGMICS 5 hyllor gr\u00e5beige-svart"},"content":{"rendered":"<p>SONGMICS tunglastst\u00e4ll, k\u00f6kshylla, bokhylla, lagerhylla, stativhylla, 5 hyllplan, 150 x 37 x 37 cm, belastningskapacitet upp till 400 kg, justerbara hyllplan, industriell design, vintagebrun-svart GLR037B01<br \/>\nF\u00e4rg: Greige-svart<br \/>\nMaterial: St\u00e5l, MDF (medeldensitetsfiberplatta)<br \/>\nStorlek: 37 x 37 x 150 cm (D x B x H)<br \/>\nVikt: 6,3 kg<br \/>\nMax. statisk belastningskapacitet per niv\u00e5: 80 kg<br \/>\nMax. statisk belastningskapacitet totalt: 400 kg<\/p>\n","protected":false},"excerpt":{"rendered":"<p>SONGMICS tunglastst\u00e4ll, k\u00f6kshylla, bokhylla, lagerhylla, stativhylla, 5 hyllplan, 150 x 37 x 37 cm, belastningskapacitet upp till 400 kg, justerbara hyllplan, industriell design, vintagebrun-svart GLR037B01<\/p>\n","protected":false},"featured_media":39979,"comment_status":"open","ping_status":"closed","template":"","meta":[],"product_brand":[],"product_cat":[33],"product_tag":[],"class_list":{"0":"post-11619","1":"product","2":"type-product","3":"status-publish","4":"has-post-thumbnail","6":"product_cat-okategoriserad","8":"first","9":"instock","10":"shipping-taxable","11":"purchasable","12":"product-type-simple"},"_links":{"self":[{"href":"https:\/\/nordicmart.andreevmaster.com\/sv\/wp-json\/wp\/v2\/product\/11619","targetHints":{"allow":["GET"]}}],"collection":[{"href":"https:\/\/nordicmart.andreevmaster.com\/sv\/wp-json\/wp\/v2\/product"}],"about":[{"href":"https:\/\/nordicmart.andreevmaster.com\/sv\/wp-json\/wp\/v2\/types\/product"}],"replies":[{"embeddable":true,"href":"https:\/\/nordicmart.andreevmaster.com\/sv\/wp-json\/wp\/v2\/comments?post=11619"}],"wp:featuredmedia":[{"embeddable":true,"href":"https:\/\/nordicmart.andreevmaster.com\/sv\/wp-json\/wp\/v2\/media\/39979"}],"wp:attachment":[{"href":"https:\/\/nordicmart.andreevmaster.com\/sv\/wp-json\/wp\/v2\/media?parent=11619"}],"wp:term":[{"taxonomy":"product_brand","embeddable":true,"href":"https:\/\/nordicmart.andreevmaster.com\/sv\/wp-json\/wp\/v2\/product_brand?post=11619"},{"taxonomy":"product_cat","embeddable":true,"href":"https:\/\/nordicmart.andreevmaster.com\/sv\/wp-json\/wp\/v2\/product_cat?post=11619"},{"taxonomy":"product_tag","embeddable":true,"href":"https:\/\/nordicmart.andreevmaster.com\/sv\/wp-json\/wp\/v2\/product_tag?post=11619"}],"curies":[{"name":"wp","href":"https:\/\/api.w.org\/{rel}","templated":true}]}}