{"id":11617,"date":"2026-02-27T00:11:09","date_gmt":"2026-02-27T00:11:09","guid":{"rendered":"https:\/\/nordicmart.andreevmaster.com\/product\/songmics-smal-hyllplanka-for-tung-last-med-5-hyllplan\/"},"modified":"2026-02-27T08:05:57","modified_gmt":"2026-02-27T08:05:57","slug":"songmics-smal-hyllplanka-for-tung-last-med-5-hyllplan","status":"publish","type":"product","link":"https:\/\/nordicmart.andreevmaster.com\/sv\/produkt\/songmics-smal-hyllplanka-for-tung-last-med-5-hyllplan\/","title":{"rendered":"SONGMICS smal hyllplanka f\u00f6r tung last med 5 hyllplan"},"content":{"rendered":"<p>Produktdetaljer: F\u00e4rg: Vintagebrun-svart Material: Pulverlackerat st\u00e5l, MDF (medeldensitetsfiberplatta)Storlek per hyllplan: 150 x 37 x 37 cm (H x L x B) Vikt per hyllplan: 5,9 kg Max. statisk belastningskapacitet per hyllplan: 80 kg Leveransomf\u00e5ng: 1 x lagerhylla 1 x tippskydd SONGMICS Anm\u00e4rkningar: Anv\u00e4nd alltid handskar vid montering. Placera inte produkten i en fuktig milj\u00f6.Den maximala belastningskapaciteten i texten avser den statiska maximala vikten. F\u00f6r s\u00e4kerhets skull m\u00e5ste produkten f\u00e4stas p\u00e5 v\u00e4ggen med det medf\u00f6ljande tippskyddet.<\/p>\n","protected":false},"excerpt":{"rendered":"<p>SONGMICS tunglastst\u00e4ll, k\u00f6kshylla, bokhylla, lagerhylla, stativhylla, 5 hyllplan, 150 x 37 x 37 cm, belastningskapacitet upp till 400 kg, justerbara hyllplan, industriell design, vintagebrun-svart GLR037B01<\/p>\n","protected":false},"featured_media":39977,"comment_status":"open","ping_status":"closed","template":"","meta":[],"product_brand":[],"product_cat":[33],"product_tag":[],"class_list":{"0":"post-11617","1":"product","2":"type-product","3":"status-publish","4":"has-post-thumbnail","6":"product_cat-okategoriserad","8":"first","9":"instock","10":"shipping-taxable","11":"purchasable","12":"product-type-simple"},"_links":{"self":[{"href":"https:\/\/nordicmart.andreevmaster.com\/sv\/wp-json\/wp\/v2\/product\/11617","targetHints":{"allow":["GET"]}}],"collection":[{"href":"https:\/\/nordicmart.andreevmaster.com\/sv\/wp-json\/wp\/v2\/product"}],"about":[{"href":"https:\/\/nordicmart.andreevmaster.com\/sv\/wp-json\/wp\/v2\/types\/product"}],"replies":[{"embeddable":true,"href":"https:\/\/nordicmart.andreevmaster.com\/sv\/wp-json\/wp\/v2\/comments?post=11617"}],"wp:featuredmedia":[{"embeddable":true,"href":"https:\/\/nordicmart.andreevmaster.com\/sv\/wp-json\/wp\/v2\/media\/39977"}],"wp:attachment":[{"href":"https:\/\/nordicmart.andreevmaster.com\/sv\/wp-json\/wp\/v2\/media?parent=11617"}],"wp:term":[{"taxonomy":"product_brand","embeddable":true,"href":"https:\/\/nordicmart.andreevmaster.com\/sv\/wp-json\/wp\/v2\/product_brand?post=11617"},{"taxonomy":"product_cat","embeddable":true,"href":"https:\/\/nordicmart.andreevmaster.com\/sv\/wp-json\/wp\/v2\/product_cat?post=11617"},{"taxonomy":"product_tag","embeddable":true,"href":"https:\/\/nordicmart.andreevmaster.com\/sv\/wp-json\/wp\/v2\/product_tag?post=11617"}],"curies":[{"name":"wp","href":"https:\/\/api.w.org\/{rel}","templated":true}]}}