{"id":11616,"date":"2026-02-27T00:11:08","date_gmt":"2026-02-27T00:11:08","guid":{"rendered":"https:\/\/nordicmart.andreevmaster.com\/product\/songmics-tunglaststall-med-stalram-och-5-justerbara-hyllplan\/"},"modified":"2026-02-27T08:05:57","modified_gmt":"2026-02-27T08:05:57","slug":"songmics-tunglaststall-med-stalram-och-5-justerbara-hyllplan","status":"publish","type":"product","link":"https:\/\/nordicmart.andreevmaster.com\/sv\/produkt\/songmics-tunglaststall-med-stalram-och-5-justerbara-hyllplan\/","title":{"rendered":"SONGMICS tunglastst\u00e4ll med st\u00e5lram och 5 justerbara hyllplan"},"content":{"rendered":"<p>SONGMICS stativhylla, bokhylla, lagerhylla, 5 hyllplan, k\u00f6kshylla, hylla, 150 x 75 x 30 cm, belastbar upp till 650 kg, justerbara hyllplan, industriell stil, svart-vintagebrun GLR030B01<br \/>\nF\u00e4rg: Gr\u00e5<br \/>\nMaterial: F\u00f6rzinkat st\u00e5l, MDF (medeldensitetsfiberplatta)<br \/>\nStorlek: 30 x 75 x 150 cm (D x B x H)<br \/>\nVikt: 9,3 kg<br \/>\nMax. statisk belastningskapacitet per hylla: 130 kg<br \/>\nMax. statisk belastningskapacitet totalt: 650 kg<\/p>\n","protected":false},"excerpt":{"rendered":"<p>SONGMICS stativhylla, bokhylla, lagerhylla, 5 hyllplan, k\u00f6kshylla, hylla, 150 x 75 x 30 cm, belastbar upp till 650 kg, justerbara hyllplan, industriell stil, svart-vintagebrun GLR030B01<\/p>\n","protected":false},"featured_media":0,"comment_status":"open","ping_status":"closed","template":"","meta":[],"product_brand":[],"product_cat":[33],"product_tag":[],"class_list":{"0":"post-11616","1":"product","2":"type-product","3":"status-publish","5":"product_cat-okategoriserad","7":"first","8":"instock","9":"shipping-taxable","10":"purchasable","11":"product-type-simple"},"_links":{"self":[{"href":"https:\/\/nordicmart.andreevmaster.com\/sv\/wp-json\/wp\/v2\/product\/11616","targetHints":{"allow":["GET"]}}],"collection":[{"href":"https:\/\/nordicmart.andreevmaster.com\/sv\/wp-json\/wp\/v2\/product"}],"about":[{"href":"https:\/\/nordicmart.andreevmaster.com\/sv\/wp-json\/wp\/v2\/types\/product"}],"replies":[{"embeddable":true,"href":"https:\/\/nordicmart.andreevmaster.com\/sv\/wp-json\/wp\/v2\/comments?post=11616"}],"wp:attachment":[{"href":"https:\/\/nordicmart.andreevmaster.com\/sv\/wp-json\/wp\/v2\/media?parent=11616"}],"wp:term":[{"taxonomy":"product_brand","embeddable":true,"href":"https:\/\/nordicmart.andreevmaster.com\/sv\/wp-json\/wp\/v2\/product_brand?post=11616"},{"taxonomy":"product_cat","embeddable":true,"href":"https:\/\/nordicmart.andreevmaster.com\/sv\/wp-json\/wp\/v2\/product_cat?post=11616"},{"taxonomy":"product_tag","embeddable":true,"href":"https:\/\/nordicmart.andreevmaster.com\/sv\/wp-json\/wp\/v2\/product_tag?post=11616"}],"curies":[{"name":"wp","href":"https:\/\/api.w.org\/{rel}","templated":true}]}}