{"id":11613,"date":"2026-02-27T00:11:08","date_gmt":"2026-02-27T00:11:08","guid":{"rendered":"https:\/\/nordicmart.andreevmaster.com\/product\/2-pack-5-hyllors-stalhyllsystem-boltless-installation-garage-shed-650-kg-barformaga-varje-30x75x150-cm-svart\/"},"modified":"2026-02-27T08:05:57","modified_gmt":"2026-02-27T08:05:57","slug":"2-pack-5-hyllors-stalhyllsystem-boltless-installation-garage-shed-650-kg-barformaga-varje-30x75x150-cm-svart","status":"publish","type":"product","link":"https:\/\/nordicmart.andreevmaster.com\/sv\/produkt\/2-pack-5-hyllors-stalhyllsystem-boltless-installation-garage-shed-650-kg-barformaga-varje-30x75x150-cm-svart\/","title":{"rendered":"2-pack 5-hyllors st\u00e5lhyllsystem Boltless installation garage Shed 650 kg b\u00e4rf\u00f6rm\u00e5ga Varje 30x75x150 cm svart"},"content":{"rendered":"<p>STABILA OCH S\u00c4KRA Denna serie med tv\u00e5 garagehyllor \u00e4r tillverkade av st\u00e5lramar och varje hylla t\u00e5l upp till 130 kg. De medf\u00f6ljande lutningsskydden hj\u00e4lper till att f\u00e4sta hyllorna i v\u00e4ggen, vilket g\u00f6r dem stabilare och s\u00e4krare.[Delbar] Varje metallhylla kan delas upp i tv\u00e5 separata enheter beroende p\u00e5 dina f\u00f6rvaringsbehov och utrymme. N\u00e4r de \u00e4r delade fungerar de ocks\u00e5 utm\u00e4rkt som arbetsb\u00e4nk med f\u00f6rvaringsutrymme.[Justerbara hyllor] Varje niv\u00e5 kan enkelt justeras med 3 cm mellanrum, vilket motsvarar f\u00f6rvaringsbehovet f\u00f6r f\u00f6rem\u00e5l av olika storlek.[Stor storlek, stor kapacitet] Med m\u00e5tten 30 x 75 x 150 cm och en total lastkapacitet p\u00e5 650 kg kan dessa hyllor anv\u00e4ndas i garaget, f\u00f6rr\u00e5det, k\u00e4llaren eller tv\u00e4ttstugan f\u00f6r att organisera alla verktyg och utrustning.ENKEL MONTERING UTAN SKRUVAR \u2013 Tack vare den sammankopplade konstruktionen och de tydliga instruktionerna \u00e4r dessa stabila hyllor l\u00e4tta att montera. Egenskaper: \u2013 F\u00e4rg: svart. \u2013 Material: st\u00e5lram, MDF (medelh\u00f6g densitet).- M\u00e5tt per hylla: &#8211; Hyllan \u00e4r utformad s\u00e5 att den \u00e4r enkel att montera: Hylla: 30 x 75 x 150 cm (B x L x H).- Vikt per hylla: 30 x 75 x 150 cm (B x L x H): Vikt: 9,7 kg.- Max. Statisk b\u00e4rf\u00f6rm\u00e5ga per niv\u00e5: 130 kg. &#8211; Max. Statisk totalbelastningsf\u00f6rm\u00e5ga per hylla: 650 kg. F\u00f6rpackningens inneh\u00e5ll: &#8211; 2 hyllor. &#8211; 2 x fallskyddspaket &#8211; 2 bruksanvisningar (engelska spr\u00e5ket garanteras inte).<\/p>\n","protected":false},"excerpt":{"rendered":"<p>STABILA OCH S\u00c4KRA Denna serie med tv\u00e5 garagehyllor \u00e4r tillverkade av st\u00e5lramar och varje hylla t\u00e5l upp till 130 kg. De medf\u00f6ljande lutningsskydden hj\u00e4lper till att f\u00e4sta hyllorna i v\u00e4ggen, vilket g\u00f6r dem stabilare och s\u00e4krare.[Delbar] Varje metallhylla kan delas upp i tv\u00e5 separata enheter beroende p\u00e5 dina f\u00f6rvaringsbehov och utrymme. N\u00e4r de \u00e4r delade [&hellip;]<\/p>\n","protected":false},"featured_media":0,"comment_status":"open","ping_status":"closed","template":"","meta":[],"product_brand":[],"product_cat":[33],"product_tag":[],"class_list":{"0":"post-11613","1":"product","2":"type-product","3":"status-publish","5":"product_cat-okategoriserad","7":"first","8":"instock","9":"shipping-taxable","10":"product-type-simple"},"_links":{"self":[{"href":"https:\/\/nordicmart.andreevmaster.com\/sv\/wp-json\/wp\/v2\/product\/11613","targetHints":{"allow":["GET"]}}],"collection":[{"href":"https:\/\/nordicmart.andreevmaster.com\/sv\/wp-json\/wp\/v2\/product"}],"about":[{"href":"https:\/\/nordicmart.andreevmaster.com\/sv\/wp-json\/wp\/v2\/types\/product"}],"replies":[{"embeddable":true,"href":"https:\/\/nordicmart.andreevmaster.com\/sv\/wp-json\/wp\/v2\/comments?post=11613"}],"wp:attachment":[{"href":"https:\/\/nordicmart.andreevmaster.com\/sv\/wp-json\/wp\/v2\/media?parent=11613"}],"wp:term":[{"taxonomy":"product_brand","embeddable":true,"href":"https:\/\/nordicmart.andreevmaster.com\/sv\/wp-json\/wp\/v2\/product_brand?post=11613"},{"taxonomy":"product_cat","embeddable":true,"href":"https:\/\/nordicmart.andreevmaster.com\/sv\/wp-json\/wp\/v2\/product_cat?post=11613"},{"taxonomy":"product_tag","embeddable":true,"href":"https:\/\/nordicmart.andreevmaster.com\/sv\/wp-json\/wp\/v2\/product_tag?post=11613"}],"curies":[{"name":"wp","href":"https:\/\/api.w.org\/{rel}","templated":true}]}}