{"id":11610,"date":"2026-02-27T00:11:07","date_gmt":"2026-02-27T00:11:07","guid":{"rendered":"https:\/\/nordicmart.andreevmaster.com\/product\/songmics-lagerhylla-med-5-nivaer\/"},"modified":"2026-02-27T08:05:56","modified_gmt":"2026-02-27T08:05:56","slug":"songmics-lagerhylla-med-5-nivaer","status":"publish","type":"product","link":"https:\/\/nordicmart.andreevmaster.com\/sv\/produkt\/songmics-lagerhylla-med-5-nivaer\/","title":{"rendered":"SONGMICS lagerhylla med 5 niv\u00e5er"},"content":{"rendered":"<p>De viktigaste sk\u00e4len till varf\u00f6r detta hyllsystem fr\u00e5n SONGMICS \u00e4r r\u00e4tt f\u00f6r dig: St\u00e5lramen och hyllplan i MDF ger ett starkt st\u00f6d. F\u00f6rst\u00e4rkningarna p\u00e5 benen och tv\u00e4rst\u00e4ngerna under varje hyllplan \u00f6kar stabiliteten. Pulverlackeringen \u00e4r rostbest\u00e4ndig och slitstark. Varje hyllplan t\u00e5l vikter upp till 80 kg.Avst\u00e5ndet mellan de enskilda hyllplanerna \u00e4r flexibelt justerbart. Du kan dessutom dela upp hyllan i tv\u00e5 delar. Den medf\u00f6ljande tippskyddet garanterar s\u00e4ker anv\u00e4ndning. Det unika utseendet p\u00e5 denna lagerhylla ger ditt vardagsrum, balkong, kontor eller k\u00f6k en dekorativ touch. Produktdetaljer: F\u00e4rg: Naturf\u00e4rgad-svart Material: Pulverlackerat st\u00e5l, MDF (medeldensitetsfiberplatta)Storlek per hyllplan: 150 x 75 x 30 cm (H x L x B) Vikt per hyllplan: 8,1 kg Max. statisk belastningskapacitet per hyllplan: 80 kg Leveransomfattning: 1 x f\u00f6rvaringshylla 1 x tippskydd SONGICs anvisningar: Anv\u00e4nd alltid handskar vid montering. Placera inte produkten i en fuktig milj\u00f6.Den maximala belastningskapaciteten i texten avser den statiska maximala vikten.<\/p>\n","protected":false},"excerpt":{"rendered":"<p>SONGMICS stativhylla, bokhylla, lagerhylla, 5 hyllplan, k\u00f6kshylla, hylla, 150 x 75 x 30 cm, belastbar upp till 650 kg, justerbara hyllplan, industriell stil, svart-vintagebrun GLR030B01<\/p>\n","protected":false},"featured_media":39972,"comment_status":"open","ping_status":"closed","template":"","meta":[],"product_brand":[],"product_cat":[33],"product_tag":[],"class_list":{"0":"post-11610","1":"product","2":"type-product","3":"status-publish","4":"has-post-thumbnail","6":"product_cat-okategoriserad","8":"first","9":"instock","10":"shipping-taxable","11":"purchasable","12":"product-type-simple"},"_links":{"self":[{"href":"https:\/\/nordicmart.andreevmaster.com\/sv\/wp-json\/wp\/v2\/product\/11610","targetHints":{"allow":["GET"]}}],"collection":[{"href":"https:\/\/nordicmart.andreevmaster.com\/sv\/wp-json\/wp\/v2\/product"}],"about":[{"href":"https:\/\/nordicmart.andreevmaster.com\/sv\/wp-json\/wp\/v2\/types\/product"}],"replies":[{"embeddable":true,"href":"https:\/\/nordicmart.andreevmaster.com\/sv\/wp-json\/wp\/v2\/comments?post=11610"}],"wp:featuredmedia":[{"embeddable":true,"href":"https:\/\/nordicmart.andreevmaster.com\/sv\/wp-json\/wp\/v2\/media\/39972"}],"wp:attachment":[{"href":"https:\/\/nordicmart.andreevmaster.com\/sv\/wp-json\/wp\/v2\/media?parent=11610"}],"wp:term":[{"taxonomy":"product_brand","embeddable":true,"href":"https:\/\/nordicmart.andreevmaster.com\/sv\/wp-json\/wp\/v2\/product_brand?post=11610"},{"taxonomy":"product_cat","embeddable":true,"href":"https:\/\/nordicmart.andreevmaster.com\/sv\/wp-json\/wp\/v2\/product_cat?post=11610"},{"taxonomy":"product_tag","embeddable":true,"href":"https:\/\/nordicmart.andreevmaster.com\/sv\/wp-json\/wp\/v2\/product_tag?post=11610"}],"curies":[{"name":"wp","href":"https:\/\/api.w.org\/{rel}","templated":true}]}}