{"id":11609,"date":"2026-02-27T00:11:07","date_gmt":"2026-02-27T00:11:07","guid":{"rendered":"https:\/\/nordicmart.andreevmaster.com\/product\/songmics-2-pack-stativhyllor-150-cm-hoga\/"},"modified":"2026-02-27T08:05:56","modified_gmt":"2026-02-27T08:05:56","slug":"songmics-2-pack-stativhyllor-150-cm-hoga","status":"publish","type":"product","link":"https:\/\/nordicmart.andreevmaster.com\/sv\/produkt\/songmics-2-pack-stativhyllor-150-cm-hoga\/","title":{"rendered":"SONGMICS 2-pack stativhyllor 150 cm h\u00f6ga"},"content":{"rendered":"<p>Produktdetaljer: F\u00e4rg: Vintagebrun-svart Material: Sp\u00e5nskiva, st\u00e5l Storlek per hyllplan: 30 x 75 x 150 cm (D x B x H)Vikt per hyllplan: 9,1 kgMax. statisk belastningskapacitet per hyllplan: 130 kgMax. statisk belastningskapacitet per hyllplan: 650 kgLeveransomfattning:2 x tunglastst\u00e4ll2 x tippskydd1 x instruktionsbokSONGMICS Anm\u00e4rkningar:F\u00e4st denna produkt p\u00e5 v\u00e4ggen med det medf\u00f6ljande tippskyddet f\u00f6r att garantera s\u00e4ker anv\u00e4ndning. Anv\u00e4nd alltid handskar vid montering. Placera inte produkten i en fuktig milj\u00f6. Den max. belastningskapaciteten i texten avser den statiska maxvikten.<\/p>\n","protected":false},"excerpt":{"rendered":"<p>SONGMICS stativhylla, bokhylla, lagerhylla, 5 hyllplan, k\u00f6kshylla, hylla, 150 x 75 x 30 cm, belastbar upp till 650 kg, justerbara hyllplan, industriell stil, svart-vintagebrun GLR030B01<\/p>\n","protected":false},"featured_media":39971,"comment_status":"open","ping_status":"closed","template":"","meta":[],"product_brand":[],"product_cat":[33],"product_tag":[],"class_list":{"0":"post-11609","1":"product","2":"type-product","3":"status-publish","4":"has-post-thumbnail","6":"product_cat-okategoriserad","8":"first","9":"instock","10":"shipping-taxable","11":"purchasable","12":"product-type-simple"},"_links":{"self":[{"href":"https:\/\/nordicmart.andreevmaster.com\/sv\/wp-json\/wp\/v2\/product\/11609","targetHints":{"allow":["GET"]}}],"collection":[{"href":"https:\/\/nordicmart.andreevmaster.com\/sv\/wp-json\/wp\/v2\/product"}],"about":[{"href":"https:\/\/nordicmart.andreevmaster.com\/sv\/wp-json\/wp\/v2\/types\/product"}],"replies":[{"embeddable":true,"href":"https:\/\/nordicmart.andreevmaster.com\/sv\/wp-json\/wp\/v2\/comments?post=11609"}],"wp:featuredmedia":[{"embeddable":true,"href":"https:\/\/nordicmart.andreevmaster.com\/sv\/wp-json\/wp\/v2\/media\/39971"}],"wp:attachment":[{"href":"https:\/\/nordicmart.andreevmaster.com\/sv\/wp-json\/wp\/v2\/media?parent=11609"}],"wp:term":[{"taxonomy":"product_brand","embeddable":true,"href":"https:\/\/nordicmart.andreevmaster.com\/sv\/wp-json\/wp\/v2\/product_brand?post=11609"},{"taxonomy":"product_cat","embeddable":true,"href":"https:\/\/nordicmart.andreevmaster.com\/sv\/wp-json\/wp\/v2\/product_cat?post=11609"},{"taxonomy":"product_tag","embeddable":true,"href":"https:\/\/nordicmart.andreevmaster.com\/sv\/wp-json\/wp\/v2\/product_tag?post=11609"}],"curies":[{"name":"wp","href":"https:\/\/api.w.org\/{rel}","templated":true}]}}