{"id":11608,"date":"2026-02-27T00:11:07","date_gmt":"2026-02-27T00:11:07","guid":{"rendered":"https:\/\/nordicmart.andreevmaster.com\/product\/songmics-stativhylla-med-en-belastningskapacitet-pa-upp-till-650-kg\/"},"modified":"2026-02-27T08:05:56","modified_gmt":"2026-02-27T08:05:56","slug":"songmics-stativhylla-med-en-belastningskapacitet-pa-upp-till-650-kg","status":"publish","type":"product","link":"https:\/\/nordicmart.andreevmaster.com\/sv\/produkt\/songmics-stativhylla-med-en-belastningskapacitet-pa-upp-till-650-kg\/","title":{"rendered":"SONGMICS stativhylla med en belastningskapacitet p\u00e5 upp till 650 kg"},"content":{"rendered":"<p>De viktigaste sk\u00e4len till varf\u00f6r detta hyllsystem fr\u00e5n SONGMICS \u00e4r precis r\u00e4tt f\u00f6r dig: &#8211; St\u00e5lramen och hyllplanen av tr\u00e4baserat material ger ett starkt f\u00e4ste. &#8211; F\u00f6rst\u00e4rkningarna p\u00e5 benen och tv\u00e4rst\u00e4ngerna under varje hyllplan \u00f6kar stabiliteten. &#8211; Pulverlackeringen \u00e4r rostbest\u00e4ndig och slitstark. &#8211; Varje hylla t\u00e5l vikter upp till 130 kg. &#8211; Avst\u00e5ndet mellan de enskilda hyllplanerna \u00e4r flexibelt justerbart. Du kan dessutom dela upp hyllan i tv\u00e5 delar. &#8211; Den medf\u00f6ljande tippskyddet garanterar s\u00e4ker anv\u00e4ndning. &#8211; Det unika utseendet p\u00e5 denna lagerhylla ger ditt vardagsrum, balkong, kontor eller k\u00f6k en dekorativ touch. Produktdetaljer: &#8211; F\u00e4rg: Svart-vintagebrun &#8211; Material: Pulverlackerat st\u00e5l, E1-klass MDF (medeldensitetsfiberplatta) &#8211; Storlek: 150 x 75 x 30 cm (H x L x B) &#8211; Vikt: 9,4 kg &#8211; Max. statisk belastningskapacitet per hylla: 130 kg Leveransomfattning:- 1 x lagerhylla &#8211; 1 x tippskydd &#8211; 1 x bruksanvisning (DE, EN, FR, ES, IT) SONGMICS Anm\u00e4rkningar: &#8211; Anv\u00e4nd alltid handskar vid montering. &#8211; Placera inte produkten i en fuktig milj\u00f6. &#8211; Den max. belastningskapaciteten i texten avser den statiska maxvikten.<\/p>\n","protected":false},"excerpt":{"rendered":"<p>SONGMICS stativhylla, bokhylla, lagerhylla, 5 hyllplan, k\u00f6kshylla, hylla, 150 x 75 x 30 cm, belastbar upp till 650 kg, justerbara hyllplan, industriell stil, svart-vintagebrun GLR030B01<\/p>\n","protected":false},"featured_media":0,"comment_status":"open","ping_status":"closed","template":"","meta":[],"product_brand":[],"product_cat":[33],"product_tag":[],"class_list":{"0":"post-11608","1":"product","2":"type-product","3":"status-publish","5":"product_cat-okategoriserad","7":"first","8":"instock","9":"shipping-taxable","10":"purchasable","11":"product-type-simple"},"_links":{"self":[{"href":"https:\/\/nordicmart.andreevmaster.com\/sv\/wp-json\/wp\/v2\/product\/11608","targetHints":{"allow":["GET"]}}],"collection":[{"href":"https:\/\/nordicmart.andreevmaster.com\/sv\/wp-json\/wp\/v2\/product"}],"about":[{"href":"https:\/\/nordicmart.andreevmaster.com\/sv\/wp-json\/wp\/v2\/types\/product"}],"replies":[{"embeddable":true,"href":"https:\/\/nordicmart.andreevmaster.com\/sv\/wp-json\/wp\/v2\/comments?post=11608"}],"wp:attachment":[{"href":"https:\/\/nordicmart.andreevmaster.com\/sv\/wp-json\/wp\/v2\/media?parent=11608"}],"wp:term":[{"taxonomy":"product_brand","embeddable":true,"href":"https:\/\/nordicmart.andreevmaster.com\/sv\/wp-json\/wp\/v2\/product_brand?post=11608"},{"taxonomy":"product_cat","embeddable":true,"href":"https:\/\/nordicmart.andreevmaster.com\/sv\/wp-json\/wp\/v2\/product_cat?post=11608"},{"taxonomy":"product_tag","embeddable":true,"href":"https:\/\/nordicmart.andreevmaster.com\/sv\/wp-json\/wp\/v2\/product_tag?post=11608"}],"curies":[{"name":"wp","href":"https:\/\/api.w.org\/{rel}","templated":true}]}}