{"id":11606,"date":"2026-02-27T00:11:07","date_gmt":"2026-02-27T00:11:07","guid":{"rendered":"https:\/\/nordicmart.andreevmaster.com\/product\/songmics-leksakshylla-barnrumshylla-med-12-tygboxar-for-bocker-och-leksaker\/"},"modified":"2026-02-27T08:05:55","modified_gmt":"2026-02-27T08:05:55","slug":"songmics-leksakshylla-barnrumshylla-med-12-tygboxar-for-bocker-och-leksaker","status":"publish","type":"product","link":"https:\/\/nordicmart.andreevmaster.com\/sv\/produkt\/songmics-leksakshylla-barnrumshylla-med-12-tygboxar-for-bocker-och-leksaker\/","title":{"rendered":"SONGMICS leksakshylla, barnrumshylla med 12 tygboxar, f\u00f6r b\u00f6cker och leksaker"},"content":{"rendered":"<p>\u201dSimma med oss!\u201d: De f\u00e4rgglada fiskarna, den s\u00f6ta maneten och den gulliga valen stimulerar dina barns kreativitet och fantasi. Leksakshyllan \u00e4r dessutom tillr\u00e4ckligt stor f\u00f6r att rymma m\u00e5nga barnb\u00f6cker och leksaker. V\u00e4lkommen g\u00e4st: Denna leksakshylla har rundade h\u00f6rn och 12 f\u00f6rvaringsl\u00e5dor placerade p\u00e5 barnv\u00e4nlig h\u00f6jd. Det g\u00f6r det till en v\u00e4lkommen g\u00e4st i varje barnrum. Produktdetaljer: F\u00e4rg: Vit Material: MDF (medeldensitetsfiberplatta), sp\u00e5nskiva, non-woven tyg Storlek: 83 x 38 x 78 cm (L x B x H) Vikt: 10 kg Leveransomfattning: 1 x leksakshylla 12 x f\u00f6rvaringsl\u00e5da 1 x tippskydd 1 x tillbeh\u00f6rspaket 1 x bruksanvisning (DE, EN, FR, ES, IT) SONGMICS Anm\u00e4rkningar: Torka av produkten med en fuktig trasa f\u00f6r daglig reng\u00f6ring.Om produkten har en \u201dny\u201d lukt efter uppackningen, placera den d\u00e5 p\u00e5 en v\u00e4l ventilerad plats under en kort tid. H\u00e5ll tygboxarna borta fr\u00e5n vatten.<\/p>\n","protected":false},"excerpt":{"rendered":"<p>SONGMICS leksakshylla, barnrumshylla med 12 tygboxar, f\u00f6r b\u00f6cker och leksaker, leksaksf\u00f6rvaring, barnrum, f\u00f6r barn, multifunktionell, vit GKRS04WT<\/p>\n","protected":false},"featured_media":39969,"comment_status":"open","ping_status":"closed","template":"","meta":[],"product_brand":[],"product_cat":[33],"product_tag":[],"class_list":{"0":"post-11606","1":"product","2":"type-product","3":"status-publish","4":"has-post-thumbnail","6":"product_cat-okategoriserad","8":"first","9":"instock","10":"shipping-taxable","11":"purchasable","12":"product-type-simple"},"_links":{"self":[{"href":"https:\/\/nordicmart.andreevmaster.com\/sv\/wp-json\/wp\/v2\/product\/11606","targetHints":{"allow":["GET"]}}],"collection":[{"href":"https:\/\/nordicmart.andreevmaster.com\/sv\/wp-json\/wp\/v2\/product"}],"about":[{"href":"https:\/\/nordicmart.andreevmaster.com\/sv\/wp-json\/wp\/v2\/types\/product"}],"replies":[{"embeddable":true,"href":"https:\/\/nordicmart.andreevmaster.com\/sv\/wp-json\/wp\/v2\/comments?post=11606"}],"wp:featuredmedia":[{"embeddable":true,"href":"https:\/\/nordicmart.andreevmaster.com\/sv\/wp-json\/wp\/v2\/media\/39969"}],"wp:attachment":[{"href":"https:\/\/nordicmart.andreevmaster.com\/sv\/wp-json\/wp\/v2\/media?parent=11606"}],"wp:term":[{"taxonomy":"product_brand","embeddable":true,"href":"https:\/\/nordicmart.andreevmaster.com\/sv\/wp-json\/wp\/v2\/product_brand?post=11606"},{"taxonomy":"product_cat","embeddable":true,"href":"https:\/\/nordicmart.andreevmaster.com\/sv\/wp-json\/wp\/v2\/product_cat?post=11606"},{"taxonomy":"product_tag","embeddable":true,"href":"https:\/\/nordicmart.andreevmaster.com\/sv\/wp-json\/wp\/v2\/product_tag?post=11606"}],"curies":[{"name":"wp","href":"https:\/\/api.w.org\/{rel}","templated":true}]}}