{"id":11602,"date":"2026-02-27T00:11:06","date_gmt":"2026-02-27T00:11:06","guid":{"rendered":"https:\/\/nordicmart.andreevmaster.com\/product\/songmics-bokhylla-hylla-med-2-forvaringslador\/"},"modified":"2026-02-27T08:05:55","modified_gmt":"2026-02-27T08:05:55","slug":"songmics-bokhylla-hylla-med-2-forvaringslador","status":"publish","type":"product","link":"https:\/\/nordicmart.andreevmaster.com\/sv\/produkt\/songmics-bokhylla-hylla-med-2-forvaringslador\/","title":{"rendered":"SONGMICS bokhylla, hylla, med 2 f\u00f6rvaringsl\u00e5dor"},"content":{"rendered":"<p>SONGMICS bokhylla f\u00f6r barn, barnhylla, leksakshylla med 2 f\u00f6rvaringsl\u00e5dor, f\u00f6r b\u00f6cker, barnrum, lekrum, vardagsrum<br \/>\nSpecifikationer:<br \/>\n&#8211; M\u00e5tt: 30 x 93 x 100 cm (D x B x H)<br \/>\n&#8211; Vikt: 18,8 kg<br \/>\n&#8211; Max. total statisk b\u00e4rf\u00f6rm\u00e5ga: 45 kg<br \/>\n&#8211; Material: sp\u00e5nskiva, non-woven tyg<br \/>\n&#8211; F\u00e4rg: Vit<\/p>\n","protected":false},"excerpt":{"rendered":"<p>SONGMICS bokhylla f\u00f6r barn, barnhylla, leksakshylla med 2 f\u00f6rvaringsl\u00e5dor, f\u00f6r b\u00f6cker, barnrum, lekrum, vardagsrum<\/p>\n","protected":false},"featured_media":39965,"comment_status":"open","ping_status":"closed","template":"","meta":[],"product_brand":[],"product_cat":[33],"product_tag":[],"class_list":{"0":"post-11602","1":"product","2":"type-product","3":"status-publish","4":"has-post-thumbnail","6":"product_cat-okategoriserad","8":"first","9":"instock","10":"shipping-taxable","11":"purchasable","12":"product-type-simple"},"_links":{"self":[{"href":"https:\/\/nordicmart.andreevmaster.com\/sv\/wp-json\/wp\/v2\/product\/11602","targetHints":{"allow":["GET"]}}],"collection":[{"href":"https:\/\/nordicmart.andreevmaster.com\/sv\/wp-json\/wp\/v2\/product"}],"about":[{"href":"https:\/\/nordicmart.andreevmaster.com\/sv\/wp-json\/wp\/v2\/types\/product"}],"replies":[{"embeddable":true,"href":"https:\/\/nordicmart.andreevmaster.com\/sv\/wp-json\/wp\/v2\/comments?post=11602"}],"wp:featuredmedia":[{"embeddable":true,"href":"https:\/\/nordicmart.andreevmaster.com\/sv\/wp-json\/wp\/v2\/media\/39965"}],"wp:attachment":[{"href":"https:\/\/nordicmart.andreevmaster.com\/sv\/wp-json\/wp\/v2\/media?parent=11602"}],"wp:term":[{"taxonomy":"product_brand","embeddable":true,"href":"https:\/\/nordicmart.andreevmaster.com\/sv\/wp-json\/wp\/v2\/product_brand?post=11602"},{"taxonomy":"product_cat","embeddable":true,"href":"https:\/\/nordicmart.andreevmaster.com\/sv\/wp-json\/wp\/v2\/product_cat?post=11602"},{"taxonomy":"product_tag","embeddable":true,"href":"https:\/\/nordicmart.andreevmaster.com\/sv\/wp-json\/wp\/v2\/product_tag?post=11602"}],"curies":[{"name":"wp","href":"https:\/\/api.w.org\/{rel}","templated":true}]}}