{"id":11599,"date":"2026-02-27T00:11:05","date_gmt":"2026-02-27T00:11:05","guid":{"rendered":"https:\/\/nordicmart.andreevmaster.com\/product\/songmics-bokhylla-hylla-med-3-hyllplan\/"},"modified":"2026-02-27T08:05:54","modified_gmt":"2026-02-27T08:05:54","slug":"songmics-bokhylla-hylla-med-3-hyllplan","status":"publish","type":"product","link":"https:\/\/nordicmart.andreevmaster.com\/sv\/produkt\/songmics-bokhylla-hylla-med-3-hyllplan\/","title":{"rendered":"SONGMICS bokhylla, hylla, med 3 hyllplan"},"content":{"rendered":"<p>SONGMICS leksakshylla, bokhylla f\u00f6r barn, barnrumshylla med 3 fack och utdragbar leksaksl\u00e5da med hjul, leksaksf\u00f6rvaring, barnrum, f\u00f6r b\u00f6cker<br \/>\nSpecifikationer:<br \/>\n&#8211; Hyllans m\u00e5tt: 29,5 x 62,5 x 70 cm (D x B x H)<br \/>\n&#8211; M\u00e5tt p\u00e5 den nedre l\u00e5dan: 28 x 59,5 x 37 cm (D x B x H)<br \/>\n&#8211; Vikt: 13,5 kg<br \/>\n&#8211; Max. statisk totalbelastning: 25 kg<br \/>\n&#8211; Material: MDF (medeldensitetsfiberplatta), sp\u00e5nskiva<br \/>\n&#8211; F\u00e4rg: Gr\u00f6n<\/p>\n","protected":false},"excerpt":{"rendered":"<p>SONGMICS leksakshylla, bokhylla f\u00f6r barn, barnrumshylla med 3 fack och utdragbar leksaksl\u00e5da med hjul, leksaksf\u00f6rvaring, barnrum, f\u00f6r b\u00f6cker<\/p>\n","protected":false},"featured_media":39962,"comment_status":"open","ping_status":"closed","template":"","meta":[],"product_brand":[],"product_cat":[33],"product_tag":[],"class_list":{"0":"post-11599","1":"product","2":"type-product","3":"status-publish","4":"has-post-thumbnail","6":"product_cat-okategoriserad","8":"first","9":"instock","10":"shipping-taxable","11":"purchasable","12":"product-type-simple"},"_links":{"self":[{"href":"https:\/\/nordicmart.andreevmaster.com\/sv\/wp-json\/wp\/v2\/product\/11599","targetHints":{"allow":["GET"]}}],"collection":[{"href":"https:\/\/nordicmart.andreevmaster.com\/sv\/wp-json\/wp\/v2\/product"}],"about":[{"href":"https:\/\/nordicmart.andreevmaster.com\/sv\/wp-json\/wp\/v2\/types\/product"}],"replies":[{"embeddable":true,"href":"https:\/\/nordicmart.andreevmaster.com\/sv\/wp-json\/wp\/v2\/comments?post=11599"}],"wp:featuredmedia":[{"embeddable":true,"href":"https:\/\/nordicmart.andreevmaster.com\/sv\/wp-json\/wp\/v2\/media\/39962"}],"wp:attachment":[{"href":"https:\/\/nordicmart.andreevmaster.com\/sv\/wp-json\/wp\/v2\/media?parent=11599"}],"wp:term":[{"taxonomy":"product_brand","embeddable":true,"href":"https:\/\/nordicmart.andreevmaster.com\/sv\/wp-json\/wp\/v2\/product_brand?post=11599"},{"taxonomy":"product_cat","embeddable":true,"href":"https:\/\/nordicmart.andreevmaster.com\/sv\/wp-json\/wp\/v2\/product_cat?post=11599"},{"taxonomy":"product_tag","embeddable":true,"href":"https:\/\/nordicmart.andreevmaster.com\/sv\/wp-json\/wp\/v2\/product_tag?post=11599"}],"curies":[{"name":"wp","href":"https:\/\/api.w.org\/{rel}","templated":true}]}}