{"id":11596,"date":"2026-02-27T00:11:05","date_gmt":"2026-02-27T00:11:05","guid":{"rendered":"https:\/\/nordicmart.andreevmaster.com\/product\/songmics-hylla-bokhylla-med-9-forvaringslador-av-non-woven-tyg\/"},"modified":"2026-02-27T08:05:54","modified_gmt":"2026-02-27T08:05:54","slug":"songmics-hylla-bokhylla-med-9-forvaringslador-av-non-woven-tyg","status":"publish","type":"product","link":"https:\/\/nordicmart.andreevmaster.com\/sv\/produkt\/songmics-hylla-bokhylla-med-9-forvaringslador-av-non-woven-tyg\/","title":{"rendered":"SONGMICS hylla, bokhylla, med 9 f\u00f6rvaringsl\u00e5dor av non-woven-tyg"},"content":{"rendered":"<p>Hyllan, bokhylla, med 9 f\u00f6rvaringsl\u00e5dor av non-woven-tyg, arbetsrum, rymlig, 29,5 x 62,5 x 60 cm, molnvit<br \/>\nProduktdetaljer:<br \/>\n&#8211; F\u00e4rg: duvgr\u00e5<br \/>\n&#8211; Material: MDF (medeldensitetsfiberplatta), non-woven tyg<br \/>\n&#8211; Storlek: 29,5 x 62,5 x 60 cm (D x B x H)<br \/>\n&#8211; Vikt: 5,6 kg<br \/>\n&#8211; Max. statisk belastningskapacitet per l\u00e5da: 2 kg<br \/>\n&#8211; Max. statisk belastningskapacitet per niv\u00e5: 6 kg<br \/>\n&#8211; Max. statisk belastningskapacitet totalt: 18 kg<\/p>\n<p>Leveransomfattning:<br \/>\n&#8211; 1 x hylla med 9 tygboxar<br \/>\n&#8211; 1 x tillbeh\u00f6rspaket<br \/>\n&#8211; 1 x tippskydd<br \/>\n&#8211; 1 x bruksanvisning<\/p>\n<p>Anvisningar:<br \/>\n&#8211; F\u00e4st organisat\u00f6ren p\u00e5 v\u00e4ggen med det medf\u00f6ljande tippskyddet f\u00f6r att f\u00f6rhindra att den v\u00e4lter.<br \/>\n&#8211; Det rekommenderas inte att tv\u00e4tta hyllan direkt med vatten. Om den blir smutsig, torka av den med en fuktig trasa och st\u00e4ll den p\u00e5 en torr plats.<br \/>\n&#8211; Det kan h\u00e4nda att bokhyllan luktar &#8221;nytt&#8221; n\u00e4r du packar upp den. L\u00e5t den i s\u00e5 fall st\u00e5 p\u00e5 en sval, v\u00e4l ventilerad plats en stund innan du anv\u00e4nder den.<\/p>\n","protected":false},"excerpt":{"rendered":"<p>Hyllan, bokhylla, med 9 f\u00f6rvaringsl\u00e5dor av non-woven-tyg, arbetsrum, rymlig, 29,5 x 62,5 x 60 cm, molnvit<\/p>\n","protected":false},"featured_media":39959,"comment_status":"open","ping_status":"closed","template":"","meta":[],"product_brand":[],"product_cat":[33],"product_tag":[],"class_list":{"0":"post-11596","1":"product","2":"type-product","3":"status-publish","4":"has-post-thumbnail","6":"product_cat-okategoriserad","8":"first","9":"instock","10":"shipping-taxable","11":"purchasable","12":"product-type-simple"},"_links":{"self":[{"href":"https:\/\/nordicmart.andreevmaster.com\/sv\/wp-json\/wp\/v2\/product\/11596","targetHints":{"allow":["GET"]}}],"collection":[{"href":"https:\/\/nordicmart.andreevmaster.com\/sv\/wp-json\/wp\/v2\/product"}],"about":[{"href":"https:\/\/nordicmart.andreevmaster.com\/sv\/wp-json\/wp\/v2\/types\/product"}],"replies":[{"embeddable":true,"href":"https:\/\/nordicmart.andreevmaster.com\/sv\/wp-json\/wp\/v2\/comments?post=11596"}],"wp:featuredmedia":[{"embeddable":true,"href":"https:\/\/nordicmart.andreevmaster.com\/sv\/wp-json\/wp\/v2\/media\/39959"}],"wp:attachment":[{"href":"https:\/\/nordicmart.andreevmaster.com\/sv\/wp-json\/wp\/v2\/media?parent=11596"}],"wp:term":[{"taxonomy":"product_brand","embeddable":true,"href":"https:\/\/nordicmart.andreevmaster.com\/sv\/wp-json\/wp\/v2\/product_brand?post=11596"},{"taxonomy":"product_cat","embeddable":true,"href":"https:\/\/nordicmart.andreevmaster.com\/sv\/wp-json\/wp\/v2\/product_cat?post=11596"},{"taxonomy":"product_tag","embeddable":true,"href":"https:\/\/nordicmart.andreevmaster.com\/sv\/wp-json\/wp\/v2\/product_tag?post=11596"}],"curies":[{"name":"wp","href":"https:\/\/api.w.org\/{rel}","templated":true}]}}