{"id":11595,"date":"2026-02-27T00:11:05","date_gmt":"2026-02-27T00:11:05","guid":{"rendered":"https:\/\/nordicmart.andreevmaster.com\/product\/songmics-leksakshylla-for-barn-vit\/"},"modified":"2026-02-27T08:05:54","modified_gmt":"2026-02-27T08:05:54","slug":"songmics-leksakshylla-for-barn-vit","status":"publish","type":"product","link":"https:\/\/nordicmart.andreevmaster.com\/sv\/produkt\/songmics-leksakshylla-for-barn-vit\/","title":{"rendered":"SONGMICS leksakshylla f\u00f6r barn Vit"},"content":{"rendered":"<p>En l\u00e5da full av fantasi! Den rymliga leksaksl\u00e5dan, den \u00f6ppna hyllan i mitten och de 3 facken i den \u00f6vre delen kommer att stimulera dina barns fantasi. Gosedjur, b\u00f6cker, dockor, byggklossar, leksaksfigurer, modellera \u2013 h\u00e4r finns plats f\u00f6r allt. Lyckoamulett Dina barn kommer stolt att visa upp sin leksakssamling p\u00e5 hyllan f\u00f6r sina v\u00e4nner. Tack vare de mjuka f\u00e4rgerna och den barnv\u00e4nliga designen tilltalar denna hylla alla barn och v\u00e4cker nyfikenheten att uppt\u00e4cka dess roliga hemligheter. Produktdetaljer: &#8211; F\u00e4rg: Vit &#8211; Material: MDF (medeldensitetsfiberplatta), sp\u00e5nskiva &#8211; Storlek: 90 x 29,5 x 90 cm (L x B x H) &#8211; Vikt: 21,3 kg Leveransomfattning: &#8211; 1 x leksakshylla &#8211; 1 x tippskydd &#8211; 1 x tillbeh\u00f6rspaket &#8211; 1 x bruksanvisning (DE, EN, FR, ES, IT) SONGMICS Anm\u00e4rkningar:- Torka av produkten med en fuktig trasa f\u00f6r daglig reng\u00f6ring. &#8211; Om produkten har en &#8221;ny&#8221; lukt efter uppackningen, placera den p\u00e5 en v\u00e4l ventilerad plats under en kort tid.<\/p>\n","protected":false},"excerpt":{"rendered":"<p>SONGMICS leksakshylla, bokhylla f\u00f6r barn, utdragbar leksaksl\u00e5da med hjul, leksaksorganiserare, barnrum, multifunktionell, vit GKR90WT<\/p>\n","protected":false},"featured_media":39958,"comment_status":"open","ping_status":"closed","template":"","meta":[],"product_brand":[],"product_cat":[33],"product_tag":[],"class_list":{"0":"post-11595","1":"product","2":"type-product","3":"status-publish","4":"has-post-thumbnail","6":"product_cat-okategoriserad","8":"first","9":"instock","10":"shipping-taxable","11":"purchasable","12":"product-type-simple"},"_links":{"self":[{"href":"https:\/\/nordicmart.andreevmaster.com\/sv\/wp-json\/wp\/v2\/product\/11595","targetHints":{"allow":["GET"]}}],"collection":[{"href":"https:\/\/nordicmart.andreevmaster.com\/sv\/wp-json\/wp\/v2\/product"}],"about":[{"href":"https:\/\/nordicmart.andreevmaster.com\/sv\/wp-json\/wp\/v2\/types\/product"}],"replies":[{"embeddable":true,"href":"https:\/\/nordicmart.andreevmaster.com\/sv\/wp-json\/wp\/v2\/comments?post=11595"}],"wp:featuredmedia":[{"embeddable":true,"href":"https:\/\/nordicmart.andreevmaster.com\/sv\/wp-json\/wp\/v2\/media\/39958"}],"wp:attachment":[{"href":"https:\/\/nordicmart.andreevmaster.com\/sv\/wp-json\/wp\/v2\/media?parent=11595"}],"wp:term":[{"taxonomy":"product_brand","embeddable":true,"href":"https:\/\/nordicmart.andreevmaster.com\/sv\/wp-json\/wp\/v2\/product_brand?post=11595"},{"taxonomy":"product_cat","embeddable":true,"href":"https:\/\/nordicmart.andreevmaster.com\/sv\/wp-json\/wp\/v2\/product_cat?post=11595"},{"taxonomy":"product_tag","embeddable":true,"href":"https:\/\/nordicmart.andreevmaster.com\/sv\/wp-json\/wp\/v2\/product_tag?post=11595"}],"curies":[{"name":"wp","href":"https:\/\/api.w.org\/{rel}","templated":true}]}}