{"id":11594,"date":"2026-02-27T00:11:04","date_gmt":"2026-02-27T00:11:04","guid":{"rendered":"https:\/\/nordicmart.andreevmaster.com\/product\/songmics-hylla-for-toniebox-enkel-montering-molnvit\/"},"modified":"2026-02-27T08:05:53","modified_gmt":"2026-02-27T08:05:53","slug":"songmics-hylla-for-toniebox-enkel-montering-molnvit","status":"publish","type":"product","link":"https:\/\/nordicmart.andreevmaster.com\/sv\/produkt\/songmics-hylla-for-toniebox-enkel-montering-molnvit\/","title":{"rendered":"SONGMICS hylla f\u00f6r Toniebox enkel montering molnvit"},"content":{"rendered":"<p>SONGMICS hylla f\u00f6r Toniebox, v\u00e4gghylla f\u00f6r 35 figurer, barnhylla, enkel montering, barnrum, vardagsrum, gr\u00e5 GKR801G01<br \/>\nF\u00e4rg: Molnvit<br \/>\nMaterial: MDF (medeldensitetsfiberplatta), st\u00e5l, boktr\u00e4<br \/>\nStorlek: 18 x 55,6 x 59,7 cm (D x B x H)<br \/>\nVikt: 3,1 kg<\/p>\n","protected":false},"excerpt":{"rendered":"<p>SONGMICS hylla f\u00f6r Toniebox, v\u00e4gghylla f\u00f6r 35 figurer, barnhylla, enkel montering, barnrum, vardagsrum, gr\u00e5 GKR801G01<\/p>\n","protected":false},"featured_media":39957,"comment_status":"open","ping_status":"closed","template":"","meta":[],"product_brand":[],"product_cat":[33],"product_tag":[],"class_list":{"0":"post-11594","1":"product","2":"type-product","3":"status-publish","4":"has-post-thumbnail","6":"product_cat-okategoriserad","8":"first","9":"instock","10":"shipping-taxable","11":"purchasable","12":"product-type-simple"},"_links":{"self":[{"href":"https:\/\/nordicmart.andreevmaster.com\/sv\/wp-json\/wp\/v2\/product\/11594","targetHints":{"allow":["GET"]}}],"collection":[{"href":"https:\/\/nordicmart.andreevmaster.com\/sv\/wp-json\/wp\/v2\/product"}],"about":[{"href":"https:\/\/nordicmart.andreevmaster.com\/sv\/wp-json\/wp\/v2\/types\/product"}],"replies":[{"embeddable":true,"href":"https:\/\/nordicmart.andreevmaster.com\/sv\/wp-json\/wp\/v2\/comments?post=11594"}],"wp:featuredmedia":[{"embeddable":true,"href":"https:\/\/nordicmart.andreevmaster.com\/sv\/wp-json\/wp\/v2\/media\/39957"}],"wp:attachment":[{"href":"https:\/\/nordicmart.andreevmaster.com\/sv\/wp-json\/wp\/v2\/media?parent=11594"}],"wp:term":[{"taxonomy":"product_brand","embeddable":true,"href":"https:\/\/nordicmart.andreevmaster.com\/sv\/wp-json\/wp\/v2\/product_brand?post=11594"},{"taxonomy":"product_cat","embeddable":true,"href":"https:\/\/nordicmart.andreevmaster.com\/sv\/wp-json\/wp\/v2\/product_cat?post=11594"},{"taxonomy":"product_tag","embeddable":true,"href":"https:\/\/nordicmart.andreevmaster.com\/sv\/wp-json\/wp\/v2\/product_tag?post=11594"}],"curies":[{"name":"wp","href":"https:\/\/api.w.org\/{rel}","templated":true}]}}