{"id":11593,"date":"2026-02-27T00:11:04","date_gmt":"2026-02-27T00:11:04","guid":{"rendered":"https:\/\/nordicmart.andreevmaster.com\/product\/songmics-vagghylla-for-musiklada-for-barn\/"},"modified":"2026-02-27T08:05:53","modified_gmt":"2026-02-27T08:05:53","slug":"songmics-vagghylla-for-musiklada-for-barn","status":"publish","type":"product","link":"https:\/\/nordicmart.andreevmaster.com\/sv\/produkt\/songmics-vagghylla-for-musiklada-for-barn\/","title":{"rendered":"SONGMICS v\u00e4gghylla f\u00f6r musikl\u00e5da f\u00f6r barn"},"content":{"rendered":"<p>Produktdetaljer: F\u00e4rg: Gr\u00e5 Material: MDF (medeldensitetsfiberplatta), st\u00e5l, boktr\u00e4 Storlek: 18 x 55,6 x 59,7 cm (D x B x H) Vikt: 3,1 kg Leveransomfattning: 1 x v\u00e4gghylla 1 x tillbeh\u00f6rspaket 1 x bruksanvisning SONGMICS Anm\u00e4rkningar:Av s\u00e4kerhetssk\u00e4l \u00e4r det f\u00f6rbjudet f\u00f6r barn att kl\u00e4ttra p\u00e5 hyllan eller leka med den. L\u00e5dorna \u00e4r inte tv\u00e4ttbara! Vid nedsmutsning reng\u00f6r du dem med en trasa. Placera hyllan p\u00e5 en torr plats. Det kan h\u00e4nda att barnhyllan luktar \u201dnytt\u201d n\u00e4r du packar upp den. I s\u00e5 fall kan du placera den i ett v\u00e4l ventilerat rum s\u00e5 att lukten f\u00f6rsvinner efter en kort stund.<\/p>\n","protected":false},"excerpt":{"rendered":"<p>SONGMICS hylla f\u00f6r Toniebox, v\u00e4gghylla f\u00f6r 35 figurer, barnhylla, enkel montering, barnrum, vardagsrum, gr\u00e5 GKR801G01<\/p>\n","protected":false},"featured_media":39956,"comment_status":"open","ping_status":"closed","template":"","meta":[],"product_brand":[],"product_cat":[33],"product_tag":[],"class_list":{"0":"post-11593","1":"product","2":"type-product","3":"status-publish","4":"has-post-thumbnail","6":"product_cat-okategoriserad","8":"first","9":"instock","10":"shipping-taxable","11":"purchasable","12":"product-type-simple"},"_links":{"self":[{"href":"https:\/\/nordicmart.andreevmaster.com\/sv\/wp-json\/wp\/v2\/product\/11593","targetHints":{"allow":["GET"]}}],"collection":[{"href":"https:\/\/nordicmart.andreevmaster.com\/sv\/wp-json\/wp\/v2\/product"}],"about":[{"href":"https:\/\/nordicmart.andreevmaster.com\/sv\/wp-json\/wp\/v2\/types\/product"}],"replies":[{"embeddable":true,"href":"https:\/\/nordicmart.andreevmaster.com\/sv\/wp-json\/wp\/v2\/comments?post=11593"}],"wp:featuredmedia":[{"embeddable":true,"href":"https:\/\/nordicmart.andreevmaster.com\/sv\/wp-json\/wp\/v2\/media\/39956"}],"wp:attachment":[{"href":"https:\/\/nordicmart.andreevmaster.com\/sv\/wp-json\/wp\/v2\/media?parent=11593"}],"wp:term":[{"taxonomy":"product_brand","embeddable":true,"href":"https:\/\/nordicmart.andreevmaster.com\/sv\/wp-json\/wp\/v2\/product_brand?post=11593"},{"taxonomy":"product_cat","embeddable":true,"href":"https:\/\/nordicmart.andreevmaster.com\/sv\/wp-json\/wp\/v2\/product_cat?post=11593"},{"taxonomy":"product_tag","embeddable":true,"href":"https:\/\/nordicmart.andreevmaster.com\/sv\/wp-json\/wp\/v2\/product_tag?post=11593"}],"curies":[{"name":"wp","href":"https:\/\/api.w.org\/{rel}","templated":true}]}}