{"id":11591,"date":"2026-02-27T00:11:04","date_gmt":"2026-02-27T00:11:04","guid":{"rendered":"https:\/\/nordicmart.andreevmaster.com\/product\/songmics-barnbokhylla-bla-vit\/"},"modified":"2026-02-27T08:05:53","modified_gmt":"2026-02-27T08:05:53","slug":"songmics-barnbokhylla-bla-vit","status":"publish","type":"product","link":"https:\/\/nordicmart.andreevmaster.com\/sv\/produkt\/songmics-barnbokhylla-bla-vit\/","title":{"rendered":"SONGMICS barnbokhylla bl\u00e5-vit"},"content":{"rendered":"<p>Produktdetaljer: F\u00e4rg: Vit hylla; bokfack i vitt, bl\u00e5tt och gr\u00e5tt Material: sp\u00e5nskiva, textilkomposit, f\u00e4rgglada pappersklisterm\u00e4rken Storlek: 62,5 x 28 x 60 cm (L x B x H) Vikt: 2,5 kg Leveransomfattning: 2 x hyllplan 1 x tygstycke 6 x st\u00e5ng 1 x beh\u00e5llare med tillbeh\u00f6r 1 x bruksanvisning (DE, EN, FR, ES, IT) SONGMICS Anm\u00e4rkningar:Reng\u00f6r produkten med en fuktig trasa och l\u00e5t den sedan lufttorka. Tygstycket kan tv\u00e4ttas i vatten.<\/p>\n","protected":false},"excerpt":{"rendered":"<p>SONGMICS Bokhylla f\u00f6r barn, barnrumshylla, leksaksf\u00f6rvaring, med tippskydd, barnrum, skola, dagis, 62,5 x 28 x 60 cm, rymdtema, vit GKR72WT<\/p>\n","protected":false},"featured_media":39954,"comment_status":"open","ping_status":"closed","template":"","meta":[],"product_brand":[],"product_cat":[33],"product_tag":[],"class_list":{"0":"post-11591","1":"product","2":"type-product","3":"status-publish","4":"has-post-thumbnail","6":"product_cat-okategoriserad","8":"first","9":"instock","10":"shipping-taxable","11":"purchasable","12":"product-type-simple"},"_links":{"self":[{"href":"https:\/\/nordicmart.andreevmaster.com\/sv\/wp-json\/wp\/v2\/product\/11591","targetHints":{"allow":["GET"]}}],"collection":[{"href":"https:\/\/nordicmart.andreevmaster.com\/sv\/wp-json\/wp\/v2\/product"}],"about":[{"href":"https:\/\/nordicmart.andreevmaster.com\/sv\/wp-json\/wp\/v2\/types\/product"}],"replies":[{"embeddable":true,"href":"https:\/\/nordicmart.andreevmaster.com\/sv\/wp-json\/wp\/v2\/comments?post=11591"}],"wp:featuredmedia":[{"embeddable":true,"href":"https:\/\/nordicmart.andreevmaster.com\/sv\/wp-json\/wp\/v2\/media\/39954"}],"wp:attachment":[{"href":"https:\/\/nordicmart.andreevmaster.com\/sv\/wp-json\/wp\/v2\/media?parent=11591"}],"wp:term":[{"taxonomy":"product_brand","embeddable":true,"href":"https:\/\/nordicmart.andreevmaster.com\/sv\/wp-json\/wp\/v2\/product_brand?post=11591"},{"taxonomy":"product_cat","embeddable":true,"href":"https:\/\/nordicmart.andreevmaster.com\/sv\/wp-json\/wp\/v2\/product_cat?post=11591"},{"taxonomy":"product_tag","embeddable":true,"href":"https:\/\/nordicmart.andreevmaster.com\/sv\/wp-json\/wp\/v2\/product_tag?post=11591"}],"curies":[{"name":"wp","href":"https:\/\/api.w.org\/{rel}","templated":true}]}}