{"id":11590,"date":"2026-02-27T00:11:04","date_gmt":"2026-02-27T00:11:04","guid":{"rendered":"https:\/\/nordicmart.andreevmaster.com\/product\/songmics-sot-bokhylla-for-barn\/"},"modified":"2026-02-27T08:05:53","modified_gmt":"2026-02-27T08:05:53","slug":"songmics-sot-bokhylla-for-barn","status":"publish","type":"product","link":"https:\/\/nordicmart.andreevmaster.com\/sv\/produkt\/songmics-sot-bokhylla-for-barn\/","title":{"rendered":"SONGMICS S\u00f6t bokhylla f\u00f6r barn"},"content":{"rendered":"<p>Produktbeskrivning: Ligger leksakerna utspridda under t\u00e4cket och byggklossarna bland dockkl\u00e4derna efter en vild eftermiddag med kompisarna? Vill du l\u00e4ra dina sm\u00e5 att det m\u00e5ste vara ordning och reda? Den robusta och slitstarka SONGMICS barnhyllan av milj\u00f6v\u00e4nligt material uppfyller barnens behov. Med sina f\u00e4rgglada f\u00e4rger, perfekta storlek och s\u00e4kerhetsdetaljer som tippskydd, rundade h\u00f6rn och kanter kan dina barn leka med bokhyllan i barnrummet utan uppsikt. Den hj\u00e4lper inte bara barnen att h\u00e5lla ordning, utan skapar ocks\u00e5 en bra \u00f6verblick \u00f6ver b\u00f6cker, gosedjur och leksaker. Barnhyllan \u00e4r r\u00e4tt val f\u00f6r dig. Produktdetaljer: &#8211; Material ram: milj\u00f6v\u00e4nlig MDF-skiva, j\u00e4rnr\u00f6r &#8211; F\u00e4rg ram: vit &#8211; M\u00e5tt: 67 x 74 x 26,5 cm (B x H x D) &#8211; Material l\u00e5dor: Kartong med tygkl\u00e4dsel &#8211; F\u00e4rg l\u00e5dor: ljusrosa, gul, ljusbl\u00e5 &#8211; M\u00e5tt l\u00e5dor: 27 x 12 x 20 cm (B x H x D) Leveransomfattning: &#8211; 1 x barnhylla &#8211; 1 x bruksanvisning (DE, EN, IT, FR, ES)<\/p>\n","protected":false},"excerpt":{"rendered":"<p>SONGMICS 4-v\u00e5nings bokhylla f\u00f6r barn, f\u00f6rvaringshylla f\u00f6r b\u00f6cker, skolmaterial, f\u00f6r barnrum eller dagis, f\u00e4rgglad, l\u00f6nnf\u00e4rgad, GKR71YL<\/p>\n","protected":false},"featured_media":39953,"comment_status":"open","ping_status":"closed","template":"","meta":[],"product_brand":[],"product_cat":[33],"product_tag":[],"class_list":{"0":"post-11590","1":"product","2":"type-product","3":"status-publish","4":"has-post-thumbnail","6":"product_cat-okategoriserad","8":"first","9":"instock","10":"shipping-taxable","11":"purchasable","12":"product-type-simple"},"_links":{"self":[{"href":"https:\/\/nordicmart.andreevmaster.com\/sv\/wp-json\/wp\/v2\/product\/11590","targetHints":{"allow":["GET"]}}],"collection":[{"href":"https:\/\/nordicmart.andreevmaster.com\/sv\/wp-json\/wp\/v2\/product"}],"about":[{"href":"https:\/\/nordicmart.andreevmaster.com\/sv\/wp-json\/wp\/v2\/types\/product"}],"replies":[{"embeddable":true,"href":"https:\/\/nordicmart.andreevmaster.com\/sv\/wp-json\/wp\/v2\/comments?post=11590"}],"wp:featuredmedia":[{"embeddable":true,"href":"https:\/\/nordicmart.andreevmaster.com\/sv\/wp-json\/wp\/v2\/media\/39953"}],"wp:attachment":[{"href":"https:\/\/nordicmart.andreevmaster.com\/sv\/wp-json\/wp\/v2\/media?parent=11590"}],"wp:term":[{"taxonomy":"product_brand","embeddable":true,"href":"https:\/\/nordicmart.andreevmaster.com\/sv\/wp-json\/wp\/v2\/product_brand?post=11590"},{"taxonomy":"product_cat","embeddable":true,"href":"https:\/\/nordicmart.andreevmaster.com\/sv\/wp-json\/wp\/v2\/product_cat?post=11590"},{"taxonomy":"product_tag","embeddable":true,"href":"https:\/\/nordicmart.andreevmaster.com\/sv\/wp-json\/wp\/v2\/product_tag?post=11590"}],"curies":[{"name":"wp","href":"https:\/\/api.w.org\/{rel}","templated":true}]}}