{"id":11589,"date":"2026-02-27T00:11:03","date_gmt":"2026-02-27T00:11:03","guid":{"rendered":"https:\/\/nordicmart.andreevmaster.com\/product\/songmics-sot-barnhylla-orange-gron\/"},"modified":"2026-02-27T08:05:52","modified_gmt":"2026-02-27T08:05:52","slug":"songmics-sot-barnhylla-orange-gron","status":"publish","type":"product","link":"https:\/\/nordicmart.andreevmaster.com\/sv\/produkt\/songmics-sot-barnhylla-orange-gron\/","title":{"rendered":"SONGMICS S\u00f6t barnhylla orange-gr\u00f6n"},"content":{"rendered":"<p>\u00c4ntligen en kombination av f\u00f6rvaring och l\u00e4rande! Har du n\u00e5gonsin sett ett f\u00f6rvaringssystem f\u00f6r barn som b\u00e5de uppmuntrar till f\u00f6rvaring och l\u00e4sning? Med denna bok- och leksaksf\u00f6rvaring beh\u00f6ver du inte l\u00e4ngre s\u00e4ga &#8221;st\u00e4da ditt rum&#8221; om och om igen. Barn tycker om att st\u00e4da sina rum eftersom det \u00e4r mycket enklare att f\u00f6rvara sina b\u00f6cker, leksaker, skolmaterial och andra saker i denna hylla.Tillverkad av MDF-skivor och PP-plastl\u00e5dor, l\u00e4tt att reng\u00f6ra och mycket stabil. M\u00e5tt: 85,2 x 29,5 x 83 cm (B x D x H) f\u00f6r olika utrymmen. Sl\u00e4ta, rundade kanter f\u00f6rhindrar att barn repar sina kl\u00e4der. Tippskyddet anv\u00e4nds f\u00f6r att f\u00e4sta hyllan p\u00e5 v\u00e4ggen f\u00f6r extra s\u00e4kerhet. Denna vackra bokhylla passar perfekt i barnrummet och fr\u00e4mjar organisation och l\u00e4sning. V\u00e4nta inte l\u00e4ngre och ge denna bokhylla till dina barn! Utveckla deras f\u00e4rdigheter genom praktiska \u00f6vningar och v\u00e4ck deras intresse f\u00f6r l\u00e4rande! Produktdetaljer: F\u00e4rg: vit , flerf\u00e4rgad Material: MDF-skivor, melaminfan\u00e9r, PP-plast Produktstorlek: 85,2 x 29,5 x 83 cm (B x D x H) Vikt: 10 kg Belastningskapacitet per hylla: 5 kg Leveransomfattning: 1 x f\u00f6rvaringssk\u00e5p 1 x tillbeh\u00f6rsp\u00e5se 1 x bruksanvisning (DE, EN, FR, ES, IT) SONGMICS Anm\u00e4rkningar:Innan montering rekommenderas att du sprider ut expanderbart polyetenskum fr\u00e5n f\u00f6rpackningen p\u00e5 golvet f\u00f6r att undvika repor. Undvik direkt kontakt mellan produkten och h\u00e5rt golv under montering.<\/p>\n","protected":false},"excerpt":{"rendered":"<p>SONGMICS f\u00f6rvaringssk\u00e5p f\u00f6r barn, 3-v\u00e5nings bokhylla och 6 uttagbara l\u00e5dor f\u00f6r barnrum, dagis, flerf\u00e4rgat vitt GKR44WTV1<\/p>\n","protected":false},"featured_media":39952,"comment_status":"open","ping_status":"closed","template":"","meta":[],"product_brand":[],"product_cat":[33],"product_tag":[],"class_list":{"0":"post-11589","1":"product","2":"type-product","3":"status-publish","4":"has-post-thumbnail","6":"product_cat-okategoriserad","8":"first","9":"instock","10":"shipping-taxable","11":"purchasable","12":"product-type-simple"},"_links":{"self":[{"href":"https:\/\/nordicmart.andreevmaster.com\/sv\/wp-json\/wp\/v2\/product\/11589","targetHints":{"allow":["GET"]}}],"collection":[{"href":"https:\/\/nordicmart.andreevmaster.com\/sv\/wp-json\/wp\/v2\/product"}],"about":[{"href":"https:\/\/nordicmart.andreevmaster.com\/sv\/wp-json\/wp\/v2\/types\/product"}],"replies":[{"embeddable":true,"href":"https:\/\/nordicmart.andreevmaster.com\/sv\/wp-json\/wp\/v2\/comments?post=11589"}],"wp:featuredmedia":[{"embeddable":true,"href":"https:\/\/nordicmart.andreevmaster.com\/sv\/wp-json\/wp\/v2\/media\/39952"}],"wp:attachment":[{"href":"https:\/\/nordicmart.andreevmaster.com\/sv\/wp-json\/wp\/v2\/media?parent=11589"}],"wp:term":[{"taxonomy":"product_brand","embeddable":true,"href":"https:\/\/nordicmart.andreevmaster.com\/sv\/wp-json\/wp\/v2\/product_brand?post=11589"},{"taxonomy":"product_cat","embeddable":true,"href":"https:\/\/nordicmart.andreevmaster.com\/sv\/wp-json\/wp\/v2\/product_cat?post=11589"},{"taxonomy":"product_tag","embeddable":true,"href":"https:\/\/nordicmart.andreevmaster.com\/sv\/wp-json\/wp\/v2\/product_tag?post=11589"}],"curies":[{"name":"wp","href":"https:\/\/api.w.org\/{rel}","templated":true}]}}