{"id":11588,"date":"2026-02-27T00:11:03","date_gmt":"2026-02-27T00:11:03","guid":{"rendered":"https:\/\/nordicmart.andreevmaster.com\/product\/sod-bornehylde-orange-gron-2\/"},"modified":"2026-02-27T08:05:52","modified_gmt":"2026-02-27T08:05:52","slug":"sod-bornehylde-orange-gron-2","status":"publish","type":"product","link":"https:\/\/nordicmart.andreevmaster.com\/sv\/produkt\/sod-bornehylde-orange-gron-2\/","title":{"rendered":"S\u00f8d b\u00f8rnehylde orange-gr\u00f8n"},"content":{"rendered":"<p>\u00c4ntligen en kombination av f\u00f6rvaring och l\u00e4rande! Har du n\u00e5gonsin sett ett f\u00f6rvaringsst\u00e4ll f\u00f6r barn som uppmuntrar till f\u00f6rvaring och l\u00e4sning samtidigt? Med detta f\u00f6rvaringsst\u00e4ll f\u00f6r b\u00f6cker och leksaker beh\u00f6ver du inte hela tiden s\u00e4ga &#8221;st\u00e4da upp p\u00e5 ditt rum&#8221;. Barn tycker om att st\u00e4da sina rum, eftersom det \u00e4r mycket enklare att f\u00f6rvara sina b\u00f6cker, leksaker, skolmaterial och andra saker i detta stativ. Tillverkat av MDF-skivor och PP-plastl\u00e5dor, l\u00e4tt att reng\u00f6ra och mycket robust. M\u00e5tt: 85,2 x 29,5 x 83 cm (B x D x H) f\u00f6r olika utrymmesbehov. Sl\u00e4ta, rundade kanter f\u00f6rhindrar att barnen repar sina kl\u00e4der. Antiv\u00e4ntningsanordningarna anv\u00e4nds f\u00f6r att f\u00e4sta hyllan i v\u00e4ggen f\u00f6r extra s\u00e4kerhet. Denna vackra bokhylla \u00e4r perfekt f\u00f6r ett barnrum och uppmuntrar till organisering och l\u00e4sning, s\u00e5 v\u00e4nta inte l\u00e4ngre och ge den till dina barn! Utveckla deras f\u00e4rdigheter genom praktiska \u00f6vningar och v\u00e4ck deras intresse f\u00f6r att l\u00e4ra sig! Produktdetaljer: F\u00e4rg: vit, flerf\u00e4rgad Material: MDF-skivor, melaminfan\u00e9r, PP-plast Produktstorlek: 85,2 x 29,5 x 83 cm (B x D x H)Vikt: 10 kg Belastningskapacitet p\u00e5 varje niv\u00e5: 5 kg Leveransomf\u00e5ng: 1 x f\u00f6rvaringssk\u00e5p 1 x tillbeh\u00f6rsp\u00e5se 1 x instruktioner (DE, EN, FR, ES, IT) SONGMICS Anm\u00e4rkningar: F\u00f6re montering rekommenderas det att sprida expanderbar polyetenskum i f\u00f6rpackningen p\u00e5 golvet f\u00f6r att undvika repor. Undvik direkt kontakt mellan produkten och det h\u00e5rda golvet under monteringen.<\/p>\n","protected":false},"excerpt":{"rendered":"<p>\u00c4ntligen en kombination av f\u00f6rvaring och l\u00e4rande! Har du n\u00e5gonsin sett ett f\u00f6rvaringsst\u00e4ll f\u00f6r barn som uppmuntrar till f\u00f6rvaring och l\u00e4sning samtidigt? Med detta f\u00f6rvaringsst\u00e4ll f\u00f6r b\u00f6cker och leksaker beh\u00f6ver du inte hela tiden s\u00e4ga &#8221;st\u00e4da upp p\u00e5 ditt rum&#8221;. Barn tycker om att st\u00e4da sina rum, eftersom det \u00e4r mycket enklare att f\u00f6rvara sina [&hellip;]<\/p>\n","protected":false},"featured_media":0,"comment_status":"open","ping_status":"closed","template":"","meta":[],"product_brand":[],"product_cat":[33],"product_tag":[],"class_list":{"0":"post-11588","1":"product","2":"type-product","3":"status-publish","5":"product_cat-okategoriserad","7":"first","8":"instock","9":"shipping-taxable","10":"product-type-simple"},"_links":{"self":[{"href":"https:\/\/nordicmart.andreevmaster.com\/sv\/wp-json\/wp\/v2\/product\/11588","targetHints":{"allow":["GET"]}}],"collection":[{"href":"https:\/\/nordicmart.andreevmaster.com\/sv\/wp-json\/wp\/v2\/product"}],"about":[{"href":"https:\/\/nordicmart.andreevmaster.com\/sv\/wp-json\/wp\/v2\/types\/product"}],"replies":[{"embeddable":true,"href":"https:\/\/nordicmart.andreevmaster.com\/sv\/wp-json\/wp\/v2\/comments?post=11588"}],"wp:attachment":[{"href":"https:\/\/nordicmart.andreevmaster.com\/sv\/wp-json\/wp\/v2\/media?parent=11588"}],"wp:term":[{"taxonomy":"product_brand","embeddable":true,"href":"https:\/\/nordicmart.andreevmaster.com\/sv\/wp-json\/wp\/v2\/product_brand?post=11588"},{"taxonomy":"product_cat","embeddable":true,"href":"https:\/\/nordicmart.andreevmaster.com\/sv\/wp-json\/wp\/v2\/product_cat?post=11588"},{"taxonomy":"product_tag","embeddable":true,"href":"https:\/\/nordicmart.andreevmaster.com\/sv\/wp-json\/wp\/v2\/product_tag?post=11588"}],"curies":[{"name":"wp","href":"https:\/\/api.w.org\/{rel}","templated":true}]}}