{"id":11587,"date":"2026-02-27T00:11:03","date_gmt":"2026-02-27T00:11:03","guid":{"rendered":"https:\/\/nordicmart.andreevmaster.com\/product\/songmics-organizer-for-leksaker-och-bocker\/"},"modified":"2026-02-27T08:05:52","modified_gmt":"2026-02-27T08:05:52","slug":"songmics-organizer-for-leksaker-och-bocker","status":"publish","type":"product","link":"https:\/\/nordicmart.andreevmaster.com\/sv\/produkt\/songmics-organizer-for-leksaker-och-bocker\/","title":{"rendered":"SONGMICS Organizer f\u00f6r leksaker och b\u00f6cker"},"content":{"rendered":"<p>Tidl\u00f6s, barnv\u00e4nlig, individuell design: Den klassiska vita f\u00e4rgen g\u00f6r att denna leksakshylla aldrig riskerar att g\u00e5 ur mode. De f\u00e4rgglada klisterm\u00e4rkena med &#8221;universum-motiv&#8221; g\u00f6r det dessutom barnv\u00e4nligt och passar in i alla barnrum. Ett f\u00f6r allt: barnb\u00f6ckerna hamnar i de v\u00e5giga facken, leksakerna passar i de tv\u00e5 tygf\u00f6rvaringsl\u00e5dorna och trof\u00e9erna st\u00e5r stolt p\u00e5 hyllorna. Bokhylla f\u00f6r barn, leksaksf\u00f6rvaring, f\u00f6rvaringsl\u00e5da, hylla \u2013 du f\u00e5r allt detta med bara en best\u00e4llning! Vilken h\u00e4rlig eftermiddag! Ditt barn leker glatt i barnrummet och tar sedan sin favoritbilderbok fr\u00e5n den \u00f6vre hyllan. Vilka leksaker kommer det att trolla fram ur tygl\u00e5dorna efter att ha tittat p\u00e5 alla bilder? Produktdetaljer:F\u00e4rg: Vit Material: Sp\u00e5nskiva, textilkomposit, f\u00e4rgglada klisterm\u00e4rken Storlek: 93 x 30 x 100 cm (L x B x H) Vikt: 18,8 kg Leveransomfattning: 1 x barnrumshylla 2 x tygl\u00e5da 1 x beh\u00e5llare med tillbeh\u00f6r 1 x bruksanvisning (DE, EN, FR, ES, IT) SONGMICS Anm\u00e4rkningar:Reng\u00f6r produkten med en fuktig trasa och st\u00e4ll den sedan i en torr milj\u00f6. N\u00e4r du packar upp produkten kan den ha en \u201dny\u201d lukt. St\u00e4ll den i s\u00e5 fall p\u00e5 en sval, v\u00e4l ventilerad plats i n\u00e5gra timmar.<\/p>\n","protected":false},"excerpt":{"rendered":"<p>SONGMICS barnrumshylla, leksaksf\u00f6rvaring, bokhylla f\u00f6r barn, multifunktionell f\u00f6rvaring med 2 f\u00f6rvaringsl\u00e5dor, klisterm\u00e4rken med rymdtema, barnrum, sovrum, vit GKR42WT<\/p>\n","protected":false},"featured_media":39951,"comment_status":"open","ping_status":"closed","template":"","meta":[],"product_brand":[],"product_cat":[33],"product_tag":[],"class_list":{"0":"post-11587","1":"product","2":"type-product","3":"status-publish","4":"has-post-thumbnail","6":"product_cat-okategoriserad","8":"first","9":"instock","10":"shipping-taxable","11":"purchasable","12":"product-type-simple"},"_links":{"self":[{"href":"https:\/\/nordicmart.andreevmaster.com\/sv\/wp-json\/wp\/v2\/product\/11587","targetHints":{"allow":["GET"]}}],"collection":[{"href":"https:\/\/nordicmart.andreevmaster.com\/sv\/wp-json\/wp\/v2\/product"}],"about":[{"href":"https:\/\/nordicmart.andreevmaster.com\/sv\/wp-json\/wp\/v2\/types\/product"}],"replies":[{"embeddable":true,"href":"https:\/\/nordicmart.andreevmaster.com\/sv\/wp-json\/wp\/v2\/comments?post=11587"}],"wp:featuredmedia":[{"embeddable":true,"href":"https:\/\/nordicmart.andreevmaster.com\/sv\/wp-json\/wp\/v2\/media\/39951"}],"wp:attachment":[{"href":"https:\/\/nordicmart.andreevmaster.com\/sv\/wp-json\/wp\/v2\/media?parent=11587"}],"wp:term":[{"taxonomy":"product_brand","embeddable":true,"href":"https:\/\/nordicmart.andreevmaster.com\/sv\/wp-json\/wp\/v2\/product_brand?post=11587"},{"taxonomy":"product_cat","embeddable":true,"href":"https:\/\/nordicmart.andreevmaster.com\/sv\/wp-json\/wp\/v2\/product_cat?post=11587"},{"taxonomy":"product_tag","embeddable":true,"href":"https:\/\/nordicmart.andreevmaster.com\/sv\/wp-json\/wp\/v2\/product_tag?post=11587"}],"curies":[{"name":"wp","href":"https:\/\/api.w.org\/{rel}","templated":true}]}}