{"id":11583,"date":"2026-02-27T00:11:02","date_gmt":"2026-02-27T00:11:02","guid":{"rendered":"https:\/\/nordicmart.andreevmaster.com\/product\/songmics-barnrumshylla-med-forvaringslador\/"},"modified":"2026-02-27T08:05:52","modified_gmt":"2026-02-27T08:05:52","slug":"songmics-barnrumshylla-med-forvaringslador","status":"publish","type":"product","link":"https:\/\/nordicmart.andreevmaster.com\/sv\/produkt\/songmics-barnrumshylla-med-forvaringslador\/","title":{"rendered":"SONGMICS barnrumshylla med f\u00f6rvaringsl\u00e5dor"},"content":{"rendered":"<p>P\u00e5 v\u00e4g mot nya \u00e4ventyr! Vart tar rymdskeppet oss idag? H\u00e4r kan dina barn uppleva egna \u00e4ventyr och utveckla sin fantasi, kreativitet och nyfikenhet. Leksakshyllan \u00e4r med sina 4 hyllplan och 3 f\u00f6rvaringsl\u00e5dor dessutom tillr\u00e4ckligt rymlig f\u00f6r att ta med sig m\u00e5nga barnb\u00f6cker och leksaker p\u00e5 l\u00e5nga resor till fr\u00e4mmande v\u00e4rldar. En v\u00e4lkommen g\u00e4st Denna leksakshylla \u00e4r tillverkad av h\u00f6gkvalitativa material, har 3 f\u00f6rvaringsl\u00e5dor och hyllplan som \u00e4r placerade p\u00e5 en barnv\u00e4nlig h\u00f6jd. Det g\u00f6r den till en v\u00e4lkommen g\u00e4st i varje barnrum. Produktdetaljer: &#8211; F\u00e4rg: vit, bl\u00e5, rosa och gul &#8211; Material: MDF (medeldensitetsfiberplatta), sp\u00e5nskiva, non-woven-tyg &#8211; Storlek: 62 x 29,5 x 96 cm (L x B x H) &#8211; Storlek per tygbox: 27 x 27 x 27 (L x B x H) &#8211; Vikt: 14,9 kg Leveransomfattning: &#8211; 1 x barnrumshylla &#8211; 1 x tillbeh\u00f6rspaket &#8211; 3 x f\u00f6rvaringsl\u00e5da &#8211; 1 x bruksanvisning (DE, EN, FR, ES, IT) SONGMICS Anm\u00e4rkningar:- Produkten \u00e4r inte tv\u00e4ttbar \u2013 reng\u00f6r den med en fuktig trasa och placera den i en torr milj\u00f6. &#8211; Om produkten har en \u201dny\u201d lukt efter uppackningen, placera den p\u00e5 en v\u00e4l ventilerad plats under en kort tid.<\/p>\n","protected":false},"excerpt":{"rendered":"<p>SONGMICS barnrumshylla, bokhylla, leksakshylla, leksaksf\u00f6rvaring, multifunktionella f\u00f6rvaringsl\u00e5dor, f\u00f6rvaring, f\u00f6r barnrum, lekrum, vit, bl\u00e5, rosa och gul GKR330W01<\/p>\n","protected":false},"featured_media":39947,"comment_status":"open","ping_status":"closed","template":"","meta":[],"product_brand":[],"product_cat":[33],"product_tag":[],"class_list":{"0":"post-11583","1":"product","2":"type-product","3":"status-publish","4":"has-post-thumbnail","6":"product_cat-okategoriserad","8":"first","9":"instock","10":"shipping-taxable","11":"purchasable","12":"product-type-simple"},"_links":{"self":[{"href":"https:\/\/nordicmart.andreevmaster.com\/sv\/wp-json\/wp\/v2\/product\/11583","targetHints":{"allow":["GET"]}}],"collection":[{"href":"https:\/\/nordicmart.andreevmaster.com\/sv\/wp-json\/wp\/v2\/product"}],"about":[{"href":"https:\/\/nordicmart.andreevmaster.com\/sv\/wp-json\/wp\/v2\/types\/product"}],"replies":[{"embeddable":true,"href":"https:\/\/nordicmart.andreevmaster.com\/sv\/wp-json\/wp\/v2\/comments?post=11583"}],"wp:featuredmedia":[{"embeddable":true,"href":"https:\/\/nordicmart.andreevmaster.com\/sv\/wp-json\/wp\/v2\/media\/39947"}],"wp:attachment":[{"href":"https:\/\/nordicmart.andreevmaster.com\/sv\/wp-json\/wp\/v2\/media?parent=11583"}],"wp:term":[{"taxonomy":"product_brand","embeddable":true,"href":"https:\/\/nordicmart.andreevmaster.com\/sv\/wp-json\/wp\/v2\/product_brand?post=11583"},{"taxonomy":"product_cat","embeddable":true,"href":"https:\/\/nordicmart.andreevmaster.com\/sv\/wp-json\/wp\/v2\/product_cat?post=11583"},{"taxonomy":"product_tag","embeddable":true,"href":"https:\/\/nordicmart.andreevmaster.com\/sv\/wp-json\/wp\/v2\/product_tag?post=11583"}],"curies":[{"name":"wp","href":"https:\/\/api.w.org\/{rel}","templated":true}]}}