{"id":11582,"date":"2026-02-27T00:11:02","date_gmt":"2026-02-27T00:11:02","guid":{"rendered":"https:\/\/nordicmart.andreevmaster.com\/product\/songmics-barnrumshylla-svart-orange-och-gul\/"},"modified":"2026-02-27T08:05:51","modified_gmt":"2026-02-27T08:05:51","slug":"songmics-barnrumshylla-svart-orange-och-gul","status":"publish","type":"product","link":"https:\/\/nordicmart.andreevmaster.com\/sv\/produkt\/songmics-barnrumshylla-svart-orange-och-gul\/","title":{"rendered":"SONGMICS barnrumshylla svart orange och gul"},"content":{"rendered":"<p>En l\u00e5da full av fantasi! 2 rymliga leksaksl\u00e5dor, 2 \u00f6ppna hyllor i mitten och facken i den \u00f6vre delen kommer att stimulera dina barns fantasi. B\u00f6cker, byggklossar och leksaksfigurer \u2013 h\u00e4r finns plats f\u00f6r allt. Lycka finns h\u00e4r Dina barn kommer stolt att visa upp denna leksakshylla f\u00f6r sina v\u00e4nner n\u00e4sta g\u00e5ng de kommer p\u00e5 bes\u00f6k, eftersom alla deras skatter f\u00e5r plats i detta &#8221;hus&#8221;. De kan ocks\u00e5 utleva sin konstn\u00e4rliga och kreativa sida p\u00e5 tavlan f\u00f6r att ha \u00e4nnu roligare. Produktdetaljer: &#8211; F\u00e4rg: vit, svart, orange och gul &#8211; Material: MDF (medeldensitetsfiberplatta), sp\u00e5nskiva, non-woven-tyg &#8211; Storlek: 65 x 26,5 x 90 cm (L x B x H) &#8211; Storlek per tygbox: 31 x 28 x 17 cm (L x B x H) &#8211; Vikt: 10,9 kg Leveransomfattning: &#8211; 1 x barnrumshylla &#8211; 1 x tillbeh\u00f6rspaket &#8211; 2 x f\u00f6rvaringsl\u00e5da &#8211; 1 x bruksanvisning (DE, EN, FR, ES, IT) SONGMICS Anm\u00e4rkningar:- Produkten \u00e4r inte tv\u00e4ttbar \u2013 reng\u00f6r den med en fuktig trasa och placera den i en torr milj\u00f6. &#8211; Om produkten har en \u201dny\u201d lukt efter uppackningen, placera den p\u00e5 en v\u00e4l ventilerad plats under en kort tid.<\/p>\n","protected":false},"excerpt":{"rendered":"<p>SONGMICS barnrumshylla, leksaksorganiserare, leksakshylla med svart tavla, multifunktionella f\u00f6rvaringsl\u00e5dor, f\u00f6rvaring, vit, svart, orange och gul GKR320W01<\/p>\n","protected":false},"featured_media":39946,"comment_status":"open","ping_status":"closed","template":"","meta":[],"product_brand":[],"product_cat":[33],"product_tag":[],"class_list":{"0":"post-11582","1":"product","2":"type-product","3":"status-publish","4":"has-post-thumbnail","6":"product_cat-okategoriserad","8":"first","9":"instock","10":"shipping-taxable","11":"purchasable","12":"product-type-simple"},"_links":{"self":[{"href":"https:\/\/nordicmart.andreevmaster.com\/sv\/wp-json\/wp\/v2\/product\/11582","targetHints":{"allow":["GET"]}}],"collection":[{"href":"https:\/\/nordicmart.andreevmaster.com\/sv\/wp-json\/wp\/v2\/product"}],"about":[{"href":"https:\/\/nordicmart.andreevmaster.com\/sv\/wp-json\/wp\/v2\/types\/product"}],"replies":[{"embeddable":true,"href":"https:\/\/nordicmart.andreevmaster.com\/sv\/wp-json\/wp\/v2\/comments?post=11582"}],"wp:featuredmedia":[{"embeddable":true,"href":"https:\/\/nordicmart.andreevmaster.com\/sv\/wp-json\/wp\/v2\/media\/39946"}],"wp:attachment":[{"href":"https:\/\/nordicmart.andreevmaster.com\/sv\/wp-json\/wp\/v2\/media?parent=11582"}],"wp:term":[{"taxonomy":"product_brand","embeddable":true,"href":"https:\/\/nordicmart.andreevmaster.com\/sv\/wp-json\/wp\/v2\/product_brand?post=11582"},{"taxonomy":"product_cat","embeddable":true,"href":"https:\/\/nordicmart.andreevmaster.com\/sv\/wp-json\/wp\/v2\/product_cat?post=11582"},{"taxonomy":"product_tag","embeddable":true,"href":"https:\/\/nordicmart.andreevmaster.com\/sv\/wp-json\/wp\/v2\/product_tag?post=11582"}],"curies":[{"name":"wp","href":"https:\/\/api.w.org\/{rel}","templated":true}]}}