{"id":11581,"date":"2026-02-27T00:11:02","date_gmt":"2026-02-27T00:11:02","guid":{"rendered":"https:\/\/nordicmart.andreevmaster.com\/product\/songmics-barnhylla-med-fargglada-lador\/"},"modified":"2026-02-27T08:05:51","modified_gmt":"2026-02-27T08:05:51","slug":"songmics-barnhylla-med-fargglada-lador","status":"publish","type":"product","link":"https:\/\/nordicmart.andreevmaster.com\/sv\/produkt\/songmics-barnhylla-med-fargglada-lador\/","title":{"rendered":"SONGMICS barnhylla med f\u00e4rgglada l\u00e5dor"},"content":{"rendered":"<p>SONGMICS leksaksorganiserare \u00e4r ett fantastiskt tillskott till varje lekrum och erbjuder m\u00e5nga m\u00f6jligheter att skapa extra f\u00f6rvaringsutrymme eller visa upp ditt barns favoritleksaker! Organiseraren har en hylla i den \u00f6vre delen och 9 f\u00f6rvaringsl\u00e5dor som passar dina sm\u00e5. P\u00e5 s\u00e5 s\u00e4tt l\u00e4r de sig att sj\u00e4lva st\u00e4lla undan sina b\u00f6cker, leksaker och skolmaterial p\u00e5 ett ordnat s\u00e4tt. Ramen \u00e4r tillverkad av MDF och \u00e4r dessutom robust, stabil och l\u00e4tt. De medf\u00f6ljande tippskyddsremmarna garanterar dessutom s\u00e4kerheten och skyddar dina barn fr\u00e5n skador.<\/p>\n","protected":false},"excerpt":{"rendered":"<p>SONGMICS barnrumshylla, leksaksorganiserare med 9 avtagbara tygkorgar, leksaks- och bokhylla f\u00f6r barnrummet, vit ram GKR31WT<\/p>\n","protected":false},"featured_media":39945,"comment_status":"open","ping_status":"closed","template":"","meta":[],"product_brand":[],"product_cat":[33],"product_tag":[],"class_list":{"0":"post-11581","1":"product","2":"type-product","3":"status-publish","4":"has-post-thumbnail","6":"product_cat-okategoriserad","8":"first","9":"instock","10":"shipping-taxable","11":"purchasable","12":"product-type-simple"},"_links":{"self":[{"href":"https:\/\/nordicmart.andreevmaster.com\/sv\/wp-json\/wp\/v2\/product\/11581","targetHints":{"allow":["GET"]}}],"collection":[{"href":"https:\/\/nordicmart.andreevmaster.com\/sv\/wp-json\/wp\/v2\/product"}],"about":[{"href":"https:\/\/nordicmart.andreevmaster.com\/sv\/wp-json\/wp\/v2\/types\/product"}],"replies":[{"embeddable":true,"href":"https:\/\/nordicmart.andreevmaster.com\/sv\/wp-json\/wp\/v2\/comments?post=11581"}],"wp:featuredmedia":[{"embeddable":true,"href":"https:\/\/nordicmart.andreevmaster.com\/sv\/wp-json\/wp\/v2\/media\/39945"}],"wp:attachment":[{"href":"https:\/\/nordicmart.andreevmaster.com\/sv\/wp-json\/wp\/v2\/media?parent=11581"}],"wp:term":[{"taxonomy":"product_brand","embeddable":true,"href":"https:\/\/nordicmart.andreevmaster.com\/sv\/wp-json\/wp\/v2\/product_brand?post=11581"},{"taxonomy":"product_cat","embeddable":true,"href":"https:\/\/nordicmart.andreevmaster.com\/sv\/wp-json\/wp\/v2\/product_cat?post=11581"},{"taxonomy":"product_tag","embeddable":true,"href":"https:\/\/nordicmart.andreevmaster.com\/sv\/wp-json\/wp\/v2\/product_tag?post=11581"}],"curies":[{"name":"wp","href":"https:\/\/api.w.org\/{rel}","templated":true}]}}