{"id":11580,"date":"2026-02-27T00:11:02","date_gmt":"2026-02-27T00:11:02","guid":{"rendered":"https:\/\/nordicmart.andreevmaster.com\/product\/songmics-leksakshylla-med-2-forvaringslador\/"},"modified":"2026-02-27T08:05:51","modified_gmt":"2026-02-27T08:05:51","slug":"songmics-leksakshylla-med-2-forvaringslador","status":"publish","type":"product","link":"https:\/\/nordicmart.andreevmaster.com\/sv\/produkt\/songmics-leksakshylla-med-2-forvaringslador\/","title":{"rendered":"SONGMICS leksakshylla med 2 f\u00f6rvaringsl\u00e5dor"},"content":{"rendered":"<p>Pynta ditt hemKlassisk vit ram, vackra m\u00f6nster, f\u00e4rgglada l\u00e5dor och en barnv\u00e4nlig design \u2013 denna leksaksf\u00f6rvaring kommer att g\u00f6ra ditt hem vackrare.F\u00f6r en bra startDet \u00e4r b\u00e4ttre att l\u00e5ta dina barn l\u00e4ra sig tidigt hur man organiserar sig och f\u00f6rbereder sig f\u00f6r skolan. Denna leksakshylla med stort f\u00f6rvaringsutrymme och ett charmigt utseende kommer att f\u00e5 dina barn att st\u00e4da upp sina saker med gl\u00e4dje. Produktdetaljer: &#8211; F\u00e4rg: Vit, rosa och gul &#8211; Material: MDF (medeldensitetsfiberplatta), sp\u00e5nskiva, non-woven-tyg &#8211; Storlek: 62 x 29,5 x 80 cm (L x B x H) &#8211; Storlek per tygbox: 29,5 x 27 x 27 cm (L x B x H) &#8211; Vikt: 12,5 kg Leveransomfattning: &#8211; 1 x barnrumshylla &#8211; 1 x tillbeh\u00f6rspaket &#8211; 2 x f\u00f6rvaringsl\u00e5da &#8211; 1 x bruksanvisning (DE, EN, FR, ES, IT) SONGMICS Anm\u00e4rkningar:- Produkten \u00e4r inte tv\u00e4ttbar \u2013 reng\u00f6r den med en fuktig trasa och placera den i en torr milj\u00f6. &#8211; Om produkten har en \u201dny\u201d lukt efter uppackningen, placera den p\u00e5 en v\u00e4l ventilerad plats under en kort tid.<\/p>\n","protected":false},"excerpt":{"rendered":"<p>SONGMICS barnhylla, bokhylla, leksakshylla, leksaksf\u00f6rvaring, 2 multifunktionella f\u00f6rvaringsl\u00e5dor, hylla, f\u00f6r barnrum, lekrum, dagis, vit, rosa och gul GKR310W01<\/p>\n","protected":false},"featured_media":39944,"comment_status":"open","ping_status":"closed","template":"","meta":[],"product_brand":[],"product_cat":[33],"product_tag":[],"class_list":{"0":"post-11580","1":"product","2":"type-product","3":"status-publish","4":"has-post-thumbnail","6":"product_cat-okategoriserad","8":"first","9":"instock","10":"shipping-taxable","11":"purchasable","12":"product-type-simple"},"_links":{"self":[{"href":"https:\/\/nordicmart.andreevmaster.com\/sv\/wp-json\/wp\/v2\/product\/11580","targetHints":{"allow":["GET"]}}],"collection":[{"href":"https:\/\/nordicmart.andreevmaster.com\/sv\/wp-json\/wp\/v2\/product"}],"about":[{"href":"https:\/\/nordicmart.andreevmaster.com\/sv\/wp-json\/wp\/v2\/types\/product"}],"replies":[{"embeddable":true,"href":"https:\/\/nordicmart.andreevmaster.com\/sv\/wp-json\/wp\/v2\/comments?post=11580"}],"wp:featuredmedia":[{"embeddable":true,"href":"https:\/\/nordicmart.andreevmaster.com\/sv\/wp-json\/wp\/v2\/media\/39944"}],"wp:attachment":[{"href":"https:\/\/nordicmart.andreevmaster.com\/sv\/wp-json\/wp\/v2\/media?parent=11580"}],"wp:term":[{"taxonomy":"product_brand","embeddable":true,"href":"https:\/\/nordicmart.andreevmaster.com\/sv\/wp-json\/wp\/v2\/product_brand?post=11580"},{"taxonomy":"product_cat","embeddable":true,"href":"https:\/\/nordicmart.andreevmaster.com\/sv\/wp-json\/wp\/v2\/product_cat?post=11580"},{"taxonomy":"product_tag","embeddable":true,"href":"https:\/\/nordicmart.andreevmaster.com\/sv\/wp-json\/wp\/v2\/product_tag?post=11580"}],"curies":[{"name":"wp","href":"https:\/\/api.w.org\/{rel}","templated":true}]}}