{"id":11579,"date":"2026-02-27T00:11:01","date_gmt":"2026-02-27T00:11:01","guid":{"rendered":"https:\/\/nordicmart.andreevmaster.com\/product\/songmics-bokhylla-for-barn-vit-bla-rosa-gul-och-svart\/"},"modified":"2026-02-27T08:05:51","modified_gmt":"2026-02-27T08:05:51","slug":"songmics-bokhylla-for-barn-vit-bla-rosa-gul-och-svart","status":"publish","type":"product","link":"https:\/\/nordicmart.andreevmaster.com\/sv\/produkt\/songmics-bokhylla-for-barn-vit-bla-rosa-gul-och-svart\/","title":{"rendered":"SONGMICS bokhylla f\u00f6r barn, vit, bl\u00e5, rosa, gul och svart"},"content":{"rendered":"<p>L\u00e4s, m\u00e5la och dr\u00f6m En bokhylla med tavla p\u00e5 baksidan \u2013 en kombination som frig\u00f6r dina barns dolda potential! De kan f\u00f6rdjupa sig i bilderb\u00f6ckernas v\u00e4rldar i timmar. Och n\u00e4r de har bl\u00e4ddrat igenom alla b\u00f6cker kan de \u00e5terber\u00e4tta eller forts\u00e4tta sin favoritber\u00e4ttelse med krita i handen. Om det finns flera barn i huset kan alla hitta n\u00e5got att syssels\u00e4tta sig med h\u00e4r. Alltid tillr\u00e4ckligt med uppm\u00e4rksamhet f\u00f6r barnenF\u00e4rgglada skiljev\u00e4ggar, enh\u00f6rningsdekorationer, praktiska hjul och rundade h\u00f6rn&#8230; Med dessa barnv\u00e4nliga element skapar denna SONGMICS-bokhylla en avslappnad och mysig atmosf\u00e4r f\u00f6r l\u00e4sning och m\u00e5lning. Produktdetaljer:- F\u00e4rg: Vit, bl\u00e5, rosa, gul och svart- Material: MDF (medeldensitetsfiberplatta), sp\u00e5nskiva &#8211; Storlek: 68 x 40 x 61,5 cm (L x B x H) &#8211; Vikt: 12,2 kg Leveransomfattning: &#8211; 1 x bokhylla &#8211; 1 x tillbeh\u00f6rspaket &#8211; 1 x bruksanvisning (DE, EN, FR, ES, IT) SONGMICS Anm\u00e4rkningar:- Produkten \u00e4r inte tv\u00e4ttbar \u2013 reng\u00f6r den med en fuktig trasa och placera den i en torr milj\u00f6. &#8211; Om produkten har en \u201dny\u201d lukt efter uppackningen, placera den p\u00e5 en v\u00e4l ventilerad plats under en kort tid.<\/p>\n","protected":false},"excerpt":{"rendered":"<p>SONGMICS bokhylla f\u00f6r barn, bokorganiserare, barnrumshylla med hjul, tavla och hyllor, f\u00f6r barnrum, lekrum, vit, bl\u00e5, rosa, gul och svart GKR075W01<\/p>\n","protected":false},"featured_media":39943,"comment_status":"open","ping_status":"closed","template":"","meta":[],"product_brand":[],"product_cat":[33],"product_tag":[],"class_list":{"0":"post-11579","1":"product","2":"type-product","3":"status-publish","4":"has-post-thumbnail","6":"product_cat-okategoriserad","8":"first","9":"instock","10":"shipping-taxable","11":"purchasable","12":"product-type-simple"},"_links":{"self":[{"href":"https:\/\/nordicmart.andreevmaster.com\/sv\/wp-json\/wp\/v2\/product\/11579","targetHints":{"allow":["GET"]}}],"collection":[{"href":"https:\/\/nordicmart.andreevmaster.com\/sv\/wp-json\/wp\/v2\/product"}],"about":[{"href":"https:\/\/nordicmart.andreevmaster.com\/sv\/wp-json\/wp\/v2\/types\/product"}],"replies":[{"embeddable":true,"href":"https:\/\/nordicmart.andreevmaster.com\/sv\/wp-json\/wp\/v2\/comments?post=11579"}],"wp:featuredmedia":[{"embeddable":true,"href":"https:\/\/nordicmart.andreevmaster.com\/sv\/wp-json\/wp\/v2\/media\/39943"}],"wp:attachment":[{"href":"https:\/\/nordicmart.andreevmaster.com\/sv\/wp-json\/wp\/v2\/media?parent=11579"}],"wp:term":[{"taxonomy":"product_brand","embeddable":true,"href":"https:\/\/nordicmart.andreevmaster.com\/sv\/wp-json\/wp\/v2\/product_brand?post=11579"},{"taxonomy":"product_cat","embeddable":true,"href":"https:\/\/nordicmart.andreevmaster.com\/sv\/wp-json\/wp\/v2\/product_cat?post=11579"},{"taxonomy":"product_tag","embeddable":true,"href":"https:\/\/nordicmart.andreevmaster.com\/sv\/wp-json\/wp\/v2\/product_tag?post=11579"}],"curies":[{"name":"wp","href":"https:\/\/api.w.org\/{rel}","templated":true}]}}