{"id":11578,"date":"2026-02-27T00:11:01","date_gmt":"2026-02-27T00:11:01","guid":{"rendered":"https:\/\/nordicmart.andreevmaster.com\/product\/songmics-bokhylla-for-barn\/"},"modified":"2026-02-27T08:05:51","modified_gmt":"2026-02-27T08:05:51","slug":"songmics-bokhylla-for-barn","status":"publish","type":"product","link":"https:\/\/nordicmart.andreevmaster.com\/sv\/produkt\/songmics-bokhylla-for-barn\/","title":{"rendered":"SONGMICS bokhylla f\u00f6r barn"},"content":{"rendered":"<p>Produktdetaljer: &#8211; F\u00e4rg: Vit-rosa &#8211; Material: MDF (medeldensitetsfiberplatta), st\u00e5l, Oxford-tyg &#8211; Storlek: 62,8 x 28 x 72 cm (L x B x H) &#8211; Vikt: 6 kg Leveransomfattning: &#8211; 1 x bokhylla &#8211; 1 x tillbeh\u00f6rspaket &#8211; 1 x tippskydd &#8211; 1 x bruksanvisning SONGMICS Anm\u00e4rkningar: &#8211; Reng\u00f6r produkten med en fuktig trasa och l\u00e5t den sedan lufttorka. Tyget kan tv\u00e4ttas under vatten.<\/p>\n","protected":false},"excerpt":{"rendered":"<p>SONGMICS bokhylla f\u00f6r barn, barnrumshylla, med 5 hyllplan, leksaksorganiserare, med tippskydd, f\u00f6r barnrum, lekrum, skola, dagis, 62,8 x 28 x 72 cm, vit-rosa GKR071P01<\/p>\n","protected":false},"featured_media":39942,"comment_status":"open","ping_status":"closed","template":"","meta":[],"product_brand":[],"product_cat":[33],"product_tag":[],"class_list":{"0":"post-11578","1":"product","2":"type-product","3":"status-publish","4":"has-post-thumbnail","6":"product_cat-okategoriserad","8":"first","9":"instock","10":"shipping-taxable","11":"purchasable","12":"product-type-simple"},"_links":{"self":[{"href":"https:\/\/nordicmart.andreevmaster.com\/sv\/wp-json\/wp\/v2\/product\/11578","targetHints":{"allow":["GET"]}}],"collection":[{"href":"https:\/\/nordicmart.andreevmaster.com\/sv\/wp-json\/wp\/v2\/product"}],"about":[{"href":"https:\/\/nordicmart.andreevmaster.com\/sv\/wp-json\/wp\/v2\/types\/product"}],"replies":[{"embeddable":true,"href":"https:\/\/nordicmart.andreevmaster.com\/sv\/wp-json\/wp\/v2\/comments?post=11578"}],"wp:featuredmedia":[{"embeddable":true,"href":"https:\/\/nordicmart.andreevmaster.com\/sv\/wp-json\/wp\/v2\/media\/39942"}],"wp:attachment":[{"href":"https:\/\/nordicmart.andreevmaster.com\/sv\/wp-json\/wp\/v2\/media?parent=11578"}],"wp:term":[{"taxonomy":"product_brand","embeddable":true,"href":"https:\/\/nordicmart.andreevmaster.com\/sv\/wp-json\/wp\/v2\/product_brand?post=11578"},{"taxonomy":"product_cat","embeddable":true,"href":"https:\/\/nordicmart.andreevmaster.com\/sv\/wp-json\/wp\/v2\/product_cat?post=11578"},{"taxonomy":"product_tag","embeddable":true,"href":"https:\/\/nordicmart.andreevmaster.com\/sv\/wp-json\/wp\/v2\/product_tag?post=11578"}],"curies":[{"name":"wp","href":"https:\/\/api.w.org\/{rel}","templated":true}]}}