{"id":11575,"date":"2026-02-27T00:11:00","date_gmt":"2026-02-27T00:11:00","guid":{"rendered":"https:\/\/nordicmart.andreevmaster.com\/product\/songmics-bokhylla-for-barnrum\/"},"modified":"2026-02-27T08:05:50","modified_gmt":"2026-02-27T08:05:50","slug":"songmics-bokhylla-for-barnrum","status":"publish","type":"product","link":"https:\/\/nordicmart.andreevmaster.com\/sv\/produkt\/songmics-bokhylla-for-barnrum\/","title":{"rendered":"SONGMICS bokhylla f\u00f6r barnrum"},"content":{"rendered":"<p>B\u00f6cker p\u00e5 v\u00e4ggen: Har du inte plats f\u00f6r dina barns favoritb\u00f6cker? Denna v\u00e4ggmonterade bokhylla \u00e4r den perfekta och s\u00e4kra f\u00f6rvaringsplatsen. Tack vare den \u00f6ppna designen och extra st\u00e4nger mellan sidopanelerna kan dina barn enkelt komma \u00e5t sina b\u00f6cker med ett \u00f6gonkast. Och du beh\u00f6ver inte oroa dig f\u00f6r att b\u00f6ckerna ska falla ner. Obegr\u00e4nsad utforskning: Rymdteman kan stimulera dina barns uppt\u00e4ckarlust, st\u00e4rka deras intresse f\u00f6r universum och v\u00e4cka deras kreativitet. Med en djup p\u00e5 11,5 cm v\u00e4ntar de 3 hyllorna p\u00e5 intressanta ber\u00e4ttelser och sparar samtidigt plats i barnrummet, lekrummet eller klassrummet. Produktdetaljer:- F\u00e4rg: Vit &#8211; Material: MDF (medeldensitetsfiberplatta), metall &#8211; Storlek: 60 x 11,5 x 82 cm (L x B x H) &#8211; Vikt: 5,4 kg Leveransomfattning: &#8211; 1 x bokhylla &#8211; 1 x tillbeh\u00f6rspaket &#8211; 1 x bruksanvisning<\/p>\n","protected":false},"excerpt":{"rendered":"<p>SONGMICS bokhylla f\u00f6r barn, v\u00e4gghylla, bokorganiserare med 3 hyllplan, f\u00f6r barnrum, lekrum, skola, platsbesparande, vit GKR051W01<\/p>\n","protected":false},"featured_media":39939,"comment_status":"open","ping_status":"closed","template":"","meta":[],"product_brand":[],"product_cat":[33],"product_tag":[],"class_list":{"0":"post-11575","1":"product","2":"type-product","3":"status-publish","4":"has-post-thumbnail","6":"product_cat-okategoriserad","8":"first","9":"instock","10":"shipping-taxable","11":"purchasable","12":"product-type-simple"},"_links":{"self":[{"href":"https:\/\/nordicmart.andreevmaster.com\/sv\/wp-json\/wp\/v2\/product\/11575","targetHints":{"allow":["GET"]}}],"collection":[{"href":"https:\/\/nordicmart.andreevmaster.com\/sv\/wp-json\/wp\/v2\/product"}],"about":[{"href":"https:\/\/nordicmart.andreevmaster.com\/sv\/wp-json\/wp\/v2\/types\/product"}],"replies":[{"embeddable":true,"href":"https:\/\/nordicmart.andreevmaster.com\/sv\/wp-json\/wp\/v2\/comments?post=11575"}],"wp:featuredmedia":[{"embeddable":true,"href":"https:\/\/nordicmart.andreevmaster.com\/sv\/wp-json\/wp\/v2\/media\/39939"}],"wp:attachment":[{"href":"https:\/\/nordicmart.andreevmaster.com\/sv\/wp-json\/wp\/v2\/media?parent=11575"}],"wp:term":[{"taxonomy":"product_brand","embeddable":true,"href":"https:\/\/nordicmart.andreevmaster.com\/sv\/wp-json\/wp\/v2\/product_brand?post=11575"},{"taxonomy":"product_cat","embeddable":true,"href":"https:\/\/nordicmart.andreevmaster.com\/sv\/wp-json\/wp\/v2\/product_cat?post=11575"},{"taxonomy":"product_tag","embeddable":true,"href":"https:\/\/nordicmart.andreevmaster.com\/sv\/wp-json\/wp\/v2\/product_tag?post=11575"}],"curies":[{"name":"wp","href":"https:\/\/api.w.org\/{rel}","templated":true}]}}