{"id":11573,"date":"2026-02-27T00:11:00","date_gmt":"2026-02-27T00:11:00","guid":{"rendered":"https:\/\/nordicmart.andreevmaster.com\/product\/songmics-barnrumshylla-med-fargglada-lador\/"},"modified":"2026-02-27T08:05:50","modified_gmt":"2026-02-27T08:05:50","slug":"songmics-barnrumshylla-med-fargglada-lador","status":"publish","type":"product","link":"https:\/\/nordicmart.andreevmaster.com\/sv\/produkt\/songmics-barnrumshylla-med-fargglada-lador\/","title":{"rendered":"SONGMICS barnrumshylla med f\u00e4rgglada l\u00e5dor"},"content":{"rendered":"<p>Produktdetaljer:  &#8211; F\u00e4rg:  Ram: vit  F\u00f6rvaringsl\u00e5dor: orange, gul, bl\u00e5, gr\u00f6n &#8211; Material: MDF-skivor, metallr\u00f6r, PP-plast &#8211; M\u00e5tt (liten l\u00e5da): 30 x 12 x 19,5 cm (B x H x D)  &#8211; M\u00e5tt (stor l\u00e5da): 41 x 12 x 29,5 cm (B x H x D)  &#8211; Totala m\u00e5tt: 86 x 78 x 26,5 cm ( B x H x D)  &#8211; Nettovikt: 7,9 kg &#8211; Bruttovikt: 9,2 kg Leveransomfattning:  &#8211; 1 x leksakshylla &#8211; 2 x tippskydd &#8211; 1 x beslagsp\u00e5se &#8211; 1 x bruksanvisning ( DE, EN, IT, FR, ES)  Anvisningar:  1. Reng\u00f6r produkten regelbundet.  2. F\u00f6r s\u00e4kerhets skull, kontrollera regelbundet att skruvarna sitter ordentligt och att tippskyddet fungerar.  3. Anv\u00e4nd endast produkten i torra milj\u00f6er och skydda den fr\u00e5n direkt solljus och fukt.<\/p>\n","protected":false},"excerpt":{"rendered":"<p>SONGMICS barnhylla, barnrumshylla, leksakshylla, leksaksf\u00f6rvaring f\u00f6r barn, f\u00f6rvaringshylla f\u00f6r leksaker, ordningshylla med f\u00f6rvaringsl\u00e5dor, flerf\u00e4rgad GKR04W<\/p>\n","protected":false},"featured_media":39937,"comment_status":"open","ping_status":"closed","template":"","meta":[],"product_brand":[],"product_cat":[33],"product_tag":[],"class_list":{"0":"post-11573","1":"product","2":"type-product","3":"status-publish","4":"has-post-thumbnail","6":"product_cat-okategoriserad","8":"first","9":"instock","10":"shipping-taxable","11":"purchasable","12":"product-type-simple"},"_links":{"self":[{"href":"https:\/\/nordicmart.andreevmaster.com\/sv\/wp-json\/wp\/v2\/product\/11573","targetHints":{"allow":["GET"]}}],"collection":[{"href":"https:\/\/nordicmart.andreevmaster.com\/sv\/wp-json\/wp\/v2\/product"}],"about":[{"href":"https:\/\/nordicmart.andreevmaster.com\/sv\/wp-json\/wp\/v2\/types\/product"}],"replies":[{"embeddable":true,"href":"https:\/\/nordicmart.andreevmaster.com\/sv\/wp-json\/wp\/v2\/comments?post=11573"}],"wp:featuredmedia":[{"embeddable":true,"href":"https:\/\/nordicmart.andreevmaster.com\/sv\/wp-json\/wp\/v2\/media\/39937"}],"wp:attachment":[{"href":"https:\/\/nordicmart.andreevmaster.com\/sv\/wp-json\/wp\/v2\/media?parent=11573"}],"wp:term":[{"taxonomy":"product_brand","embeddable":true,"href":"https:\/\/nordicmart.andreevmaster.com\/sv\/wp-json\/wp\/v2\/product_brand?post=11573"},{"taxonomy":"product_cat","embeddable":true,"href":"https:\/\/nordicmart.andreevmaster.com\/sv\/wp-json\/wp\/v2\/product_cat?post=11573"},{"taxonomy":"product_tag","embeddable":true,"href":"https:\/\/nordicmart.andreevmaster.com\/sv\/wp-json\/wp\/v2\/product_tag?post=11573"}],"curies":[{"name":"wp","href":"https:\/\/api.w.org\/{rel}","templated":true}]}}