{"id":11571,"date":"2026-02-27T00:11:00","date_gmt":"2026-02-27T00:11:00","guid":{"rendered":"https:\/\/nordicmart.andreevmaster.com\/product\/songmics-barnrumshylla-med-12-forvaringslador\/"},"modified":"2026-02-27T08:05:49","modified_gmt":"2026-02-27T08:05:49","slug":"songmics-barnrumshylla-med-12-forvaringslador","status":"publish","type":"product","link":"https:\/\/nordicmart.andreevmaster.com\/sv\/produkt\/songmics-barnrumshylla-med-12-forvaringslador\/","title":{"rendered":"SONGMICS barnrumshylla med 12 f\u00f6rvaringsl\u00e5dor"},"content":{"rendered":"<p>Produktdetaljer: F\u00e4rg: M\u00f6rkgr\u00e5-vit Material: MDF (medeldensitetsfiberplatta), PP-plast Storlek: 86 x 26,5 x 78 cm (L x B x H) Vikt: 8 kg Leveransomfattning: 1 x hylla 12 x f\u00f6rvaringsl\u00e5da 1 x tippskydd 1 x bruksanvisning (DE, EN, FR, ES, IT) SONGMICS Anm\u00e4rkningar: Reng\u00f6r endast plastl\u00e5dorna under rinnande vatten. Reng\u00f6r resten av produkten med en fuktig trasa och st\u00e4ll den sedan i en torr milj\u00f6. Obs! Del B f\u00e4sts i plastl\u00e5dan E.<\/p>\n","protected":false},"excerpt":{"rendered":"<p>SONGMICS barnhylla, barnrumshylla, leksakshylla, leksaksf\u00f6rvaring f\u00f6r barn, f\u00f6rvaringshylla f\u00f6r leksaker, ordningshylla med f\u00f6rvaringsl\u00e5dor, flerf\u00e4rgad GKR04W<\/p>\n","protected":false},"featured_media":39935,"comment_status":"open","ping_status":"closed","template":"","meta":[],"product_brand":[],"product_cat":[33],"product_tag":[],"class_list":{"0":"post-11571","1":"product","2":"type-product","3":"status-publish","4":"has-post-thumbnail","6":"product_cat-okategoriserad","8":"first","9":"instock","10":"shipping-taxable","11":"purchasable","12":"product-type-simple"},"_links":{"self":[{"href":"https:\/\/nordicmart.andreevmaster.com\/sv\/wp-json\/wp\/v2\/product\/11571","targetHints":{"allow":["GET"]}}],"collection":[{"href":"https:\/\/nordicmart.andreevmaster.com\/sv\/wp-json\/wp\/v2\/product"}],"about":[{"href":"https:\/\/nordicmart.andreevmaster.com\/sv\/wp-json\/wp\/v2\/types\/product"}],"replies":[{"embeddable":true,"href":"https:\/\/nordicmart.andreevmaster.com\/sv\/wp-json\/wp\/v2\/comments?post=11571"}],"wp:featuredmedia":[{"embeddable":true,"href":"https:\/\/nordicmart.andreevmaster.com\/sv\/wp-json\/wp\/v2\/media\/39935"}],"wp:attachment":[{"href":"https:\/\/nordicmart.andreevmaster.com\/sv\/wp-json\/wp\/v2\/media?parent=11571"}],"wp:term":[{"taxonomy":"product_brand","embeddable":true,"href":"https:\/\/nordicmart.andreevmaster.com\/sv\/wp-json\/wp\/v2\/product_brand?post=11571"},{"taxonomy":"product_cat","embeddable":true,"href":"https:\/\/nordicmart.andreevmaster.com\/sv\/wp-json\/wp\/v2\/product_cat?post=11571"},{"taxonomy":"product_tag","embeddable":true,"href":"https:\/\/nordicmart.andreevmaster.com\/sv\/wp-json\/wp\/v2\/product_tag?post=11571"}],"curies":[{"name":"wp","href":"https:\/\/api.w.org\/{rel}","templated":true}]}}