{"id":11570,"date":"2026-02-27T00:10:59","date_gmt":"2026-02-27T00:10:59","guid":{"rendered":"https:\/\/nordicmart.andreevmaster.com\/product\/songmics-barnhylla-med-2-lador-for-leksaker-och-bocker-molnvit\/"},"modified":"2026-02-27T08:05:49","modified_gmt":"2026-02-27T08:05:49","slug":"songmics-barnhylla-med-2-lador-for-leksaker-och-bocker-molnvit","status":"publish","type":"product","link":"https:\/\/nordicmart.andreevmaster.com\/sv\/produkt\/songmics-barnhylla-med-2-lador-for-leksaker-och-bocker-molnvit\/","title":{"rendered":"SONGMICS barnhylla med 2 l\u00e5dor f\u00f6r leksaker och b\u00f6cker, molnvit"},"content":{"rendered":"<p>SONGMICS bokhylla f\u00f6r barn, barnhylla, leksakshylla med 2 f\u00f6rvaringsl\u00e5dor, f\u00f6r b\u00f6cker, barnrum, lekrum, vardagsrum<br \/>\nF\u00e4rg: molnvit<br \/>\nMaterial: sp\u00e5nskiva, non-woven<br \/>\nStorlek: 30 x 93 x 100 cm (D x B x H)<br \/>\nVikt: 20,2 kg<br \/>\nMax. total statisk belastningskapacitet: 45 kg<\/p>\n","protected":false},"excerpt":{"rendered":"<p>SONGMICS bokhylla f\u00f6r barn, barnhylla, leksakshylla med 2 f\u00f6rvaringsl\u00e5dor, f\u00f6r b\u00f6cker, barnrum, lekrum, vardagsrum<\/p>\n","protected":false},"featured_media":39934,"comment_status":"open","ping_status":"closed","template":"","meta":[],"product_brand":[],"product_cat":[33],"product_tag":[],"class_list":{"0":"post-11570","1":"product","2":"type-product","3":"status-publish","4":"has-post-thumbnail","6":"product_cat-okategoriserad","8":"first","9":"instock","10":"shipping-taxable","11":"purchasable","12":"product-type-simple"},"_links":{"self":[{"href":"https:\/\/nordicmart.andreevmaster.com\/sv\/wp-json\/wp\/v2\/product\/11570","targetHints":{"allow":["GET"]}}],"collection":[{"href":"https:\/\/nordicmart.andreevmaster.com\/sv\/wp-json\/wp\/v2\/product"}],"about":[{"href":"https:\/\/nordicmart.andreevmaster.com\/sv\/wp-json\/wp\/v2\/types\/product"}],"replies":[{"embeddable":true,"href":"https:\/\/nordicmart.andreevmaster.com\/sv\/wp-json\/wp\/v2\/comments?post=11570"}],"wp:featuredmedia":[{"embeddable":true,"href":"https:\/\/nordicmart.andreevmaster.com\/sv\/wp-json\/wp\/v2\/media\/39934"}],"wp:attachment":[{"href":"https:\/\/nordicmart.andreevmaster.com\/sv\/wp-json\/wp\/v2\/media?parent=11570"}],"wp:term":[{"taxonomy":"product_brand","embeddable":true,"href":"https:\/\/nordicmart.andreevmaster.com\/sv\/wp-json\/wp\/v2\/product_brand?post=11570"},{"taxonomy":"product_cat","embeddable":true,"href":"https:\/\/nordicmart.andreevmaster.com\/sv\/wp-json\/wp\/v2\/product_cat?post=11570"},{"taxonomy":"product_tag","embeddable":true,"href":"https:\/\/nordicmart.andreevmaster.com\/sv\/wp-json\/wp\/v2\/product_tag?post=11570"}],"curies":[{"name":"wp","href":"https:\/\/api.w.org\/{rel}","templated":true}]}}