{"id":11566,"date":"2026-02-27T00:10:59","date_gmt":"2026-02-27T00:10:59","guid":{"rendered":"https:\/\/nordicmart.andreevmaster.com\/product\/songmics-leksakshylla-med-3-hyllplan-pa-hjul-duvgra\/"},"modified":"2026-02-27T08:05:49","modified_gmt":"2026-02-27T08:05:49","slug":"songmics-leksakshylla-med-3-hyllplan-pa-hjul-duvgra","status":"publish","type":"product","link":"https:\/\/nordicmart.andreevmaster.com\/sv\/produkt\/songmics-leksakshylla-med-3-hyllplan-pa-hjul-duvgra\/","title":{"rendered":"SONGMICS leksakshylla med 3 hyllplan p\u00e5 hjul, duvgr\u00e5"},"content":{"rendered":"<p>SONGMICS leksakshylla, bokhylla f\u00f6r barn, barnrumshylla med 3 fack och utdragbar leksaksl\u00e5da med hjul, leksaksorganiserare, barnrum, f\u00f6r b\u00f6cker<br \/>\nF\u00e4rg: duvgr\u00e5<br \/>\nMaterial: MDF (medeldensitetsfiberplatta), sp\u00e5nskiva<br \/>\nHyllans storlek: 29,5 x 62,5 x 70 cm (D x B x H)<br \/>\nStorlek p\u00e5 den nedre l\u00e5dan: 28 x 59,5 x 37 cm (D x B x H)<br \/>\nVikt: 13,5 kg<br \/>\nMax. statisk totalbelastning: 25 kg<\/p>\n","protected":false},"excerpt":{"rendered":"<p>SONGMICS leksakshylla, bokhylla f\u00f6r barn, barnrumshylla med 3 fack och utdragbar leksaksl\u00e5da med hjul, leksaksorganiserare, barnrum, f\u00f6r b\u00f6cker<\/p>\n","protected":false},"featured_media":39930,"comment_status":"open","ping_status":"closed","template":"","meta":[],"product_brand":[],"product_cat":[33],"product_tag":[],"class_list":{"0":"post-11566","1":"product","2":"type-product","3":"status-publish","4":"has-post-thumbnail","6":"product_cat-okategoriserad","8":"first","9":"instock","10":"shipping-taxable","11":"purchasable","12":"product-type-simple"},"_links":{"self":[{"href":"https:\/\/nordicmart.andreevmaster.com\/sv\/wp-json\/wp\/v2\/product\/11566","targetHints":{"allow":["GET"]}}],"collection":[{"href":"https:\/\/nordicmart.andreevmaster.com\/sv\/wp-json\/wp\/v2\/product"}],"about":[{"href":"https:\/\/nordicmart.andreevmaster.com\/sv\/wp-json\/wp\/v2\/types\/product"}],"replies":[{"embeddable":true,"href":"https:\/\/nordicmart.andreevmaster.com\/sv\/wp-json\/wp\/v2\/comments?post=11566"}],"wp:featuredmedia":[{"embeddable":true,"href":"https:\/\/nordicmart.andreevmaster.com\/sv\/wp-json\/wp\/v2\/media\/39930"}],"wp:attachment":[{"href":"https:\/\/nordicmart.andreevmaster.com\/sv\/wp-json\/wp\/v2\/media?parent=11566"}],"wp:term":[{"taxonomy":"product_brand","embeddable":true,"href":"https:\/\/nordicmart.andreevmaster.com\/sv\/wp-json\/wp\/v2\/product_brand?post=11566"},{"taxonomy":"product_cat","embeddable":true,"href":"https:\/\/nordicmart.andreevmaster.com\/sv\/wp-json\/wp\/v2\/product_cat?post=11566"},{"taxonomy":"product_tag","embeddable":true,"href":"https:\/\/nordicmart.andreevmaster.com\/sv\/wp-json\/wp\/v2\/product_tag?post=11566"}],"curies":[{"name":"wp","href":"https:\/\/api.w.org\/{rel}","templated":true}]}}