{"id":11564,"date":"2026-02-27T00:10:58","date_gmt":"2026-02-27T00:10:58","guid":{"rendered":"https:\/\/nordicmart.andreevmaster.com\/product\/songmics-barnhylla-for-leksaker-och-bocker\/"},"modified":"2026-02-27T08:05:48","modified_gmt":"2026-02-27T08:05:48","slug":"songmics-barnhylla-for-leksaker-och-bocker","status":"publish","type":"product","link":"https:\/\/nordicmart.andreevmaster.com\/sv\/produkt\/songmics-barnhylla-for-leksaker-och-bocker\/","title":{"rendered":"SONGMICS barnhylla f\u00f6r leksaker och b\u00f6cker"},"content":{"rendered":"<p>Produktdetaljer: Material ram: milj\u00f6v\u00e4nlig MDF-skiva F\u00e4rg ram: bokf\u00e4rgad (GKR03Y); vit (GKR03W) M\u00e5tt: 86 x 78 x 27 cm (B x H x D) Material l\u00e5dor: milj\u00f6v\u00e4nlig PP-plast F\u00e4rg l\u00e5dor: orange, gul, bl\u00e5, gr\u00f6n M\u00e5tt sm\u00e5 l\u00e5dor: 30,5 x 12 x 20 cm (B x H x D) M\u00e5tt stora l\u00e5dor: 41 x 12 x 29,5 cm (B x H x D) Leveransomfattning: 1 x f\u00f6rvaringshylla f\u00f6r barn 1 x bruksanvisning (DE, EN, FR, IT, ES) 1 x beslagsp\u00e5se (mellan l\u00e5dorna)<\/p>\n","protected":false},"excerpt":{"rendered":"<p>SONGMICS barnhylla, barnrumshylla, bokhylla, f\u00f6rvaringshylla med tippskydd, 6 l\u00e5dor av plast, l\u00e4ttsk\u00f6tt, f\u00f6rvaring f\u00f6r leksaker GKR03W<\/p>\n","protected":false},"featured_media":39928,"comment_status":"open","ping_status":"closed","template":"","meta":[],"product_brand":[],"product_cat":[33],"product_tag":[],"class_list":{"0":"post-11564","1":"product","2":"type-product","3":"status-publish","4":"has-post-thumbnail","6":"product_cat-okategoriserad","8":"first","9":"instock","10":"shipping-taxable","11":"purchasable","12":"product-type-simple"},"_links":{"self":[{"href":"https:\/\/nordicmart.andreevmaster.com\/sv\/wp-json\/wp\/v2\/product\/11564","targetHints":{"allow":["GET"]}}],"collection":[{"href":"https:\/\/nordicmart.andreevmaster.com\/sv\/wp-json\/wp\/v2\/product"}],"about":[{"href":"https:\/\/nordicmart.andreevmaster.com\/sv\/wp-json\/wp\/v2\/types\/product"}],"replies":[{"embeddable":true,"href":"https:\/\/nordicmart.andreevmaster.com\/sv\/wp-json\/wp\/v2\/comments?post=11564"}],"wp:featuredmedia":[{"embeddable":true,"href":"https:\/\/nordicmart.andreevmaster.com\/sv\/wp-json\/wp\/v2\/media\/39928"}],"wp:attachment":[{"href":"https:\/\/nordicmart.andreevmaster.com\/sv\/wp-json\/wp\/v2\/media?parent=11564"}],"wp:term":[{"taxonomy":"product_brand","embeddable":true,"href":"https:\/\/nordicmart.andreevmaster.com\/sv\/wp-json\/wp\/v2\/product_brand?post=11564"},{"taxonomy":"product_cat","embeddable":true,"href":"https:\/\/nordicmart.andreevmaster.com\/sv\/wp-json\/wp\/v2\/product_cat?post=11564"},{"taxonomy":"product_tag","embeddable":true,"href":"https:\/\/nordicmart.andreevmaster.com\/sv\/wp-json\/wp\/v2\/product_tag?post=11564"}],"curies":[{"name":"wp","href":"https:\/\/api.w.org\/{rel}","templated":true}]}}