{"id":11563,"date":"2026-02-27T00:10:58","date_gmt":"2026-02-27T00:10:58","guid":{"rendered":"https:\/\/nordicmart.andreevmaster.com\/product\/songmics-barnhylla-med-7-forvaringslador-av-non-woven-tyg-molnvit\/"},"modified":"2026-02-27T08:05:48","modified_gmt":"2026-02-27T08:05:48","slug":"songmics-barnhylla-med-7-forvaringslador-av-non-woven-tyg-molnvit","status":"publish","type":"product","link":"https:\/\/nordicmart.andreevmaster.com\/sv\/produkt\/songmics-barnhylla-med-7-forvaringslador-av-non-woven-tyg-molnvit\/","title":{"rendered":"SONGMICS barnhylla med 7 f\u00f6rvaringsl\u00e5dor av non-woven-tyg, molnvit"},"content":{"rendered":"<p>SONGMICS barnrumshylla, leksakshylla med 7 f\u00f6rvaringsl\u00e5dor av non-woven-tyg, bokhylla f\u00f6r barn, barnhylla f\u00f6r leksaker, leksaksorganiserare, 29,5 x 62,5 x 60 cm, vit GKR034W01<br \/>\nF\u00e4rg: Molnvit<br \/>\nMaterial: MDF (medeldensitetsfiberplatta), non-woven tyg<br \/>\nStorlek: 29,5 x 62,5 x 60 cm (D x B x H)<br \/>\nVikt: 5,4 kg<br \/>\nMax. statisk belastningskapacitet per niv\u00e5: 10 kg<br \/>\nMax. statisk belastningskapacitet totalt: 30 kg<\/p>\n","protected":false},"excerpt":{"rendered":"<p>SONGMICS barnrumshylla, leksakshylla med 7 f\u00f6rvaringsl\u00e5dor av non-woven-tyg, bokhylla f\u00f6r barn, barnhylla f\u00f6r leksaker, leksaksorganiserare, 29,5 x 62,5 x 60 cm, vit GKR034W01<\/p>\n","protected":false},"featured_media":46572,"comment_status":"open","ping_status":"closed","template":"","meta":[],"product_brand":[],"product_cat":[33],"product_tag":[],"class_list":{"0":"post-11563","1":"product","2":"type-product","3":"status-publish","4":"has-post-thumbnail","6":"product_cat-okategoriserad","8":"first","9":"instock","10":"shipping-taxable","11":"purchasable","12":"product-type-simple"},"_links":{"self":[{"href":"https:\/\/nordicmart.andreevmaster.com\/sv\/wp-json\/wp\/v2\/product\/11563","targetHints":{"allow":["GET"]}}],"collection":[{"href":"https:\/\/nordicmart.andreevmaster.com\/sv\/wp-json\/wp\/v2\/product"}],"about":[{"href":"https:\/\/nordicmart.andreevmaster.com\/sv\/wp-json\/wp\/v2\/types\/product"}],"replies":[{"embeddable":true,"href":"https:\/\/nordicmart.andreevmaster.com\/sv\/wp-json\/wp\/v2\/comments?post=11563"}],"wp:featuredmedia":[{"embeddable":true,"href":"https:\/\/nordicmart.andreevmaster.com\/sv\/wp-json\/wp\/v2\/media\/46572"}],"wp:attachment":[{"href":"https:\/\/nordicmart.andreevmaster.com\/sv\/wp-json\/wp\/v2\/media?parent=11563"}],"wp:term":[{"taxonomy":"product_brand","embeddable":true,"href":"https:\/\/nordicmart.andreevmaster.com\/sv\/wp-json\/wp\/v2\/product_brand?post=11563"},{"taxonomy":"product_cat","embeddable":true,"href":"https:\/\/nordicmart.andreevmaster.com\/sv\/wp-json\/wp\/v2\/product_cat?post=11563"},{"taxonomy":"product_tag","embeddable":true,"href":"https:\/\/nordicmart.andreevmaster.com\/sv\/wp-json\/wp\/v2\/product_tag?post=11563"}],"curies":[{"name":"wp","href":"https:\/\/api.w.org\/{rel}","templated":true}]}}