{"id":11562,"date":"2026-02-27T00:10:58","date_gmt":"2026-02-27T00:10:58","guid":{"rendered":"https:\/\/nordicmart.andreevmaster.com\/product\/songmics-barnrumshylla-med-7-lador\/"},"modified":"2026-02-27T08:05:48","modified_gmt":"2026-02-27T08:05:48","slug":"songmics-barnrumshylla-med-7-lador","status":"publish","type":"product","link":"https:\/\/nordicmart.andreevmaster.com\/sv\/produkt\/songmics-barnrumshylla-med-7-lador\/","title":{"rendered":"SONGMICS barnrumshylla med 7 l\u00e5dor"},"content":{"rendered":"<p>Produktdetaljer: F\u00e4rg: Vit Material: MDF (medeldensitetsfiberplatta), st\u00e5lr\u00f6r, non-woven tyg Storlek: 29,5 x 62,5 x 60 cm (D x B x H) Vikt: 5,5 kg Max. statisk totalbelastning: 20 kg Leveransomfattning: 1 x leksakshylla 7 x f\u00f6rvaringsl\u00e5da (4 stora och 3 sm\u00e5) 1 x tillbeh\u00f6rspaket 2 x tippskydd 1 x bruksanvisning SONGMICS Anm\u00e4rkningar: Produkten \u00e4r inte en leksak. Barn b\u00f6r endast anv\u00e4nda leksaksf\u00f6rvaringen under uppsikt av en vuxen. Av s\u00e4kerhetssk\u00e4l \u00e4r det f\u00f6rbjudet f\u00f6r barn att kl\u00e4ttra p\u00e5 f\u00f6rvaringshyllan. F\u00e4st denna barnhylla p\u00e5 v\u00e4ggen med det medf\u00f6ljande tippskyddet f\u00f6r att f\u00f6rhindra att den v\u00e4lter. Produkten \u00e4r inte tv\u00e4ttbar. Reng\u00f6r den med en fuktig trasa och placera den i en torr milj\u00f6. Skydda tygboxarna fr\u00e5n vatten. Om leksaksst\u00e4llet har en svag lukt efter uppackningen, placera det p\u00e5 en v\u00e4l ventilerad plats under en kort tid.<\/p>\n","protected":false},"excerpt":{"rendered":"<p>SONGMICS barnrumshylla, leksakshylla med 7 f\u00f6rvaringsl\u00e5dor av non-woven-tyg, bokhylla f\u00f6r barn, barnhylla f\u00f6r leksaker, leksaksorganiserare, 29,5 x 62,5 x 60 cm, vit GKR034W01<\/p>\n","protected":false},"featured_media":0,"comment_status":"open","ping_status":"closed","template":"","meta":[],"product_brand":[],"product_cat":[33],"product_tag":[],"class_list":{"0":"post-11562","1":"product","2":"type-product","3":"status-publish","5":"product_cat-okategoriserad","7":"first","8":"instock","9":"shipping-taxable","10":"purchasable","11":"product-type-simple"},"_links":{"self":[{"href":"https:\/\/nordicmart.andreevmaster.com\/sv\/wp-json\/wp\/v2\/product\/11562","targetHints":{"allow":["GET"]}}],"collection":[{"href":"https:\/\/nordicmart.andreevmaster.com\/sv\/wp-json\/wp\/v2\/product"}],"about":[{"href":"https:\/\/nordicmart.andreevmaster.com\/sv\/wp-json\/wp\/v2\/types\/product"}],"replies":[{"embeddable":true,"href":"https:\/\/nordicmart.andreevmaster.com\/sv\/wp-json\/wp\/v2\/comments?post=11562"}],"wp:attachment":[{"href":"https:\/\/nordicmart.andreevmaster.com\/sv\/wp-json\/wp\/v2\/media?parent=11562"}],"wp:term":[{"taxonomy":"product_brand","embeddable":true,"href":"https:\/\/nordicmart.andreevmaster.com\/sv\/wp-json\/wp\/v2\/product_brand?post=11562"},{"taxonomy":"product_cat","embeddable":true,"href":"https:\/\/nordicmart.andreevmaster.com\/sv\/wp-json\/wp\/v2\/product_cat?post=11562"},{"taxonomy":"product_tag","embeddable":true,"href":"https:\/\/nordicmart.andreevmaster.com\/sv\/wp-json\/wp\/v2\/product_tag?post=11562"}],"curies":[{"name":"wp","href":"https:\/\/api.w.org\/{rel}","templated":true}]}}