{"id":11559,"date":"2026-02-27T00:10:57","date_gmt":"2026-02-27T00:10:57","guid":{"rendered":"https:\/\/nordicmart.andreevmaster.com\/product\/songmics-barnhylla-med-9-forvaringslador-av-non-woven-tyg-duvgra\/"},"modified":"2026-02-27T08:05:48","modified_gmt":"2026-02-27T08:05:48","slug":"songmics-barnhylla-med-9-forvaringslador-av-non-woven-tyg-duvgra","status":"publish","type":"product","link":"https:\/\/nordicmart.andreevmaster.com\/sv\/produkt\/songmics-barnhylla-med-9-forvaringslador-av-non-woven-tyg-duvgra\/","title":{"rendered":"SONGMICS barnhylla med 9 f\u00f6rvaringsl\u00e5dor av non-woven-tyg, duvgr\u00e5"},"content":{"rendered":"<p>SONGMICS barnhylla, leksakshylla, bokhylla f\u00f6r barn, med 9 f\u00f6rvaringsl\u00e5dor av non-woven-tyg, barnrumshylla, rymlig, 29,5 x 62,5 x 60 cm<br \/>\nF\u00e4rg: Duvgr\u00e5<br \/>\nMaterial: MDF (medeldensitetsfiberplatta), non-woven-tyg<br \/>\nStorlek: 29,5 x 62,5 x 60 cm (D x B x H)<br \/>\nVikt: 5,6 kg<br \/>\nMax. statisk belastningskapacitet per l\u00e5da: 2 kg<br \/>\nMax. statisk belastningskapacitet per niv\u00e5: 6 kg<br \/>\nMax. statisk belastningskapacitet totalt: 18 kg<\/p>\n","protected":false},"excerpt":{"rendered":"<p>SONGMICS barnhylla, leksakshylla, bokhylla f\u00f6r barn, med 9 f\u00f6rvaringsl\u00e5dor av non-woven-tyg, barnrumshylla, rymlig, 29,5 x 62,5 x 60 cm<\/p>\n","protected":false},"featured_media":46570,"comment_status":"open","ping_status":"closed","template":"","meta":[],"product_brand":[],"product_cat":[33],"product_tag":[],"class_list":{"0":"post-11559","1":"product","2":"type-product","3":"status-publish","4":"has-post-thumbnail","6":"product_cat-okategoriserad","8":"first","9":"instock","10":"shipping-taxable","11":"purchasable","12":"product-type-simple"},"_links":{"self":[{"href":"https:\/\/nordicmart.andreevmaster.com\/sv\/wp-json\/wp\/v2\/product\/11559","targetHints":{"allow":["GET"]}}],"collection":[{"href":"https:\/\/nordicmart.andreevmaster.com\/sv\/wp-json\/wp\/v2\/product"}],"about":[{"href":"https:\/\/nordicmart.andreevmaster.com\/sv\/wp-json\/wp\/v2\/types\/product"}],"replies":[{"embeddable":true,"href":"https:\/\/nordicmart.andreevmaster.com\/sv\/wp-json\/wp\/v2\/comments?post=11559"}],"wp:featuredmedia":[{"embeddable":true,"href":"https:\/\/nordicmart.andreevmaster.com\/sv\/wp-json\/wp\/v2\/media\/46570"}],"wp:attachment":[{"href":"https:\/\/nordicmart.andreevmaster.com\/sv\/wp-json\/wp\/v2\/media?parent=11559"}],"wp:term":[{"taxonomy":"product_brand","embeddable":true,"href":"https:\/\/nordicmart.andreevmaster.com\/sv\/wp-json\/wp\/v2\/product_brand?post=11559"},{"taxonomy":"product_cat","embeddable":true,"href":"https:\/\/nordicmart.andreevmaster.com\/sv\/wp-json\/wp\/v2\/product_cat?post=11559"},{"taxonomy":"product_tag","embeddable":true,"href":"https:\/\/nordicmart.andreevmaster.com\/sv\/wp-json\/wp\/v2\/product_tag?post=11559"}],"curies":[{"name":"wp","href":"https:\/\/api.w.org\/{rel}","templated":true}]}}