{"id":11558,"date":"2026-02-27T00:10:57","date_gmt":"2026-02-27T00:10:57","guid":{"rendered":"https:\/\/nordicmart.andreevmaster.com\/product\/songmics-fargglad-barnhylla-med-lador\/"},"modified":"2026-02-27T08:05:47","modified_gmt":"2026-02-27T08:05:47","slug":"songmics-fargglad-barnhylla-med-lador","status":"publish","type":"product","link":"https:\/\/nordicmart.andreevmaster.com\/sv\/produkt\/songmics-fargglad-barnhylla-med-lador\/","title":{"rendered":"SONGMICS F\u00e4rgglad barnhylla med l\u00e5dor"},"content":{"rendered":"<p>Songmics f\u00f6rvaringshylla f\u00f6r barn \u00e4r ett praktiskt m\u00f6bel f\u00f6r alla barnrum. Hyllan har precis r\u00e4tt storlek f\u00f6r barn och l\u00e5dorna kan l\u00e4tt tas ut \u00e4ven av sm\u00e5 barn. P\u00e5 s\u00e5 s\u00e4tt v\u00e4njer sig barnen fr\u00e5n tidig \u00e5lder vid att st\u00e4da sina rum.J\u00e4mf\u00f6rt med tygboxar \u00e4r PP-l\u00e5dor robustare, h\u00e5llbarare och l\u00e4ttare att reng\u00f6ra. Med Songmics barnf\u00f6rvaringshylla kan leksaker, gosedjur, b\u00f6cker och mycket mer f\u00f6rvaras p\u00e5 ett bra s\u00e4tt, s\u00e5 att barnrummet h\u00e5lls st\u00e4dat.Produktdetaljer: Material ram: milj\u00f6v\u00e4nlig MDF-skiva F\u00e4rg ram: vit M\u00e5tt: 86 x 60 x 27 cm (B x H x D) Material l\u00e5dor: milj\u00f6v\u00e4nlig PP-plast F\u00e4rg l\u00e5dor: r\u00f6d, gul, bl\u00e5, gr\u00f6n M\u00e5tt l\u00e5dor (stora): 41 x 12 x 29,5 cm vardera (B x H x D) M\u00e5tt l\u00e5dor (sm\u00e5): 30,5 x 12 x 20 cm (B x H x D) Leveransomfattning: 1 x f\u00f6rvaringshylla f\u00f6r barn 1 x bruksanvisning (DE, EN, FR, IT, ES) 1 x beslagsp\u00e5se (mellan l\u00e5dorna)<\/p>\n","protected":false},"excerpt":{"rendered":"<p>SONGMICS XL leksakshylla, barnhylla, barnrumshylla med tippskydd, 86 cm l\u00e5ng, med 3 stora och 6 sm\u00e5 l\u00e5dor GKR02W<\/p>\n","protected":false},"featured_media":39926,"comment_status":"open","ping_status":"closed","template":"","meta":[],"product_brand":[],"product_cat":[33],"product_tag":[],"class_list":{"0":"post-11558","1":"product","2":"type-product","3":"status-publish","4":"has-post-thumbnail","6":"product_cat-okategoriserad","8":"first","9":"instock","10":"shipping-taxable","11":"purchasable","12":"product-type-simple"},"_links":{"self":[{"href":"https:\/\/nordicmart.andreevmaster.com\/sv\/wp-json\/wp\/v2\/product\/11558","targetHints":{"allow":["GET"]}}],"collection":[{"href":"https:\/\/nordicmart.andreevmaster.com\/sv\/wp-json\/wp\/v2\/product"}],"about":[{"href":"https:\/\/nordicmart.andreevmaster.com\/sv\/wp-json\/wp\/v2\/types\/product"}],"replies":[{"embeddable":true,"href":"https:\/\/nordicmart.andreevmaster.com\/sv\/wp-json\/wp\/v2\/comments?post=11558"}],"wp:featuredmedia":[{"embeddable":true,"href":"https:\/\/nordicmart.andreevmaster.com\/sv\/wp-json\/wp\/v2\/media\/39926"}],"wp:attachment":[{"href":"https:\/\/nordicmart.andreevmaster.com\/sv\/wp-json\/wp\/v2\/media?parent=11558"}],"wp:term":[{"taxonomy":"product_brand","embeddable":true,"href":"https:\/\/nordicmart.andreevmaster.com\/sv\/wp-json\/wp\/v2\/product_brand?post=11558"},{"taxonomy":"product_cat","embeddable":true,"href":"https:\/\/nordicmart.andreevmaster.com\/sv\/wp-json\/wp\/v2\/product_cat?post=11558"},{"taxonomy":"product_tag","embeddable":true,"href":"https:\/\/nordicmart.andreevmaster.com\/sv\/wp-json\/wp\/v2\/product_tag?post=11558"}],"curies":[{"name":"wp","href":"https:\/\/api.w.org\/{rel}","templated":true}]}}