{"id":11557,"date":"2026-02-27T00:10:57","date_gmt":"2026-02-27T00:10:57","guid":{"rendered":"https:\/\/nordicmart.andreevmaster.com\/product\/songmics-bokhylla-for-barnrum-med-4-hyllplan-vit-naturfargad\/"},"modified":"2026-02-27T08:05:47","modified_gmt":"2026-02-27T08:05:47","slug":"songmics-bokhylla-for-barnrum-med-4-hyllplan-vit-naturfargad","status":"publish","type":"product","link":"https:\/\/nordicmart.andreevmaster.com\/sv\/produkt\/songmics-bokhylla-for-barnrum-med-4-hyllplan-vit-naturfargad\/","title":{"rendered":"SONGMICS bokhylla f\u00f6r barnrum med 4 hyllplan, vit-naturf\u00e4rgad"},"content":{"rendered":"<p>SONGMICS bokhylla f\u00f6r barn, barnhylla med 3 hyllplan, leksakshylla, v\u00e4gghylla, f\u00f6r barnrum, lekrum, vit-naturf\u00e4rgad GKR013W02<br \/>\nF\u00e4rg: Vit-naturf\u00e4rger<br \/>\nMaterial: MDF (medeldensitetsfiberplatta), furu<br \/>\nStorlek: 12 x 80 x 100 cm (D x B x H)<br \/>\nVikt: 6,5 kg<br \/>\nMax. statisk belastningskapacitet per niv\u00e5: 8 kg<\/p>\n","protected":false},"excerpt":{"rendered":"<p>SONGMICS bokhylla f\u00f6r barn, barnhylla med 3 hyllplan, leksakshylla, v\u00e4gghylla, f\u00f6r barnrum, lekrum, vit-naturf\u00e4rgad GKR013W02<\/p>\n","protected":false},"featured_media":39925,"comment_status":"open","ping_status":"closed","template":"","meta":[],"product_brand":[],"product_cat":[33],"product_tag":[],"class_list":{"0":"post-11557","1":"product","2":"type-product","3":"status-publish","4":"has-post-thumbnail","6":"product_cat-okategoriserad","8":"first","9":"instock","10":"shipping-taxable","11":"purchasable","12":"product-type-simple"},"_links":{"self":[{"href":"https:\/\/nordicmart.andreevmaster.com\/sv\/wp-json\/wp\/v2\/product\/11557","targetHints":{"allow":["GET"]}}],"collection":[{"href":"https:\/\/nordicmart.andreevmaster.com\/sv\/wp-json\/wp\/v2\/product"}],"about":[{"href":"https:\/\/nordicmart.andreevmaster.com\/sv\/wp-json\/wp\/v2\/types\/product"}],"replies":[{"embeddable":true,"href":"https:\/\/nordicmart.andreevmaster.com\/sv\/wp-json\/wp\/v2\/comments?post=11557"}],"wp:featuredmedia":[{"embeddable":true,"href":"https:\/\/nordicmart.andreevmaster.com\/sv\/wp-json\/wp\/v2\/media\/39925"}],"wp:attachment":[{"href":"https:\/\/nordicmart.andreevmaster.com\/sv\/wp-json\/wp\/v2\/media?parent=11557"}],"wp:term":[{"taxonomy":"product_brand","embeddable":true,"href":"https:\/\/nordicmart.andreevmaster.com\/sv\/wp-json\/wp\/v2\/product_brand?post=11557"},{"taxonomy":"product_cat","embeddable":true,"href":"https:\/\/nordicmart.andreevmaster.com\/sv\/wp-json\/wp\/v2\/product_cat?post=11557"},{"taxonomy":"product_tag","embeddable":true,"href":"https:\/\/nordicmart.andreevmaster.com\/sv\/wp-json\/wp\/v2\/product_tag?post=11557"}],"curies":[{"name":"wp","href":"https:\/\/api.w.org\/{rel}","templated":true}]}}