{"id":11555,"date":"2026-02-27T00:10:56","date_gmt":"2026-02-27T00:10:56","guid":{"rendered":"https:\/\/nordicmart.andreevmaster.com\/product\/songmics-barnbordsset-med-2-stolar-vitt\/"},"modified":"2026-02-27T08:05:47","modified_gmt":"2026-02-27T08:05:47","slug":"songmics-barnbordsset-med-2-stolar-vitt","status":"publish","type":"product","link":"https:\/\/nordicmart.andreevmaster.com\/sv\/produkt\/songmics-barnbordsset-med-2-stolar-vitt\/","title":{"rendered":"SONGMICS barnbordsset med 2 stolar, vitt"},"content":{"rendered":"<p>Speciellt f\u00f6r dina sm\u00e5 Vill ditt barn utforska omgivningen och f\u00f6rs\u00f6ker kl\u00e4ttra upp p\u00e5 mammas bord? Dags att g\u00f6ra en f\u00f6r\u00e4ndring s\u00e5 att du inte beh\u00f6ver oroa dig l\u00e4ngre! Detta bordsset f\u00f6r barn \u00e4r 55 cm h\u00f6gt och \u00e4r en perfekt present till din lilla \u00e4ventyrare. Fr\u00e5n och med nu kan du arbeta i lugn och ro vid ditt skrivbord medan ditt barn leker vid sitt. Litet bord, liten anstr\u00e4ngning Inga sv\u00e5ra monteringssteg h\u00e4r! Med en enkel struktur, l\u00e4ttf\u00f6rst\u00e5eliga instruktioner och v\u00e4lm\u00e4rkta delar \u00e4r monteringen en barnlek. Dina barn kan ta \u00f6ver det nya bordet och stolarna p\u00e5 nolltid. Produktdetaljer: &#8211; F\u00e4rg: Vit &#8211; Material: MDF (medeldensitetsfiberplatta), ben av massivt tr\u00e4 &#8211; Bordets storlek: 60 x 60 x 55 cm (L x B x H) &#8211; Storlek per stol: 31 x 31 x 55 cm (L x B x H) &#8211; Vikt f\u00f6r bordsset: 12 kg &#8211; Max. statisk belastningskapacitet f\u00f6r bordet: 35 kg &#8211; Max. statisk belastningskapacitet per stol: 35 kg Leveransomfattning:- 1 x bord &#8211; 2 x stol &#8211; 1 x tillbeh\u00f6rspaket &#8211; 1 x bruksanvisning (DE, EN, FR, ES, IT)<\/p>\n","protected":false},"excerpt":{"rendered":"<p>SONGMICS barnbordsset, 3 delar, bord med 2 stolar, bordsben i massivt tr\u00e4, barnm\u00f6bler, f\u00f6r barnrum och lekrum, vitt GKR010W01<\/p>\n","protected":false},"featured_media":39923,"comment_status":"open","ping_status":"closed","template":"","meta":[],"product_brand":[],"product_cat":[33],"product_tag":[],"class_list":{"0":"post-11555","1":"product","2":"type-product","3":"status-publish","4":"has-post-thumbnail","6":"product_cat-okategoriserad","8":"first","9":"instock","10":"shipping-taxable","11":"purchasable","12":"product-type-simple"},"_links":{"self":[{"href":"https:\/\/nordicmart.andreevmaster.com\/sv\/wp-json\/wp\/v2\/product\/11555","targetHints":{"allow":["GET"]}}],"collection":[{"href":"https:\/\/nordicmart.andreevmaster.com\/sv\/wp-json\/wp\/v2\/product"}],"about":[{"href":"https:\/\/nordicmart.andreevmaster.com\/sv\/wp-json\/wp\/v2\/types\/product"}],"replies":[{"embeddable":true,"href":"https:\/\/nordicmart.andreevmaster.com\/sv\/wp-json\/wp\/v2\/comments?post=11555"}],"wp:featuredmedia":[{"embeddable":true,"href":"https:\/\/nordicmart.andreevmaster.com\/sv\/wp-json\/wp\/v2\/media\/39923"}],"wp:attachment":[{"href":"https:\/\/nordicmart.andreevmaster.com\/sv\/wp-json\/wp\/v2\/media?parent=11555"}],"wp:term":[{"taxonomy":"product_brand","embeddable":true,"href":"https:\/\/nordicmart.andreevmaster.com\/sv\/wp-json\/wp\/v2\/product_brand?post=11555"},{"taxonomy":"product_cat","embeddable":true,"href":"https:\/\/nordicmart.andreevmaster.com\/sv\/wp-json\/wp\/v2\/product_cat?post=11555"},{"taxonomy":"product_tag","embeddable":true,"href":"https:\/\/nordicmart.andreevmaster.com\/sv\/wp-json\/wp\/v2\/product_tag?post=11555"}],"curies":[{"name":"wp","href":"https:\/\/api.w.org\/{rel}","templated":true}]}}