{"id":11553,"date":"2026-02-27T00:10:56","date_gmt":"2026-02-27T00:10:56","guid":{"rendered":"https:\/\/nordicmart.andreevmaster.com\/product\/muslin-garland-gold-beige-350-cm-2\/"},"modified":"2026-02-27T08:05:47","modified_gmt":"2026-02-27T08:05:47","slug":"muslin-garland-gold-beige-350-cm-2","status":"publish","type":"product","link":"https:\/\/nordicmart.andreevmaster.com\/sv\/produkt\/muslin-garland-gold-beige-350-cm-2\/","title":{"rendered":"Muslin Garland Gold \u2013 Beige 350 cm"},"content":{"rendered":"<p>En unik dekoration f\u00f6r barnrummet. Den kompletterar vackert v\u00e5ra spj\u00e4ls\u00e4ngar och muslins\u00e4ngkl\u00e4der. Tillverkad av h\u00f6gkvalitativ bomullsmuslin och avslutad med en guldkant. Den perfekta presenten till en baby shower, f\u00f6delsedag eller n\u00e5got annat tillf\u00e4lle. <\/p>\n<p>Detaljer:<br \/>\n-Girland tillverkad av h\u00f6gkvalitativ bomullstyg med OEKO-TEX 100-certifiering<br \/>\n-Naturliga f\u00e4rger<br \/>\n-Subtil guldkant<br \/>\n-B\u00f6r anv\u00e4ndas under f\u00f6r\u00e4ldrars uppsikt. Inneh\u00e5ller sm\u00e5 delar. <\/p>\n<p>Tv\u00e4ttanvisningar:<br \/>\n-Handtv\u00e4tt<br \/>\n-Blek inte<br \/>\n-Torktumla inte <\/p>\n<p>Total l\u00e4ngd:<br \/>\n 350 cm<\/p>\n","protected":false},"excerpt":{"rendered":"<p>En unik dekoration f\u00f6r barnrummet. Den kompletterar vackert v\u00e5ra spj\u00e4ls\u00e4ngar och muslins\u00e4ngkl\u00e4der. Tillverkad av h\u00f6gkvalitativ bomullsmuslin och avslutad med en guldkant. Den perfekta presenten till en baby shower, f\u00f6delsedag eller n\u00e5got annat tillf\u00e4lle. Detaljer: -Girland tillverkad av h\u00f6gkvalitativ bomullstyg med OEKO-TEX 100-certifiering -Naturliga f\u00e4rger -Subtil guldkant -B\u00f6r anv\u00e4ndas under f\u00f6r\u00e4ldrars uppsikt. Inneh\u00e5ller sm\u00e5 delar. Tv\u00e4ttanvisningar: [&hellip;]<\/p>\n","protected":false},"featured_media":0,"comment_status":"open","ping_status":"closed","template":"","meta":[],"product_brand":[],"product_cat":[33],"product_tag":[],"class_list":{"0":"post-11553","1":"product","2":"type-product","3":"status-publish","5":"product_cat-okategoriserad","7":"first","8":"instock","9":"shipping-taxable","10":"purchasable","11":"product-type-simple"},"_links":{"self":[{"href":"https:\/\/nordicmart.andreevmaster.com\/sv\/wp-json\/wp\/v2\/product\/11553","targetHints":{"allow":["GET"]}}],"collection":[{"href":"https:\/\/nordicmart.andreevmaster.com\/sv\/wp-json\/wp\/v2\/product"}],"about":[{"href":"https:\/\/nordicmart.andreevmaster.com\/sv\/wp-json\/wp\/v2\/types\/product"}],"replies":[{"embeddable":true,"href":"https:\/\/nordicmart.andreevmaster.com\/sv\/wp-json\/wp\/v2\/comments?post=11553"}],"wp:attachment":[{"href":"https:\/\/nordicmart.andreevmaster.com\/sv\/wp-json\/wp\/v2\/media?parent=11553"}],"wp:term":[{"taxonomy":"product_brand","embeddable":true,"href":"https:\/\/nordicmart.andreevmaster.com\/sv\/wp-json\/wp\/v2\/product_brand?post=11553"},{"taxonomy":"product_cat","embeddable":true,"href":"https:\/\/nordicmart.andreevmaster.com\/sv\/wp-json\/wp\/v2\/product_cat?post=11553"},{"taxonomy":"product_tag","embeddable":true,"href":"https:\/\/nordicmart.andreevmaster.com\/sv\/wp-json\/wp\/v2\/product_tag?post=11553"}],"curies":[{"name":"wp","href":"https:\/\/api.w.org\/{rel}","templated":true}]}}