{"id":11551,"date":"2026-02-27T00:10:56","date_gmt":"2026-02-27T00:10:56","guid":{"rendered":"https:\/\/nordicmart.andreevmaster.com\/product\/songmics-hangmatta-med-stativ-hangmatta-av-metall-belastningskapacitet-upp-till-200-kg\/"},"modified":"2026-02-27T08:05:46","modified_gmt":"2026-02-27T08:05:46","slug":"songmics-hangmatta-med-stativ-hangmatta-av-metall-belastningskapacitet-upp-till-200-kg","status":"publish","type":"product","link":"https:\/\/nordicmart.andreevmaster.com\/sv\/produkt\/songmics-hangmatta-med-stativ-hangmatta-av-metall-belastningskapacitet-upp-till-200-kg\/","title":{"rendered":"SONGMICS h\u00e4ngmatta med stativ, h\u00e4ngmatta av metall, belastningskapacitet upp till 200 kg"},"content":{"rendered":"<p>H\u00e4ngmatta med stativ, h\u00e4ngmatta av metall, belastningskapacitet upp till 200 kg, med kudde, tr\u00e4dg\u00e5rd, svart stativ och gr\u00e5 h\u00e4ngmatta<br \/>\nProduktdetaljer:<br \/>\n&#8211; F\u00e4rg: Svart stativ, gr\u00e5 h\u00e4ngmatta<br \/>\n&#8211; Material: st\u00e5l, polyester<br \/>\n&#8211; Stativets storlek: 400 x 100 x 90 cm (L x B x H)<br \/>\n&#8211; Storlek h\u00e4ngmatta: 200 x 140 cm (L x B)<br \/>\n&#8211; Vikt: 16,6 kg<br \/>\n&#8211; Max. statisk belastningskapacitet: 200 kg<\/p>\n<p>Leveransomfattning:<br \/>\n&#8211; 1 x h\u00e4ngmatta med stativ<br \/>\n&#8211; 4 x f\u00e4stremmar<br \/>\n&#8211; 2 x krokar<br \/>\n&#8211; 2 x kedja<br \/>\n&#8211; 1 x bruksanvisning<\/p>\n<p>Anm\u00e4rkningar:<br \/>\n&#8211; Den maximala statiska belastningen f\u00f6r denna h\u00e4ngmatta \u00e4r 200 kg. \u00d6verskrid inte denna maximala vikt.<br \/>\n&#8211; Uts\u00e4tt inte h\u00e4ngmattan f\u00f6r regn eller fukt under l\u00e4ngre tid.<br \/>\n&#8211; Kontrollera alltid h\u00e4ngmattans stabilitet innan du l\u00e4gger dig i den.<\/p>\n","protected":false},"excerpt":{"rendered":"<p>H\u00e4ngmatta med stativ, h\u00e4ngmatta av metall, belastningskapacitet upp till 200 kg, med kudde, tr\u00e4dg\u00e5rd, svart stativ och gr\u00e5 h\u00e4ngmatta<\/p>\n","protected":false},"featured_media":39920,"comment_status":"open","ping_status":"closed","template":"","meta":[],"product_brand":[],"product_cat":[33],"product_tag":[],"class_list":{"0":"post-11551","1":"product","2":"type-product","3":"status-publish","4":"has-post-thumbnail","6":"product_cat-okategoriserad","8":"first","9":"instock","10":"shipping-taxable","11":"purchasable","12":"product-type-simple"},"_links":{"self":[{"href":"https:\/\/nordicmart.andreevmaster.com\/sv\/wp-json\/wp\/v2\/product\/11551","targetHints":{"allow":["GET"]}}],"collection":[{"href":"https:\/\/nordicmart.andreevmaster.com\/sv\/wp-json\/wp\/v2\/product"}],"about":[{"href":"https:\/\/nordicmart.andreevmaster.com\/sv\/wp-json\/wp\/v2\/types\/product"}],"replies":[{"embeddable":true,"href":"https:\/\/nordicmart.andreevmaster.com\/sv\/wp-json\/wp\/v2\/comments?post=11551"}],"wp:featuredmedia":[{"embeddable":true,"href":"https:\/\/nordicmart.andreevmaster.com\/sv\/wp-json\/wp\/v2\/media\/39920"}],"wp:attachment":[{"href":"https:\/\/nordicmart.andreevmaster.com\/sv\/wp-json\/wp\/v2\/media?parent=11551"}],"wp:term":[{"taxonomy":"product_brand","embeddable":true,"href":"https:\/\/nordicmart.andreevmaster.com\/sv\/wp-json\/wp\/v2\/product_brand?post=11551"},{"taxonomy":"product_cat","embeddable":true,"href":"https:\/\/nordicmart.andreevmaster.com\/sv\/wp-json\/wp\/v2\/product_cat?post=11551"},{"taxonomy":"product_tag","embeddable":true,"href":"https:\/\/nordicmart.andreevmaster.com\/sv\/wp-json\/wp\/v2\/product_tag?post=11551"}],"curies":[{"name":"wp","href":"https:\/\/api.w.org\/{rel}","templated":true}]}}